{"id":73719,"date":"2020-12-16T12:30:04","date_gmt":"2020-12-16T11:30:04","guid":{"rendered":"https:\/\/www.ditrag.es\/contacte"},"modified":"2025-03-19T12:57:33","modified_gmt":"2025-03-19T11:57:33","slug":"contacte","status":"publish","type":"page","link":"https:\/\/www.ditrag.es\/ca\/contacte","title":{"rendered":"Contacte"},"content":{"rendered":"<div class=\"wpb-content-wrapper\">[vc_row full_width=&#8221;stretch_row_content&#8221; type=&#8221;full_page_width&#8221; padding_top=&#8221;&#8221; padding_bottom=&#8221;&#8221; css=&#8221;.vc_custom_1595243511895{border-bottom-width: 1px !important;padding-top: 50px !important;padding-bottom: 100px !important;background-image: url(https:\/\/www.ditrag.es\/wp-content\/uploads\/2017\/12\/water_bach_river-1100&#215;600.jpg?id=71600) !important;background-position: center !important;background-repeat: no-repeat !important;background-size: cover !important;}&#8221;][vc_column width=&#8221;1\/2&#8243;][vc_custom_heading text=&#8221;Contacte&#8221; font_container=&#8221;tag:h1|font_size:32|text_align:center|color:%23ffffff&#8221; google_fonts=&#8221;font_family:Roboto%3A100%2C100italic%2C300%2C300italic%2Cregular%2Citalic%2C500%2C500italic%2C700%2C700italic%2C900%2C900italic|font_style:500%20bold%20italic%3A500%3Aitalic&#8221;][\/vc_column][vc_column width=&#8221;1\/2&#8243;][\/vc_column][\/vc_row][vc_row type=&#8221;container&#8221; padding_top=&#8221;&#8221; padding_bottom=&#8221;&#8221; css=&#8221;.vc_custom_1444677581041{padding-top: 30px !important;}&#8221;][vc_column width=&#8221;1\/6&#8243;][\/vc_column][vc_column width=&#8221;4\/6&#8243;][vc_column_text]\nNecessita trobar un sistema per a la depuraci\u00f3 o tractament de l&#8217;aigua? Podem ajudar-lo? Poseu-vos en contacte amb nosaltres i junts trobarem la soluci\u00f3 que millor s&#8217;ajusti a les seves necessitats.<br \/>\nTruqui&#8217;ns al +34 629 350 312 o b\u00e9 envieu-nos un correu a <a href=\"ditrag@ditrag.net\">ditrag@ditrag.net.<\/a><\/p>\n<p>Horari: Dilluns &#8211; Divendres 09: 00-19: 00.<br \/>\n[\/vc_column_text][\/vc_column][vc_column width=&#8221;1\/6&#8243;][\/vc_column][\/vc_row][vc_row type=&#8221;container&#8221; padding_top=&#8221;&#8221; padding_bottom=&#8221;&#8221;][vc_column][vc_separator color=&#8221;#eeeeee&#8221; type=&#8221;normal&#8221; thickness=&#8221;1&#8243; up=&#8221;&#8221; down=&#8221;&#8221; style=&#8221;&#8221; el_width=&#8221;&#8221;][\/vc_column][\/vc_row][vc_row type=&#8221;container&#8221; padding_top=&#8221;&#8221; padding_bottom=&#8221;&#8221; css=&#8221;.vc_custom_1445274356740{margin-bottom: 70px !important;}&#8221;][vc_column css=&#8221;.vc_custom_1445110591475{margin-bottom: 35px !important;padding-right: 25px !important;}&#8221;][vc_gmaps link=&#8221;#E-8_JTNDaWZyYW1lJTIwc3JjJTNEJTIyaHR0cHMlM0ElMkYlMkZ3d3cuZ29vZ2xlLmNvbSUyRm1hcHMlMkZlbWJlZCUzRnBiJTNEJTIxMW0xOCUyMTFtMTIlMjExbTMlMjExZDI5ODguMDkyMDUwMjc4NTMzJTIxMmQyLjMxNTYwMjExNTA4MjYxOCUyMTNkNDEuNTAyMjc5OTk2ODI4MTklMjEybTMlMjExZjAlMjEyZjAlMjEzZjAlMjEzbTIlMjExaTEwMjQlMjEyaTc2OCUyMTRmMTMuMSUyMTNtMyUyMTFtMiUyMTFzMHgxMmE0YjZiZWU4NGQwYjY3JTI1M0EweDE2YmU5YWVmYzdmMjdmYjklMjEyc0Rpc3NlbnklMkJFbiUyQlRyYWN0YW1lbnQlMkJEJTI2JTIzMzklM0JBaWclMjVDMyUyNUJDZXMlMjE1ZTAlMjEzbTIlMjExc2NhJTIxMnNlcyUyMTR2MTUwNDAyNDYzMTI3NSUyMiUyMHdpZHRoJTNEJTIyNjAwJTIyJTIwaGVpZ2h0JTNEJTIyNDUwJTIyJTIwZnJhbWVib3JkZXIlM0QlMjIwJTIyJTIwc3R5bGUlM0QlMjJib3JkZXIlM0EwJTIyJTIwYWxsb3dmdWxsc2NyZWVuJTNFJTNDJTJGaWZyYW1lJTNF&#8221; size=&#8221;355&#8243;][vc_row_inner css=&#8221;.vc_custom_1504025642883{margin-top: 10px !important;margin-right: 0px !important;margin-bottom: 10px !important;margin-left: 0px !important;}&#8221;][vc_column_inner css=&#8221;.vc_custom_1460561236859{padding-top: 0px !important;padding-right: 0px !important;padding-left: 0px !important;}&#8221;][vc_column_text css=&#8221;.vc_custom_1533112591321{margin-left: 10px !important;}&#8221;]\n<h4 style=\"text-align: left;\"><strong>Informaci\u00f3 de Contacte<\/strong><\/h4>\n<p>&nbsp;<\/p>\n<p style=\"text-align: left;\">DITRAG, S.L.<\/p>\n<p style=\"text-align: left;\">Can Bassols, 16-18 local 3<br \/>\n08329 Tei\u00e0<br \/>\nBarcelona, Espa\u00f1a<\/p>\n<p style=\"text-align: left;\">Tel <a href=\"tel:629 350 312\">93 629 350 312<\/a><\/p>\n<p style=\"text-align: left;\"><a class=\"no-selected\" title=\"Cont\u00e1ctanos por email\" href=\"mailto:ditrag@ditrag.net\" target=\"_blank\" rel=\"noopener noreferrer\"><em>ditrag@ditrag.net<\/em><\/a><\/p>\n[\/vc_column_text][\/vc_column_inner][\/vc_row_inner][\/vc_column][\/vc_row]\n<\/div>","protected":false},"excerpt":{"rendered":"<p>[vc_row full_width=&#8221;stretch_row_content&#8221; type=&#8221;full_page_width&#8221; padding_top=&#8221;&#8221; padding_bottom=&#8221;&#8221; css=&#8221;.vc_custom_1595243511895{border-bottom-width: 1px !important;padding-top: 50px !important;padding-bottom: 100px !important;background-image: url(https:\/\/www.ditrag.es\/wp-content\/uploads\/2017\/12\/water_bach_river-1100&#215;600.jpg?id=71600) !important;background-position: center !important;background-repeat: no-repeat !important;background-size: cover !important;}&#8221;][vc_column width=&#8221;1\/2&#8243;][vc_custom_heading text=&#8221;Contacte&#8221; font_container=&#8221;tag:h1|font_size:32|text_align:center|color:%23ffffff&#8221; google_fonts=&#8221;font_family:Roboto%3A100%2C100italic%2C300%2C300italic%2Cregular%2Citalic%2C500%2C500italic%2C700%2C700italic%2C900%2C900italic|font_style:500%20bold%20italic%3A500%3Aitalic&#8221;][\/vc_column][vc_column width=&#8221;1\/2&#8243;][\/vc_column][\/vc_row][vc_row type=&#8221;container&#8221; padding_top=&#8221;&#8221; padding_bottom=&#8221;&#8221; css=&#8221;.vc_custom_1444677581041{padding-top: 30px !important;}&#8221;][vc_column width=&#8221;1\/6&#8243;][\/vc_column][vc_column width=&#8221;4\/6&#8243;][vc_column_text] Necessita trobar un sistema per a la depuraci\u00f3 o tractament de l&#8217;aigua? Podem ajudar-lo? Poseu-vos en contacte amb nosaltres i junts trobarem [&hellip;]<\/p>\n","protected":false},"author":1,"featured_media":0,"parent":0,"menu_order":0,"comment_status":"closed","ping_status":"closed","template":"page-full-width.php","meta":{"_acf_changed":false,"footnotes":""},"class_list":["post-73719","page","type-page","status-publish","hentry"],"acf":[],"yoast_head":"<!-- This site is optimized with the Yoast SEO plugin v24.0 - https:\/\/yoast.com\/wordpress\/plugins\/seo\/ -->\n<title>DITRAG S.L. - Tractament i depuraci\u00f3 de l&#039;aigua<\/title>\n<meta name=\"description\" content=\"Disseny, fabricaci\u00f3, muntatge i manteniment d&#039;equips i instal\u00b7lacions de tractament i depuraci\u00f3 d&#039;aig\u00fces industrials i dom\u00e8stiques. Estem a Tei\u00e0, El Maresme.\" \/>\n<meta name=\"robots\" content=\"index, follow, max-snippet:-1, max-image-preview:large, max-video-preview:-1\" \/>\n<link rel=\"canonical\" href=\"https:\/\/www.ditrag.es\/ca\/contacte\" \/>\n<meta property=\"og:locale\" content=\"ca_ES\" \/>\n<meta property=\"og:type\" content=\"article\" \/>\n<meta property=\"og:title\" content=\"DITRAG S.L. - Tractament i depuraci\u00f3 de l&#039;aigua\" \/>\n<meta property=\"og:description\" content=\"Disseny, fabricaci\u00f3, muntatge i manteniment d&#039;equips i instal\u00b7lacions de tractament i depuraci\u00f3 d&#039;aig\u00fces industrials i dom\u00e8stiques. Estem a Tei\u00e0, El Maresme.\" \/>\n<meta property=\"og:url\" content=\"https:\/\/www.ditrag.es\/ca\/contacte\" \/>\n<meta property=\"og:site_name\" content=\"Ditrag\" \/>\n<meta property=\"article:modified_time\" content=\"2025-03-19T11:57:33+00:00\" \/>\n<meta property=\"og:image\" content=\"https:\/\/www.ditrag.es\/wp-content\/uploads\/2018\/07\/logo-ditrag-social.jpg\" \/>\n\t<meta property=\"og:image:width\" content=\"1200\" \/>\n\t<meta property=\"og:image:height\" content=\"1200\" \/>\n\t<meta property=\"og:image:type\" content=\"image\/jpeg\" \/>\n<meta name=\"twitter:card\" content=\"summary_large_image\" \/>\n<meta name=\"twitter:label1\" content=\"Temps estimat de lectura\" \/>\n\t<meta name=\"twitter:data1\" content=\"2 minuts\" \/>\n<script type=\"application\/ld+json\" class=\"yoast-schema-graph\">{\"@context\":\"https:\/\/schema.org\",\"@graph\":[{\"@type\":\"WebPage\",\"@id\":\"https:\/\/www.ditrag.es\/ca\/contacte\",\"url\":\"https:\/\/www.ditrag.es\/ca\/contacte\",\"name\":\"DITRAG S.L. - Tractament i depuraci\u00f3 de l'aigua\",\"isPartOf\":{\"@id\":\"https:\/\/www.ditrag.es\/ca#website\"},\"datePublished\":\"2020-12-16T11:30:04+00:00\",\"dateModified\":\"2025-03-19T11:57:33+00:00\",\"description\":\"Disseny, fabricaci\u00f3, muntatge i manteniment d'equips i instal\u00b7lacions de tractament i depuraci\u00f3 d'aig\u00fces industrials i dom\u00e8stiques. Estem a Tei\u00e0, El Maresme.\",\"inLanguage\":\"ca\",\"potentialAction\":[{\"@type\":\"ReadAction\",\"target\":[\"https:\/\/www.ditrag.es\/ca\/contacte\"]}]},{\"@type\":\"WebSite\",\"@id\":\"https:\/\/www.ditrag.es\/ca#website\",\"url\":\"https:\/\/www.ditrag.es\/ca\",\"name\":\"Ditrag\",\"description\":\"Depuraci\u00f3n y tratamiento del agua\",\"publisher\":{\"@id\":\"https:\/\/www.ditrag.es\/ca#organization\"},\"potentialAction\":[{\"@type\":\"SearchAction\",\"target\":{\"@type\":\"EntryPoint\",\"urlTemplate\":\"https:\/\/www.ditrag.es\/ca?s={search_term_string}\"},\"query-input\":{\"@type\":\"PropertyValueSpecification\",\"valueRequired\":true,\"valueName\":\"search_term_string\"}}],\"inLanguage\":\"ca\"},{\"@type\":\"Organization\",\"@id\":\"https:\/\/www.ditrag.es\/ca#organization\",\"name\":\"Ditrag\",\"url\":\"https:\/\/www.ditrag.es\/ca\",\"logo\":{\"@type\":\"ImageObject\",\"inLanguage\":\"ca\",\"@id\":\"https:\/\/www.ditrag.es\/ca#\/schema\/logo\/image\/\",\"url\":\"https:\/\/www.ditrag.es\/wp-content\/uploads\/2018\/07\/logo-ditrag-social.jpg\",\"contentUrl\":\"https:\/\/www.ditrag.es\/wp-content\/uploads\/2018\/07\/logo-ditrag-social.jpg\",\"width\":1200,\"height\":1200,\"caption\":\"Ditrag\"},\"image\":{\"@id\":\"https:\/\/www.ditrag.es\/ca#\/schema\/logo\/image\/\"}}]}<\/script>\n<!-- \/ Yoast SEO plugin. -->","yoast_head_json":{"title":"DITRAG S.L. - Tractament i depuraci\u00f3 de l'aigua","description":"Disseny, fabricaci\u00f3, muntatge i manteniment d'equips i instal\u00b7lacions de tractament i depuraci\u00f3 d'aig\u00fces industrials i dom\u00e8stiques. Estem a Tei\u00e0, El Maresme.","robots":{"index":"index","follow":"follow","max-snippet":"max-snippet:-1","max-image-preview":"max-image-preview:large","max-video-preview":"max-video-preview:-1"},"canonical":"https:\/\/www.ditrag.es\/ca\/contacte","og_locale":"ca_ES","og_type":"article","og_title":"DITRAG S.L. - Tractament i depuraci\u00f3 de l'aigua","og_description":"Disseny, fabricaci\u00f3, muntatge i manteniment d'equips i instal\u00b7lacions de tractament i depuraci\u00f3 d'aig\u00fces industrials i dom\u00e8stiques. Estem a Tei\u00e0, El Maresme.","og_url":"https:\/\/www.ditrag.es\/ca\/contacte","og_site_name":"Ditrag","article_modified_time":"2025-03-19T11:57:33+00:00","og_image":[{"width":1200,"height":1200,"url":"https:\/\/www.ditrag.es\/wp-content\/uploads\/2018\/07\/logo-ditrag-social.jpg","type":"image\/jpeg"}],"twitter_card":"summary_large_image","twitter_misc":{"Temps estimat de lectura":"2 minuts"},"schema":{"@context":"https:\/\/schema.org","@graph":[{"@type":"WebPage","@id":"https:\/\/www.ditrag.es\/ca\/contacte","url":"https:\/\/www.ditrag.es\/ca\/contacte","name":"DITRAG S.L. - Tractament i depuraci\u00f3 de l'aigua","isPartOf":{"@id":"https:\/\/www.ditrag.es\/ca#website"},"datePublished":"2020-12-16T11:30:04+00:00","dateModified":"2025-03-19T11:57:33+00:00","description":"Disseny, fabricaci\u00f3, muntatge i manteniment d'equips i instal\u00b7lacions de tractament i depuraci\u00f3 d'aig\u00fces industrials i dom\u00e8stiques. Estem a Tei\u00e0, El Maresme.","inLanguage":"ca","potentialAction":[{"@type":"ReadAction","target":["https:\/\/www.ditrag.es\/ca\/contacte"]}]},{"@type":"WebSite","@id":"https:\/\/www.ditrag.es\/ca#website","url":"https:\/\/www.ditrag.es\/ca","name":"Ditrag","description":"Depuraci\u00f3n y tratamiento del agua","publisher":{"@id":"https:\/\/www.ditrag.es\/ca#organization"},"potentialAction":[{"@type":"SearchAction","target":{"@type":"EntryPoint","urlTemplate":"https:\/\/www.ditrag.es\/ca?s={search_term_string}"},"query-input":{"@type":"PropertyValueSpecification","valueRequired":true,"valueName":"search_term_string"}}],"inLanguage":"ca"},{"@type":"Organization","@id":"https:\/\/www.ditrag.es\/ca#organization","name":"Ditrag","url":"https:\/\/www.ditrag.es\/ca","logo":{"@type":"ImageObject","inLanguage":"ca","@id":"https:\/\/www.ditrag.es\/ca#\/schema\/logo\/image\/","url":"https:\/\/www.ditrag.es\/wp-content\/uploads\/2018\/07\/logo-ditrag-social.jpg","contentUrl":"https:\/\/www.ditrag.es\/wp-content\/uploads\/2018\/07\/logo-ditrag-social.jpg","width":1200,"height":1200,"caption":"Ditrag"},"image":{"@id":"https:\/\/www.ditrag.es\/ca#\/schema\/logo\/image\/"}}]}},"_links":{"self":[{"href":"https:\/\/www.ditrag.es\/ca\/wp-json\/wp\/v2\/pages\/73719","targetHints":{"allow":["GET"]}}],"collection":[{"href":"https:\/\/www.ditrag.es\/ca\/wp-json\/wp\/v2\/pages"}],"about":[{"href":"https:\/\/www.ditrag.es\/ca\/wp-json\/wp\/v2\/types\/page"}],"author":[{"embeddable":true,"href":"https:\/\/www.ditrag.es\/ca\/wp-json\/wp\/v2\/users\/1"}],"replies":[{"embeddable":true,"href":"https:\/\/www.ditrag.es\/ca\/wp-json\/wp\/v2\/comments?post=73719"}],"version-history":[{"count":15,"href":"https:\/\/www.ditrag.es\/ca\/wp-json\/wp\/v2\/pages\/73719\/revisions"}],"predecessor-version":[{"id":74303,"href":"https:\/\/www.ditrag.es\/ca\/wp-json\/wp\/v2\/pages\/73719\/revisions\/74303"}],"wp:attachment":[{"href":"https:\/\/www.ditrag.es\/ca\/wp-json\/wp\/v2\/media?parent=73719"}],"curies":[{"name":"wp","href":"https:\/\/api.w.org\/{rel}","templated":true}]}}