{"id":73728,"date":"2020-12-16T18:22:16","date_gmt":"2020-12-16T17:22:16","guid":{"rendered":"https:\/\/www.ditrag.es\/domestic"},"modified":"2020-12-28T13:40:22","modified_gmt":"2020-12-28T12:40:22","slug":"domestic","status":"publish","type":"page","link":"https:\/\/www.ditrag.es\/ca\/domestic","title":{"rendered":"Dom\u00e8stic"},"content":{"rendered":"<div class=\"wpb-content-wrapper\">[vc_row type=&#8221;full_page_width&#8221; padding_top=&#8221;&#8221; padding_bottom=&#8221;&#8221; css=&#8221;.vc_custom_1598516790133{border-bottom-width: 1px !important;padding-top: 50px !important;padding-bottom: 100px !important;background-image: url(https:\/\/www.ditrag.es\/wp-content\/uploads\/2020\/08\/llimona.png?id=73425) !important;background-position: center !important;background-repeat: no-repeat !important;background-size: cover !important;border-bottom-style: solid !important;}&#8221;][vc_column width=&#8221;1\/2&#8243;][vc_empty_space height=&#8221;32&#8243;][vc_custom_heading text=&#8221;SOLUCIONS DOM\u00c8STIQUES&#8221; font_container=&#8221;tag:h1|font_size:30|text_align:center|color:%23000000|line_height:20px&#8221; google_fonts=&#8221;font_family:Roboto%3A100%2C100italic%2C300%2C300italic%2Cregular%2Citalic%2C500%2C500italic%2C700%2C700italic%2C900%2C900italic|font_style:700%20bold%20italic%3A700%3Aitalic&#8221; link=&#8221;|||&#8221;][\/vc_column][vc_column width=&#8221;1\/2&#8243;][\/vc_column][\/vc_row][vc_row type=&#8221;full_page_width_inner_container&#8221; padding_top=&#8221;&#8221; padding_bottom=&#8221;&#8221; css=&#8221;.vc_custom_1512844219463{margin-bottom: 0px !important;padding-top: 30px !important;background-color: #f5f5f5 !important;}&#8221; el_class=&#8221;overflow-visible&#8221;][vc_column][vc_custom_heading text=&#8221;Aconsegueix aigua de qualitat per al consum diari. Gesti\u00f3 sostenible de les aig\u00fces residuals per protegir el medi ambient.&#8221; font_container=&#8221;tag:p|font_size:32|text_align:center|color:%231e1e1e|line_height:40px&#8221; google_fonts=&#8221;font_family:Roboto%3A100%2C100italic%2C300%2C300italic%2Cregular%2Citalic%2C500%2C500italic%2C700%2C700italic%2C900%2C900italic|font_style:300%20light%20regular%3A300%3Anormal&#8221; css_animation=&#8221;fadeInDown&#8221; css=&#8221;.vc_custom_1598518071681{margin-bottom: 5px !important;padding-top: 20px !important;padding-right: 50px !important;padding-left: 50px !important;}&#8221;][vc_raw_html]PGRpdiBjbGFzcz0iZG93bl9hcnJvdyIgc3R5bGU9InRvcDogLTc1cHg7Ij48aSBjbGFzcz0iaW9uLWlvcy1hcnJvdy1kb3duIj48L2k+PC9kaXY+[\/vc_raw_html][vc_row_inner css=&#8221;.vc_custom_1512846143640{margin-bottom: -20px !important;}&#8221;][vc_column_inner width=&#8221;1\/2&#8243;][vc_custom_heading text=&#8221;Descalcificaci\u00f3&#8221; font_container=&#8221;tag:h2|font_size:32|text_align:center|color:%231592c6&#8243; google_fonts=&#8221;font_family:Roboto%3A100%2C100italic%2C300%2C300italic%2Cregular%2Citalic%2C500%2C500italic%2C700%2C700italic%2C900%2C900italic|font_style:400%20regular%3A400%3Anormal&#8221; css_animation=&#8221;fadeInLeft&#8221;][vc_empty_space height=&#8221;20px&#8221;][vc_column_text css_animation=&#8221;fadeInLeft&#8221;]\n<p>Les aig\u00fces dures, amb exc\u00e9s de calci i magnesi, poden arribar a generar problemes a les nostres llars, perjudicant la nostra salut i les nostres instal\u00b7lacions. Els electrodom\u00e8stics i instal\u00b7lacions d&#8217;aigua calenta es deterioren amb celeritat i poden produir avaries greus de costosa o impossible reparaci\u00f3.<\/p>\n[\/vc_column_text][vc_empty_space height=&#8221;20px&#8221;][vc_btn title=&#8221;Veure solucions&#8221; style=&#8221;outline-custom&#8221; outline_custom_color=&#8221;#1592c6&#8243; outline_custom_hover_background=&#8221;#1592c6&#8243; outline_custom_hover_text=&#8221;#ffffff&#8221; align=&#8221;center&#8221; css_animation=&#8221;fadeInLeft&#8221; link=&#8221;url:https%3A%2F%2Fwww.ditrag.es%2Fdomestic%2Fdescalcificacio|title:Descalcificaci%C3%B3|target:%20_blank|&#8221; css=&#8221;.vc_custom_1598610586084{margin-top: -40px !important;border-top-width: -20px !important;}&#8221;][\/vc_column_inner][vc_column_inner width=&#8221;1\/2&#8243;][vc_single_image image=&#8221;73628&#8243; img_size=&#8221;medium&#8221; alignment=&#8221;center&#8221; css_animation=&#8221;fadeInRight&#8221;][\/vc_column_inner][\/vc_row_inner][vc_empty_space height=&#8221;19&#8243;][vc_row_inner content_placement=&#8221;middle&#8221; css=&#8221;.vc_custom_1512845814008{padding-top: -30px !important;border-radius: 2px !important;}&#8221;][vc_column_inner width=&#8221;1\/2&#8243; css=&#8221;.vc_custom_1598633665094{padding-top: -30px !important;}&#8221;][vc_custom_heading text=&#8221;Osmosi dom\u00e8stica&#8221; font_container=&#8221;tag:h2|font_size:32|text_align:center|color:%231592c6&#8243; google_fonts=&#8221;font_family:Roboto%3A100%2C100italic%2C300%2C300italic%2Cregular%2Citalic%2C500%2C500italic%2C700%2C700italic%2C900%2C900italic|font_style:400%20regular%3A400%3Anormal&#8221; css_animation=&#8221;fadeInLeft&#8221;][vc_empty_space][vc_column_text css_animation=&#8221;fadeInLeft&#8221;]\n<p>Coneix la tecnologia m\u00e9s avan\u00e7ada, efica\u00e7 i fiable per a la purificaci\u00f3 de l&#8217;aigua. Aconsegueix aigua excel\u00b7lent per al consum, tant pel seu sabor com per la seva puresa . Elimina tots els components nocius que poguessin estar presents en l&#8217;aigua que rebem de la xarxa.<\/p>\n[\/vc_column_text][vc_empty_space height=&#8221;20px&#8221;][vc_btn title=&#8221;Veure solucions&#8221; style=&#8221;outline-custom&#8221; outline_custom_color=&#8221;#1592c6&#8243; outline_custom_hover_background=&#8221;#1592c6&#8243; outline_custom_hover_text=&#8221;#ffffff&#8221; align=&#8221;center&#8221; css_animation=&#8221;fadeInLeft&#8221; link=&#8221;url:https%3A%2F%2Fwww.ditrag.es%2Fdomestic%2Fosmosi-domestica|title:Osmosi%20dom%C3%A8stica|target:%20_blank|&#8221; css=&#8221;.vc_custom_1598610622358{margin-top: -40px !important;border-top-width: -20px !important;}&#8221;][\/vc_column_inner][vc_column_inner width=&#8221;1\/2&#8243;][vc_single_image image=&#8221;73289&#8243; img_size=&#8221;medium&#8221; alignment=&#8221;center&#8221; css_animation=&#8221;fadeInRight&#8221;][\/vc_column_inner][\/vc_row_inner][vc_empty_space height=&#8221;19&#8243;][vc_row_inner][vc_column_inner width=&#8221;1\/2&#8243;][vc_empty_space][vc_custom_heading text=&#8221;Aig\u00fces residuals dom\u00e8stiques&#8221; font_container=&#8221;tag:h2|font_size:32|text_align:center|color:%231592c6&#8243; google_fonts=&#8221;font_family:Roboto%3A100%2C100italic%2C300%2C300italic%2Cregular%2Citalic%2C500%2C500italic%2C700%2C700italic%2C900%2C900italic|font_style:400%20regular%3A400%3Anormal&#8221; css_animation=&#8221;fadeInLeft&#8221;][vc_empty_space][vc_column_text css_animation=&#8221;fadeInLeft&#8221;]\n<p>Les cases i establiments que no tenen connexi\u00f3 a la xarxa de clavegueram han d&#8217;instal\u00b7lar un sistema de depuraci\u00f3 aut\u00f2nom per tractar les seves aig\u00fces residuals. Depurar les aig\u00fces residuals que generem abans de ser abocades al medi ambient \u00e9s necessari per tal d&#8217;eliminar els elements contaminants\u00a0 que porten.<\/p>\n[\/vc_column_text][vc_btn title=&#8221;Veure solucions&#8221; style=&#8221;outline-custom&#8221; outline_custom_color=&#8221;#1592c6&#8243; outline_custom_hover_background=&#8221;#1592c6&#8243; outline_custom_hover_text=&#8221;#ffffff&#8221; align=&#8221;center&#8221; css_animation=&#8221;fadeInLeft&#8221; link=&#8221;url:https%3A%2F%2Fwww.ditrag.es%2Fdomestico%2Faguas-residuales-domesticas|title:Aig%C3%BCes%20residuals%20dom%C3%A8stiques|target:%20_blank|&#8221;][\/vc_column_inner][vc_column_inner width=&#8221;1\/2&#8243;][vc_single_image image=&#8221;72384&#8243; img_size=&#8221;medium&#8221;][\/vc_column_inner][\/vc_row_inner][vc_empty_space height=&#8221;19&#8243;][vc_row_inner content_placement=&#8221;top&#8221;][vc_column_inner width=&#8221;1\/2&#8243; css=&#8221;.vc_custom_1510050456830{margin-right: 10px !important;margin-left: 10px !important;}&#8221;][vc_custom_heading text=&#8221;Recuperaci\u00f3 d&#8217;aig\u00fces pluvials&#8221; font_container=&#8221;tag:h2|font_size:32|text_align:center|color:%231592c6&#8243; google_fonts=&#8221;font_family:Roboto%3A100%2C100italic%2C300%2C300italic%2Cregular%2Citalic%2C500%2C500italic%2C700%2C700italic%2C900%2C900italic|font_style:400%20regular%3A400%3Anormal&#8221; css_animation=&#8221;fadeInLeft&#8221;][vc_empty_space height=&#8221;50px&#8221;][vc_column_text css_animation=&#8221;fadeInLeft&#8221; css=&#8221;.vc_custom_1598521601749{margin-top: -40px !important;border-top-width: -20px !important;}&#8221;]\n<p>L&#8217;aigua de pluja \u00e9s molt \u00fatil si volem economitzar en consums, la podem fer servir en operacions que no requereixen d&#8217;una qualitat d&#8217;aigua potable. Per exemple en reg de jardins, neteja de s\u00f2ls, rentat de vehicles o emplenat d&#8217;estanys. Reutilitzar l&#8217;aigua de pluja ens permet estalviar en el consum de l&#8217;aigua de xarxa.<\/p>\n[\/vc_column_text][vc_btn title=&#8221;Veure solucions&#8221; style=&#8221;outline-custom&#8221; outline_custom_color=&#8221;#1592c6&#8243; outline_custom_hover_background=&#8221;#1592c6&#8243; outline_custom_hover_text=&#8221;#ffffff&#8221; align=&#8221;center&#8221; css_animation=&#8221;fadeInLeft&#8221; link=&#8221;url:https%3A%2F%2Fwww.ditrag.es%2Fdomestico%2Frecuperacion-de-aguas-pluviales|title:Recuperaci%C3%B3%20d%27aig%C3%BCes%20pluvials|target:%20_blank|&#8221;][\/vc_column_inner][vc_column_inner width=&#8221;1\/2&#8243;][vc_single_image image=&#8221;70908&#8243; img_size=&#8221;medium&#8221; alignment=&#8221;center&#8221; css_animation=&#8221;fadeInRight&#8221;][\/vc_column_inner][\/vc_row_inner][vc_empty_space height=&#8221;19&#8243;][\/vc_column][\/vc_row][vc_row equal_height=&#8221;yes&#8221; css_animation=&#8221;fadeInRight&#8221; type=&#8221;container&#8221; padding_top=&#8221;&#8221; padding_bottom=&#8221;&#8221;][vc_column width=&#8221;1\/2&#8243;][\/vc_column][vc_column width=&#8221;1\/2&#8243;][\/vc_column][\/vc_row][vc_row type=&#8221;container&#8221; padding_top=&#8221;&#8221; padding_bottom=&#8221;&#8221;][vc_column][\/vc_column][\/vc_row][vc_row type=&#8221;container&#8221; padding_top=&#8221;&#8221; padding_bottom=&#8221;&#8221;][vc_column][\/vc_column][\/vc_row]\n<\/div>","protected":false},"excerpt":{"rendered":"<p>[vc_row type=&#8221;full_page_width&#8221; padding_top=&#8221;&#8221; padding_bottom=&#8221;&#8221; css=&#8221;.vc_custom_1598516790133{border-bottom-width: 1px !important;padding-top: 50px !important;padding-bottom: 100px !important;background-image: url(https:\/\/www.ditrag.es\/wp-content\/uploads\/2020\/08\/llimona.png?id=73425) !important;background-position: center !important;background-repeat: no-repeat !important;background-size: cover !important;border-bottom-style: solid !important;}&#8221;][vc_column width=&#8221;1\/2&#8243;][vc_empty_space height=&#8221;32&#8243;][vc_custom_heading text=&#8221;SOLUCIONS DOM\u00c8STIQUES&#8221; font_container=&#8221;tag:h1|font_size:30|text_align:center|color:%23000000|line_height:20px&#8221; google_fonts=&#8221;font_family:Roboto%3A100%2C100italic%2C300%2C300italic%2Cregular%2Citalic%2C500%2C500italic%2C700%2C700italic%2C900%2C900italic|font_style:700%20bold%20italic%3A700%3Aitalic&#8221; link=&#8221;|||&#8221;][\/vc_column][vc_column width=&#8221;1\/2&#8243;][\/vc_column][\/vc_row][vc_row type=&#8221;full_page_width_inner_container&#8221; padding_top=&#8221;&#8221; padding_bottom=&#8221;&#8221; css=&#8221;.vc_custom_1512844219463{margin-bottom: 0px !important;padding-top: 30px !important;background-color: #f5f5f5 !important;}&#8221; el_class=&#8221;overflow-visible&#8221;][vc_column][vc_custom_heading text=&#8221;Aconsegueix aigua de qualitat per al consum diari. Gesti\u00f3 sostenible de les aig\u00fces residuals per [&hellip;]<\/p>\n","protected":false},"author":3,"featured_media":0,"parent":0,"menu_order":0,"comment_status":"closed","ping_status":"closed","template":"page-full-width.php","meta":{"_acf_changed":false,"footnotes":""},"class_list":["post-73728","page","type-page","status-publish","hentry"],"acf":[],"yoast_head":"<!-- This site is optimized with the Yoast SEO plugin v24.0 - https:\/\/yoast.com\/wordpress\/plugins\/seo\/ -->\n<title>Aconsegueix aigua de qualitat per a la teva llar. Descalcificadors. Equips d&#039;osmosi<\/title>\n<meta name=\"description\" content=\"Millora la qualitat de l&#039;aigua que consumeixes. Descalcificadors per eliminar la cal\u00e7 de l&#039;aigua. Equips d&#039;osmosi per aconseguir aigua purificada.\" \/>\n<meta name=\"robots\" content=\"index, follow, max-snippet:-1, max-image-preview:large, max-video-preview:-1\" \/>\n<link rel=\"canonical\" href=\"https:\/\/www.ditrag.es\/ca\/domestic\" \/>\n<meta property=\"og:locale\" content=\"ca_ES\" \/>\n<meta property=\"og:type\" content=\"article\" \/>\n<meta property=\"og:title\" content=\"Aconsegueix aigua de qualitat per a la teva llar. Descalcificadors. Equips d&#039;osmosi\" \/>\n<meta property=\"og:description\" content=\"Millora la qualitat de l&#039;aigua que consumeixes. Descalcificadors per eliminar la cal\u00e7 de l&#039;aigua. Equips d&#039;osmosi per aconseguir aigua purificada.\" \/>\n<meta property=\"og:url\" content=\"https:\/\/www.ditrag.es\/ca\/domestic\" \/>\n<meta property=\"og:site_name\" content=\"Ditrag\" \/>\n<meta property=\"article:modified_time\" content=\"2020-12-28T12:40:22+00:00\" \/>\n<meta property=\"og:image\" content=\"https:\/\/www.ditrag.es\/wp-content\/uploads\/2018\/07\/logo-ditrag-social.jpg\" \/>\n\t<meta property=\"og:image:width\" content=\"1200\" \/>\n\t<meta property=\"og:image:height\" content=\"1200\" \/>\n\t<meta property=\"og:image:type\" content=\"image\/jpeg\" \/>\n<meta name=\"twitter:card\" content=\"summary_large_image\" \/>\n<meta name=\"twitter:label1\" content=\"Temps estimat de lectura\" \/>\n\t<meta name=\"twitter:data1\" content=\"6 minuts\" \/>\n<script type=\"application\/ld+json\" class=\"yoast-schema-graph\">{\"@context\":\"https:\/\/schema.org\",\"@graph\":[{\"@type\":\"WebPage\",\"@id\":\"https:\/\/www.ditrag.es\/ca\/domestic\",\"url\":\"https:\/\/www.ditrag.es\/ca\/domestic\",\"name\":\"Aconsegueix aigua de qualitat per a la teva llar. Descalcificadors. Equips d'osmosi\",\"isPartOf\":{\"@id\":\"https:\/\/www.ditrag.es\/ca#website\"},\"datePublished\":\"2020-12-16T17:22:16+00:00\",\"dateModified\":\"2020-12-28T12:40:22+00:00\",\"description\":\"Millora la qualitat de l'aigua que consumeixes. Descalcificadors per eliminar la cal\u00e7 de l'aigua. Equips d'osmosi per aconseguir aigua purificada.\",\"inLanguage\":\"ca\",\"potentialAction\":[{\"@type\":\"ReadAction\",\"target\":[\"https:\/\/www.ditrag.es\/ca\/domestic\"]}]},{\"@type\":\"WebSite\",\"@id\":\"https:\/\/www.ditrag.es\/ca#website\",\"url\":\"https:\/\/www.ditrag.es\/ca\",\"name\":\"Ditrag\",\"description\":\"Depuraci\u00f3n y tratamiento del agua\",\"publisher\":{\"@id\":\"https:\/\/www.ditrag.es\/ca#organization\"},\"potentialAction\":[{\"@type\":\"SearchAction\",\"target\":{\"@type\":\"EntryPoint\",\"urlTemplate\":\"https:\/\/www.ditrag.es\/ca?s={search_term_string}\"},\"query-input\":{\"@type\":\"PropertyValueSpecification\",\"valueRequired\":true,\"valueName\":\"search_term_string\"}}],\"inLanguage\":\"ca\"},{\"@type\":\"Organization\",\"@id\":\"https:\/\/www.ditrag.es\/ca#organization\",\"name\":\"Ditrag\",\"url\":\"https:\/\/www.ditrag.es\/ca\",\"logo\":{\"@type\":\"ImageObject\",\"inLanguage\":\"ca\",\"@id\":\"https:\/\/www.ditrag.es\/ca#\/schema\/logo\/image\/\",\"url\":\"https:\/\/www.ditrag.es\/wp-content\/uploads\/2018\/07\/logo-ditrag-social.jpg\",\"contentUrl\":\"https:\/\/www.ditrag.es\/wp-content\/uploads\/2018\/07\/logo-ditrag-social.jpg\",\"width\":1200,\"height\":1200,\"caption\":\"Ditrag\"},\"image\":{\"@id\":\"https:\/\/www.ditrag.es\/ca#\/schema\/logo\/image\/\"}}]}<\/script>\n<!-- \/ Yoast SEO plugin. -->","yoast_head_json":{"title":"Aconsegueix aigua de qualitat per a la teva llar. Descalcificadors. Equips d'osmosi","description":"Millora la qualitat de l'aigua que consumeixes. Descalcificadors per eliminar la cal\u00e7 de l'aigua. Equips d'osmosi per aconseguir aigua purificada.","robots":{"index":"index","follow":"follow","max-snippet":"max-snippet:-1","max-image-preview":"max-image-preview:large","max-video-preview":"max-video-preview:-1"},"canonical":"https:\/\/www.ditrag.es\/ca\/domestic","og_locale":"ca_ES","og_type":"article","og_title":"Aconsegueix aigua de qualitat per a la teva llar. Descalcificadors. Equips d'osmosi","og_description":"Millora la qualitat de l'aigua que consumeixes. Descalcificadors per eliminar la cal\u00e7 de l'aigua. Equips d'osmosi per aconseguir aigua purificada.","og_url":"https:\/\/www.ditrag.es\/ca\/domestic","og_site_name":"Ditrag","article_modified_time":"2020-12-28T12:40:22+00:00","og_image":[{"width":1200,"height":1200,"url":"https:\/\/www.ditrag.es\/wp-content\/uploads\/2018\/07\/logo-ditrag-social.jpg","type":"image\/jpeg"}],"twitter_card":"summary_large_image","twitter_misc":{"Temps estimat de lectura":"6 minuts"},"schema":{"@context":"https:\/\/schema.org","@graph":[{"@type":"WebPage","@id":"https:\/\/www.ditrag.es\/ca\/domestic","url":"https:\/\/www.ditrag.es\/ca\/domestic","name":"Aconsegueix aigua de qualitat per a la teva llar. Descalcificadors. Equips d'osmosi","isPartOf":{"@id":"https:\/\/www.ditrag.es\/ca#website"},"datePublished":"2020-12-16T17:22:16+00:00","dateModified":"2020-12-28T12:40:22+00:00","description":"Millora la qualitat de l'aigua que consumeixes. Descalcificadors per eliminar la cal\u00e7 de l'aigua. Equips d'osmosi per aconseguir aigua purificada.","inLanguage":"ca","potentialAction":[{"@type":"ReadAction","target":["https:\/\/www.ditrag.es\/ca\/domestic"]}]},{"@type":"WebSite","@id":"https:\/\/www.ditrag.es\/ca#website","url":"https:\/\/www.ditrag.es\/ca","name":"Ditrag","description":"Depuraci\u00f3n y tratamiento del agua","publisher":{"@id":"https:\/\/www.ditrag.es\/ca#organization"},"potentialAction":[{"@type":"SearchAction","target":{"@type":"EntryPoint","urlTemplate":"https:\/\/www.ditrag.es\/ca?s={search_term_string}"},"query-input":{"@type":"PropertyValueSpecification","valueRequired":true,"valueName":"search_term_string"}}],"inLanguage":"ca"},{"@type":"Organization","@id":"https:\/\/www.ditrag.es\/ca#organization","name":"Ditrag","url":"https:\/\/www.ditrag.es\/ca","logo":{"@type":"ImageObject","inLanguage":"ca","@id":"https:\/\/www.ditrag.es\/ca#\/schema\/logo\/image\/","url":"https:\/\/www.ditrag.es\/wp-content\/uploads\/2018\/07\/logo-ditrag-social.jpg","contentUrl":"https:\/\/www.ditrag.es\/wp-content\/uploads\/2018\/07\/logo-ditrag-social.jpg","width":1200,"height":1200,"caption":"Ditrag"},"image":{"@id":"https:\/\/www.ditrag.es\/ca#\/schema\/logo\/image\/"}}]}},"_links":{"self":[{"href":"https:\/\/www.ditrag.es\/ca\/wp-json\/wp\/v2\/pages\/73728","targetHints":{"allow":["GET"]}}],"collection":[{"href":"https:\/\/www.ditrag.es\/ca\/wp-json\/wp\/v2\/pages"}],"about":[{"href":"https:\/\/www.ditrag.es\/ca\/wp-json\/wp\/v2\/types\/page"}],"author":[{"embeddable":true,"href":"https:\/\/www.ditrag.es\/ca\/wp-json\/wp\/v2\/users\/3"}],"replies":[{"embeddable":true,"href":"https:\/\/www.ditrag.es\/ca\/wp-json\/wp\/v2\/comments?post=73728"}],"version-history":[{"count":6,"href":"https:\/\/www.ditrag.es\/ca\/wp-json\/wp\/v2\/pages\/73728\/revisions"}],"predecessor-version":[{"id":73924,"href":"https:\/\/www.ditrag.es\/ca\/wp-json\/wp\/v2\/pages\/73728\/revisions\/73924"}],"wp:attachment":[{"href":"https:\/\/www.ditrag.es\/ca\/wp-json\/wp\/v2\/media?parent=73728"}],"curies":[{"name":"wp","href":"https:\/\/api.w.org\/{rel}","templated":true}]}}