{"id":73734,"date":"2020-12-17T18:48:15","date_gmt":"2020-12-17T17:48:15","guid":{"rendered":"https:\/\/www.ditrag.es\/qui-som"},"modified":"2020-12-17T18:48:15","modified_gmt":"2020-12-17T17:48:15","slug":"qui-som","status":"publish","type":"page","link":"https:\/\/www.ditrag.es\/ca\/qui-som","title":{"rendered":"Qui som"},"content":{"rendered":"<div class=\"wpb-content-wrapper\">[vc_section css=&#8221;.vc_custom_1595243736000{border-bottom-width: 1px !important;padding-top: 50px !important;padding-bottom: 100px !important;background-image: url(https:\/\/www.ditrag.es\/wp-content\/uploads\/2017\/12\/water_bach_river-1100&#215;600.jpg?id=71600) !important;background-position: center !important;background-repeat: no-repeat !important;background-size: cover !important;border-bottom-style: solid !important;}&#8221;][vc_row content_placement=&#8221;top&#8221; type=&#8221;container&#8221; padding_top=&#8221;&#8221; padding_bottom=&#8221;&#8221;][vc_column css_animation=&#8221;fadeIn&#8221;][vc_custom_heading text=&#8221;Qui som&#8221; font_container=&#8221;tag:h1|font_size:32px|text_align:left|color:%23ffffff&#8221; google_fonts=&#8221;font_family:Roboto%3A100%2C100italic%2C300%2C300italic%2Cregular%2Citalic%2C500%2C500italic%2C700%2C700italic%2C900%2C900italic|font_style:500%20bold%20italic%3A500%3Aitalic&#8221;][\/vc_column][\/vc_row][\/vc_section][vc_section css=&#8221;.vc_custom_1513598974296{border-top-width: 1px !important;border-bottom-width: 1px !important;background-color: #eeeeee !important;border-top-color: #dddddd !important;border-top-style: solid !important;border-bottom-color: #dddddd !important;border-bottom-style: solid !important;}&#8221;][vc_row equal_height=&#8221;yes&#8221; type=&#8221;container&#8221; padding_top=&#8221;&#8221; padding_bottom=&#8221;&#8221; css=&#8221;.vc_custom_1513599918814{padding-top: 20px !important;padding-bottom: 20px !important;}&#8221;][vc_column width=&#8221;1\/2&#8243;][vc_column_text]\n<p>Ens dediquem a el disseny, fabricaci\u00f3, muntatge i manteniment d&#8217;instal\u00b7lacions de depuraci\u00f3 i tractament d&#8217;aig\u00fces industrials, urbanes i dom\u00e8stiques.<\/p>\n[\/vc_column_text][vc_column_text]\n<p>Proposem solucions completes que inclouen equips de disseny propi i muntatges claus en m\u00e0. Assessorem i col\u00b7laborem amb els nostres clients per trobar les millors alternatives. Busquem l&#8217;aprofitament de recursos naturals i la reducci\u00f3 de c\u00e0rrega contaminant en origen.<\/p>\n[\/vc_column_text][\/vc_column][vc_column width=&#8221;1\/2&#8243; offset=&#8221;vc_hidden-xs&#8221;][vc_single_image image=&#8221;72194&#8243; img_size=&#8221;490&#215;360&#8243; alignment=&#8221;center&#8221; css=&#8221;.vc_custom_1547204076432{border-radius: 3px !important;}&#8221;][\/vc_column][\/vc_row][\/vc_section][vc_section css=&#8221;.vc_custom_1513600299507{margin-top: -65px !important;}&#8221;][vc_row type=&#8221;container&#8221; padding_top=&#8221;&#8221; padding_bottom=&#8221;&#8221;][vc_column][vc_icon icon_fontawesome=&#8221;fa fa-angle-double-down&#8221; color=&#8221;custom&#8221; background_style=&#8221;rounded&#8221; background_color=&#8221;white&#8221; align=&#8221;center&#8221; custom_color=&#8221;#1592c6&#8243;][\/vc_column][\/vc_row][vc_row content_placement=&#8221;middle&#8221; type=&#8221;container&#8221; padding_top=&#8221;&#8221; padding_bottom=&#8221;&#8221;][vc_column width=&#8221;1\/4&#8243;][vc_single_image image=&#8221;71554&#8243; img_size=&#8221;full&#8221;][\/vc_column][vc_column width=&#8221;3\/4&#8243;][vc_row_inner content_placement=&#8221;middle&#8221;][vc_column_inner][vc_custom_heading text=&#8221;Lluitem per la sostenibilitat&#8221; font_container=&#8221;tag:h2|font_size:20|text_align:left|color:%231592c6|line_height:2&#8243; google_fonts=&#8221;font_family:Roboto%3A100%2C100italic%2C300%2C300italic%2Cregular%2Citalic%2C500%2C500italic%2C700%2C700italic%2C900%2C900italic|font_style:400%20regular%3A400%3Anormal&#8221;][vc_column_text]\n<p>Busquem l&#8217;aprofitament de recursos naturals i la reducci\u00f3 de c\u00e0rrega contaminant en origen.<\/p>\n[\/vc_column_text][\/vc_column_inner][\/vc_row_inner][\/vc_column][\/vc_row][vc_row type=&#8221;container&#8221; padding_top=&#8221;&#8221; padding_bottom=&#8221;&#8221; css=&#8221;.vc_custom_1513600445239{margin-top: -5px !important;margin-bottom: -5px !important;}&#8221;][vc_column][vc_separator color=&#8221;#dddddd&#8221; type=&#8221;full_width&#8221; thickness=&#8221;1&#8243; up=&#8221;-10px&#8221; down=&#8221;-10px&#8221;][\/vc_column][\/vc_row][\/vc_section][vc_section][vc_row content_placement=&#8221;middle&#8221; type=&#8221;container&#8221; padding_top=&#8221;&#8221; padding_bottom=&#8221;&#8221;][vc_column width=&#8221;1\/4&#8243;][vc_single_image image=&#8221;71553&#8243; img_size=&#8221;full&#8221;][\/vc_column][vc_column width=&#8221;3\/4&#8243;][vc_row_inner][vc_column_inner][vc_custom_heading text=&#8221;Compromesos amb l&#8217;aigua&#8221; font_container=&#8221;tag:h2|font_size:20|text_align:left|color:%231592c6|line_height:2&#8243; google_fonts=&#8221;font_family:Roboto%3A100%2C100italic%2C300%2C300italic%2Cregular%2Citalic%2C500%2C500italic%2C700%2C700italic%2C900%2C900italic|font_style:400%20regular%3A400%3Anormal&#8221;][vc_column_text]\n<p>Disposem d&#8217;equips i instal\u00b7lacions dissenyades especialment per a la reducci\u00f3 de consums d&#8217;aigua i reutilitzaci\u00f3 d&#8217;aig\u00fces de proc\u00e9s, i tamb\u00e9 per a la recuperaci\u00f3 de mat\u00e8ries primeres contaminades, reduint la c\u00e0rrega contaminant generada a les ind\u00fastries.<\/p>\n[\/vc_column_text][\/vc_column_inner][\/vc_row_inner][\/vc_column][\/vc_row][vc_row type=&#8221;container&#8221; padding_top=&#8221;&#8221; padding_bottom=&#8221;&#8221; css=&#8221;.vc_custom_1513600445239{margin-top: -5px !important;margin-bottom: -5px !important;}&#8221;][vc_column][vc_separator color=&#8221;#dddddd&#8221; type=&#8221;full_width&#8221; thickness=&#8221;1&#8243; up=&#8221;-10px&#8221; down=&#8221;-10px&#8221;][\/vc_column][\/vc_row][vc_row content_placement=&#8221;middle&#8221; type=&#8221;container&#8221; padding_top=&#8221;&#8221; padding_bottom=&#8221;&#8221;][vc_column width=&#8221;1\/4&#8243;][vc_single_image image=&#8221;71557&#8243; img_size=&#8221;full&#8221;][\/vc_column][vc_column width=&#8221;3\/4&#8243;][vc_row_inner][vc_column_inner][vc_custom_heading text=&#8221;El nostre treball \u00e9s integral&#8221; font_container=&#8221;tag:h2|font_size:20|text_align:left|color:%231592c6|line_height:2&#8243; google_fonts=&#8221;font_family:Roboto%3A100%2C100italic%2C300%2C300italic%2Cregular%2Citalic%2C500%2C500italic%2C700%2C700italic%2C900%2C900italic|font_style:400%20regular%3A400%3Anormal&#8221;][vc_column_text]\n<p>Desenvolupem els projectes i dissenyem els equips pensant sempre en la seva practicitat i \u00fas quotidi\u00e0 en entorns industrials, buscant la millor qualitat al menor cost possible, tenint especial cura de tots els detalls que afavoreixen la sostenibilitat.<\/p>\n[\/vc_column_text][\/vc_column_inner][\/vc_row_inner][\/vc_column][\/vc_row][vc_row type=&#8221;container&#8221; padding_top=&#8221;&#8221; padding_bottom=&#8221;&#8221; css=&#8221;.vc_custom_1513600445239{margin-top: -5px !important;margin-bottom: -5px !important;}&#8221;][vc_column][vc_separator color=&#8221;#dddddd&#8221; type=&#8221;full_width&#8221; thickness=&#8221;1&#8243; up=&#8221;-10px&#8221; down=&#8221;-10px&#8221;][\/vc_column][\/vc_row][vc_row content_placement=&#8221;middle&#8221; type=&#8221;container&#8221; padding_top=&#8221;&#8221; padding_bottom=&#8221;&#8221;][vc_column width=&#8221;1\/4&#8243;][vc_single_image image=&#8221;71556&#8243; img_size=&#8221;full&#8221;][\/vc_column][vc_column width=&#8221;3\/4&#8243;][vc_row_inner][vc_column_inner][vc_custom_heading text=&#8221;Un servei a mida&#8221; font_container=&#8221;tag:h2|font_size:20|text_align:left|color:%231592c6|line_height:2&#8243; google_fonts=&#8221;font_family:Roboto%3A100%2C100italic%2C300%2C300italic%2Cregular%2Citalic%2C500%2C500italic%2C700%2C700italic%2C900%2C900italic|font_style:400%20regular%3A400%3Anormal&#8221;][vc_column_text]\n<p>Oferim un tracte directe i personalitzat als nostres clients,\u00a0 assessorant quan ho necessiten sobre la gesti\u00f3 de les instal\u00b7lacions de tractament d&#8217;aig\u00fces.<\/p>\n[\/vc_column_text][\/vc_column_inner][\/vc_row_inner][\/vc_column][\/vc_row][vc_row type=&#8221;container&#8221; padding_top=&#8221;&#8221; padding_bottom=&#8221;&#8221; css=&#8221;.vc_custom_1513600445239{margin-top: -5px !important;margin-bottom: -5px !important;}&#8221;][vc_column][vc_separator color=&#8221;#dddddd&#8221; type=&#8221;full_width&#8221; thickness=&#8221;1&#8243; up=&#8221;-10px&#8221; down=&#8221;-10px&#8221;][\/vc_column][\/vc_row][vc_row content_placement=&#8221;middle&#8221; type=&#8221;container&#8221; padding_top=&#8221;&#8221; padding_bottom=&#8221;&#8221;][vc_column width=&#8221;1\/4&#8243;][vc_single_image image=&#8221;71555&#8243; img_size=&#8221;full&#8221;][\/vc_column][vc_column width=&#8221;3\/4&#8243;][vc_row_inner][vc_column_inner][vc_custom_heading text=&#8221;Som distribuidors&#8221; font_container=&#8221;tag:h2|font_size:20|text_align:left|color:%231592c6|line_height:2&#8243; google_fonts=&#8221;font_family:Roboto%3A100%2C100italic%2C300%2C300italic%2Cregular%2Citalic%2C500%2C500italic%2C700%2C700italic%2C900%2C900italic|font_style:400%20regular%3A400%3Anormal&#8221;][vc_column_text]\n<p>Som distribu\u00efdors oficials de la marca B &amp; C Electronics, fabricants d&#8217;equips de mesurament i control de precesos, i dels sistemes de depuraci\u00f3 dom\u00e8stica Biorock. Comptem aix\u00ed mateix amb una \u00e0mplia gamma de marques de recanvis i accessoris per a instal\u00b7lacions de tractament d&#8217;aig\u00fces.<\/p>\n[\/vc_column_text][\/vc_column_inner][\/vc_row_inner][\/vc_column][\/vc_row][\/vc_section]\n<\/div>","protected":false},"excerpt":{"rendered":"<p>[vc_section css=&#8221;.vc_custom_1595243736000{border-bottom-width: 1px !important;padding-top: 50px !important;padding-bottom: 100px !important;background-image: url(https:\/\/www.ditrag.es\/wp-content\/uploads\/2017\/12\/water_bach_river-1100&#215;600.jpg?id=71600) !important;background-position: center !important;background-repeat: no-repeat !important;background-size: cover !important;border-bottom-style: solid !important;}&#8221;][vc_row content_placement=&#8221;top&#8221; type=&#8221;container&#8221; padding_top=&#8221;&#8221; padding_bottom=&#8221;&#8221;][vc_column css_animation=&#8221;fadeIn&#8221;][vc_custom_heading text=&#8221;Qui som&#8221; font_container=&#8221;tag:h1|font_size:32px|text_align:left|color:%23ffffff&#8221; google_fonts=&#8221;font_family:Roboto%3A100%2C100italic%2C300%2C300italic%2Cregular%2Citalic%2C500%2C500italic%2C700%2C700italic%2C900%2C900italic|font_style:500%20bold%20italic%3A500%3Aitalic&#8221;][\/vc_column][\/vc_row][\/vc_section][vc_section css=&#8221;.vc_custom_1513598974296{border-top-width: 1px !important;border-bottom-width: 1px !important;background-color: #eeeeee !important;border-top-color: #dddddd !important;border-top-style: solid !important;border-bottom-color: #dddddd !important;border-bottom-style: solid !important;}&#8221;][vc_row equal_height=&#8221;yes&#8221; type=&#8221;container&#8221; padding_top=&#8221;&#8221; padding_bottom=&#8221;&#8221; css=&#8221;.vc_custom_1513599918814{padding-top: 20px !important;padding-bottom: 20px !important;}&#8221;][vc_column width=&#8221;1\/2&#8243;][vc_column_text] Ens dediquem a [&hellip;]<\/p>\n","protected":false},"author":1,"featured_media":0,"parent":0,"menu_order":5,"comment_status":"closed","ping_status":"closed","template":"page-full-width.php","meta":{"_acf_changed":false,"footnotes":""},"class_list":["post-73734","page","type-page","status-publish","hentry"],"acf":[],"yoast_head":"<!-- This site is optimized with the Yoast SEO plugin v24.0 - https:\/\/yoast.com\/wordpress\/plugins\/seo\/ -->\n<title>Tractament i depuraci\u00f3 d&#039;aigua a Tei\u00e0, Barcelona<\/title>\n<meta name=\"description\" content=\"Disseny, fabricaci\u00f3, muntatge i manteniment d&#039;equips i instal\u00b7lacions de tractament i depuraci\u00f3 d&#039;aig\u00fces industrials i dom\u00e8stiques.\" \/>\n<meta name=\"robots\" content=\"index, follow, max-snippet:-1, max-image-preview:large, max-video-preview:-1\" \/>\n<link rel=\"canonical\" href=\"https:\/\/www.ditrag.es\/ca\/qui-som\" \/>\n<meta property=\"og:locale\" content=\"ca_ES\" \/>\n<meta property=\"og:type\" content=\"article\" \/>\n<meta property=\"og:title\" content=\"Tractament i depuraci\u00f3 d&#039;aigua a Tei\u00e0, Barcelona\" \/>\n<meta property=\"og:description\" content=\"Disseny, fabricaci\u00f3, muntatge i manteniment d&#039;equips i instal\u00b7lacions de tractament i depuraci\u00f3 d&#039;aig\u00fces industrials i dom\u00e8stiques.\" \/>\n<meta property=\"og:url\" content=\"https:\/\/www.ditrag.es\/ca\/qui-som\" \/>\n<meta property=\"og:site_name\" content=\"Ditrag\" \/>\n<meta property=\"og:image\" content=\"https:\/\/www.ditrag.es\/wp-content\/uploads\/2018\/07\/logo-ditrag-social.jpg\" \/>\n\t<meta property=\"og:image:width\" content=\"1200\" \/>\n\t<meta property=\"og:image:height\" content=\"1200\" \/>\n\t<meta property=\"og:image:type\" content=\"image\/jpeg\" \/>\n<meta name=\"twitter:card\" content=\"summary_large_image\" \/>\n<meta name=\"twitter:label1\" content=\"Temps estimat de lectura\" \/>\n\t<meta name=\"twitter:data1\" content=\"6 minuts\" \/>\n<script type=\"application\/ld+json\" class=\"yoast-schema-graph\">{\"@context\":\"https:\/\/schema.org\",\"@graph\":[{\"@type\":\"WebPage\",\"@id\":\"https:\/\/www.ditrag.es\/ca\/qui-som\",\"url\":\"https:\/\/www.ditrag.es\/ca\/qui-som\",\"name\":\"Tractament i depuraci\u00f3 d'aigua a Tei\u00e0, Barcelona\",\"isPartOf\":{\"@id\":\"https:\/\/www.ditrag.es\/ca#website\"},\"datePublished\":\"2020-12-17T17:48:15+00:00\",\"dateModified\":\"2020-12-17T17:48:15+00:00\",\"description\":\"Disseny, fabricaci\u00f3, muntatge i manteniment d'equips i instal\u00b7lacions de tractament i depuraci\u00f3 d'aig\u00fces industrials i dom\u00e8stiques.\",\"inLanguage\":\"ca\",\"potentialAction\":[{\"@type\":\"ReadAction\",\"target\":[\"https:\/\/www.ditrag.es\/ca\/qui-som\"]}]},{\"@type\":\"WebSite\",\"@id\":\"https:\/\/www.ditrag.es\/ca#website\",\"url\":\"https:\/\/www.ditrag.es\/ca\",\"name\":\"Ditrag\",\"description\":\"Depuraci\u00f3n y tratamiento del agua\",\"publisher\":{\"@id\":\"https:\/\/www.ditrag.es\/ca#organization\"},\"potentialAction\":[{\"@type\":\"SearchAction\",\"target\":{\"@type\":\"EntryPoint\",\"urlTemplate\":\"https:\/\/www.ditrag.es\/ca?s={search_term_string}\"},\"query-input\":{\"@type\":\"PropertyValueSpecification\",\"valueRequired\":true,\"valueName\":\"search_term_string\"}}],\"inLanguage\":\"ca\"},{\"@type\":\"Organization\",\"@id\":\"https:\/\/www.ditrag.es\/ca#organization\",\"name\":\"Ditrag\",\"url\":\"https:\/\/www.ditrag.es\/ca\",\"logo\":{\"@type\":\"ImageObject\",\"inLanguage\":\"ca\",\"@id\":\"https:\/\/www.ditrag.es\/ca#\/schema\/logo\/image\/\",\"url\":\"https:\/\/www.ditrag.es\/wp-content\/uploads\/2018\/07\/logo-ditrag-social.jpg\",\"contentUrl\":\"https:\/\/www.ditrag.es\/wp-content\/uploads\/2018\/07\/logo-ditrag-social.jpg\",\"width\":1200,\"height\":1200,\"caption\":\"Ditrag\"},\"image\":{\"@id\":\"https:\/\/www.ditrag.es\/ca#\/schema\/logo\/image\/\"}}]}<\/script>\n<!-- \/ Yoast SEO plugin. -->","yoast_head_json":{"title":"Tractament i depuraci\u00f3 d'aigua a Tei\u00e0, Barcelona","description":"Disseny, fabricaci\u00f3, muntatge i manteniment d'equips i instal\u00b7lacions de tractament i depuraci\u00f3 d'aig\u00fces industrials i dom\u00e8stiques.","robots":{"index":"index","follow":"follow","max-snippet":"max-snippet:-1","max-image-preview":"max-image-preview:large","max-video-preview":"max-video-preview:-1"},"canonical":"https:\/\/www.ditrag.es\/ca\/qui-som","og_locale":"ca_ES","og_type":"article","og_title":"Tractament i depuraci\u00f3 d'aigua a Tei\u00e0, Barcelona","og_description":"Disseny, fabricaci\u00f3, muntatge i manteniment d'equips i instal\u00b7lacions de tractament i depuraci\u00f3 d'aig\u00fces industrials i dom\u00e8stiques.","og_url":"https:\/\/www.ditrag.es\/ca\/qui-som","og_site_name":"Ditrag","og_image":[{"width":1200,"height":1200,"url":"https:\/\/www.ditrag.es\/wp-content\/uploads\/2018\/07\/logo-ditrag-social.jpg","type":"image\/jpeg"}],"twitter_card":"summary_large_image","twitter_misc":{"Temps estimat de lectura":"6 minuts"},"schema":{"@context":"https:\/\/schema.org","@graph":[{"@type":"WebPage","@id":"https:\/\/www.ditrag.es\/ca\/qui-som","url":"https:\/\/www.ditrag.es\/ca\/qui-som","name":"Tractament i depuraci\u00f3 d'aigua a Tei\u00e0, Barcelona","isPartOf":{"@id":"https:\/\/www.ditrag.es\/ca#website"},"datePublished":"2020-12-17T17:48:15+00:00","dateModified":"2020-12-17T17:48:15+00:00","description":"Disseny, fabricaci\u00f3, muntatge i manteniment d'equips i instal\u00b7lacions de tractament i depuraci\u00f3 d'aig\u00fces industrials i dom\u00e8stiques.","inLanguage":"ca","potentialAction":[{"@type":"ReadAction","target":["https:\/\/www.ditrag.es\/ca\/qui-som"]}]},{"@type":"WebSite","@id":"https:\/\/www.ditrag.es\/ca#website","url":"https:\/\/www.ditrag.es\/ca","name":"Ditrag","description":"Depuraci\u00f3n y tratamiento del agua","publisher":{"@id":"https:\/\/www.ditrag.es\/ca#organization"},"potentialAction":[{"@type":"SearchAction","target":{"@type":"EntryPoint","urlTemplate":"https:\/\/www.ditrag.es\/ca?s={search_term_string}"},"query-input":{"@type":"PropertyValueSpecification","valueRequired":true,"valueName":"search_term_string"}}],"inLanguage":"ca"},{"@type":"Organization","@id":"https:\/\/www.ditrag.es\/ca#organization","name":"Ditrag","url":"https:\/\/www.ditrag.es\/ca","logo":{"@type":"ImageObject","inLanguage":"ca","@id":"https:\/\/www.ditrag.es\/ca#\/schema\/logo\/image\/","url":"https:\/\/www.ditrag.es\/wp-content\/uploads\/2018\/07\/logo-ditrag-social.jpg","contentUrl":"https:\/\/www.ditrag.es\/wp-content\/uploads\/2018\/07\/logo-ditrag-social.jpg","width":1200,"height":1200,"caption":"Ditrag"},"image":{"@id":"https:\/\/www.ditrag.es\/ca#\/schema\/logo\/image\/"}}]}},"_links":{"self":[{"href":"https:\/\/www.ditrag.es\/ca\/wp-json\/wp\/v2\/pages\/73734","targetHints":{"allow":["GET"]}}],"collection":[{"href":"https:\/\/www.ditrag.es\/ca\/wp-json\/wp\/v2\/pages"}],"about":[{"href":"https:\/\/www.ditrag.es\/ca\/wp-json\/wp\/v2\/types\/page"}],"author":[{"embeddable":true,"href":"https:\/\/www.ditrag.es\/ca\/wp-json\/wp\/v2\/users\/1"}],"replies":[{"embeddable":true,"href":"https:\/\/www.ditrag.es\/ca\/wp-json\/wp\/v2\/comments?post=73734"}],"version-history":[{"count":3,"href":"https:\/\/www.ditrag.es\/ca\/wp-json\/wp\/v2\/pages\/73734\/revisions"}],"predecessor-version":[{"id":73978,"href":"https:\/\/www.ditrag.es\/ca\/wp-json\/wp\/v2\/pages\/73734\/revisions\/73978"}],"wp:attachment":[{"href":"https:\/\/www.ditrag.es\/ca\/wp-json\/wp\/v2\/media?parent=73734"}],"curies":[{"name":"wp","href":"https:\/\/api.w.org\/{rel}","templated":true}]}}