{"id":73756,"date":"2021-01-07T18:49:09","date_gmt":"2021-01-07T17:49:09","guid":{"rendered":"https:\/\/www.ditrag.es\/serveis"},"modified":"2021-01-18T18:10:27","modified_gmt":"2021-01-18T17:10:27","slug":"serveis","status":"publish","type":"page","link":"https:\/\/www.ditrag.es\/ca\/serveis","title":{"rendered":"Serveis"},"content":{"rendered":"<div class=\"wpb-content-wrapper\">[vc_row type=&#8221;full_page_width&#8221; padding_top=&#8221;&#8221; padding_bottom=&#8221;&#8221; css=&#8221;.vc_custom_1594806175416{border-bottom-width: 1px !important;padding-top: 50px !important;padding-bottom: 100px !important;background-image: url(https:\/\/www.ditrag.es\/wp-content\/uploads\/2017\/12\/water_bach_river-1100&#215;600.jpg?id=71600) !important;background-position: center !important;background-repeat: no-repeat !important;background-size: cover !important;border-bottom-style: solid !important;}&#8221;][vc_column width=&#8221;1\/2&#8243;][vc_empty_space height=&#8221;32&#8243;][vc_custom_heading source=&#8221;post_title&#8221; font_container=&#8221;tag:h1|font_size:30|text_align:center|color:%23ffffff|line_height:20px&#8221; google_fonts=&#8221;font_family:Roboto%3A100%2C100italic%2C300%2C300italic%2Cregular%2Citalic%2C500%2C500italic%2C700%2C700italic%2C900%2C900italic|font_style:500%20bold%20italic%3A500%3Aitalic&#8221; link=&#8221;target:%20_blank|&#8221;][\/vc_column][vc_column width=&#8221;1\/2&#8243;][\/vc_column][\/vc_row][vc_row type=&#8221;full_page_width_inner_container&#8221; padding_top=&#8221;&#8221; padding_bottom=&#8221;&#8221; css=&#8221;.vc_custom_1512844219463{margin-bottom: 0px !important;padding-top: 30px !important;background-color: #f5f5f5 !important;}&#8221; el_class=&#8221;overflow-visible&#8221;][vc_column][vc_custom_heading text=&#8221;Solucions d&#8217;avantguarda, amb el comprom\u00eds d&#8217;un treball ben fet i una \u00e0mplia garantia de servei&#8221; font_container=&#8221;tag:p|font_size:32|text_align:center|color:%231e1e1e|line_height:40px&#8221; google_fonts=&#8221;font_family:Roboto%3A100%2C100italic%2C300%2C300italic%2Cregular%2Citalic%2C500%2C500italic%2C700%2C700italic%2C900%2C900italic|font_style:300%20light%20regular%3A300%3Anormal&#8221; css_animation=&#8221;fadeInDown&#8221; css=&#8221;.vc_custom_1594806362131{margin-bottom: 5px !important;padding-top: 20px !important;padding-right: 50px !important;padding-left: 50px !important;}&#8221;][vc_raw_html]PGRpdiBjbGFzcz0iZG93bl9hcnJvdyIgc3R5bGU9InRvcDogLTc1cHg7Ij48aSBjbGFzcz0iaW9uLWlvcy1hcnJvdy1kb3duIj48L2k+PC9kaXY+[\/vc_raw_html][vc_row_inner css=&#8221;.vc_custom_1512846143640{margin-bottom: -20px !important;}&#8221;][vc_column_inner width=&#8221;2\/3&#8243;][vc_custom_heading text=&#8221;Enginyeria&#8221; font_container=&#8221;tag:h2|font_size:32|text_align:center|color:%231592c6&#8243; google_fonts=&#8221;font_family:Roboto%3A100%2C100italic%2C300%2C300italic%2Cregular%2Citalic%2C500%2C500italic%2C700%2C700italic%2C900%2C900italic|font_style:400%20regular%3A400%3Anormal&#8221; css_animation=&#8221;fadeInLeft&#8221;][vc_empty_space height=&#8221;10px&#8221;][vc_column_text css_animation=&#8221;fadeInLeft&#8221;]\n<p style=\"text-align: left;\">Elaborem tot tipus de projectes per al sector de la depuraci\u00f3 i tractament d&#8217;aig\u00fces. Dissenyem en funci\u00f3 de les necessitats dels nostres clients, considerant sempre les caracter\u00edstiques dels abocaments, la situaci\u00f3 de les instal\u00b7lacions i les normatives aplicables en cada cas.<\/p>\n<p>Tots els equips dissenyats, fabricats i acoblats per DITRAG es desenvolupen pensant en el seu practicitat i \u00fas quotidi\u00e0 en entorns industrials, \u00e9s per aix\u00f2 que tenim cura de tots els detalls, per afavorir la seva robustesa i durada.[\/vc_column_text][\/vc_column_inner][vc_column_inner width=&#8221;1\/3&#8243;][vc_single_image image=&#8221;71825&#8243; img_size=&#8221;large&#8221; alignment=&#8221;center&#8221; css_animation=&#8221;fadeInRight&#8221;][\/vc_column_inner][\/vc_row_inner][vc_empty_space height=&#8221;19&#8243;][vc_empty_space height=&#8221;20px&#8221;][vc_row_inner content_placement=&#8221;middle&#8221; css=&#8221;.vc_custom_1512845814008{padding-top: -30px !important;border-radius: 2px !important;}&#8221;][vc_column_inner width=&#8221;2\/3&#8243;][vc_custom_heading text=&#8221;Diagnosi&#8221; font_container=&#8221;tag:h2|font_size:32|text_align:center|color:%231592c6&#8243; google_fonts=&#8221;font_family:Roboto%3A100%2C100italic%2C300%2C300italic%2Cregular%2Citalic%2C500%2C500italic%2C700%2C700italic%2C900%2C900italic|font_style:400%20regular%3A400%3Anormal&#8221; css_animation=&#8221;fadeInLeft&#8221;][vc_empty_space][vc_column_text css_animation=&#8221;fadeInLeft&#8221;]\n<p style=\"text-align: left;\">Analitzem en profunditat les necessitats dels nostres clients per poder oferir les solucions m\u00e9s ajustades a cada cas.<br \/>\nRealitzem un estudi exhaustiu de les instal\u00b7lacions ja existents per a diagnosticar si \u00e9s factible allargar la vida \u00fatil de les mateixes, realitzant les reparacions i modificacions necess\u00e0ries, adaptant-les a les noves necessitats.<\/p>\n[\/vc_column_text][\/vc_column_inner][vc_column_inner width=&#8221;1\/3&#8243;][vc_single_image image=&#8221;71709&#8243; img_size=&#8221;large&#8221; css_animation=&#8221;fadeInRight&#8221;][\/vc_column_inner][\/vc_row_inner][vc_row_inner content_placement=&#8221;top&#8221;][vc_column_inner width=&#8221;2\/3&#8243; css=&#8221;.vc_custom_1510050456830{margin-right: 10px !important;margin-left: 10px !important;}&#8221;][vc_custom_heading text=&#8221;Manteniment i gesti\u00f3 integral d&#8217;instal\u00b7lacions&#8221; font_container=&#8221;tag:h2|font_size:32|text_align:center|color:%231592c6&#8243; google_fonts=&#8221;font_family:Roboto%3A100%2C100italic%2C300%2C300italic%2Cregular%2Citalic%2C500%2C500italic%2C700%2C700italic%2C900%2C900italic|font_style:400%20regular%3A400%3Anormal&#8221; css_animation=&#8221;fadeInLeft&#8221; css=&#8221;.vc_custom_1594809085782{padding-top: 30px !important;}&#8221;][vc_empty_space height=&#8221;50px&#8221;][vc_column_text css_animation=&#8221;fadeInLeft&#8221; css=&#8221;.vc_custom_1610989793972{margin-top: -40px !important;border-top-width: -20px !important;}&#8221;]\n<p style=\"text-align: left;\">Oferim serveis de manteniment i gesti\u00f3 integral d&#8217;instal\u00b7lacions i equips per aconseguir un funcionament \u00f2ptim i allargar la seva vida \u00fatil al m\u00e0xim.<br \/>\nContacte directe i assessorament t\u00e8cnic, els nostres clients poden comptar sempre amb nosaltres per resoldre dubtes o problemes.<\/p>\n[\/vc_column_text][\/vc_column_inner][vc_column_inner width=&#8221;1\/3&#8243;][vc_single_image image=&#8221;71710&#8243; img_size=&#8221;large&#8221; alignment=&#8221;center&#8221; css_animation=&#8221;fadeInRight&#8221;][\/vc_column_inner][\/vc_row_inner][\/vc_column][\/vc_row][vc_row equal_height=&#8221;yes&#8221; css_animation=&#8221;fadeInRight&#8221; type=&#8221;container&#8221; padding_top=&#8221;&#8221; padding_bottom=&#8221;&#8221;][vc_column width=&#8221;2\/3&#8243;][vc_empty_space][vc_custom_heading text=&#8221;Subministrament de recanvis i consumibles&#8221; font_container=&#8221;tag:h2|font_size:32|text_align:center|color:%231592c6&#8243; google_fonts=&#8221;font_family:Roboto%3A100%2C100italic%2C300%2C300italic%2Cregular%2Citalic%2C500%2C500italic%2C700%2C700italic%2C900%2C900italic|font_style:400%20regular%3A400%3Anormal&#8221; css_animation=&#8221;fadeInLeft&#8221;][vc_empty_space][vc_column_text css_animation=&#8221;fadeInLeft&#8221;]\n<p style=\"text-align: left;\">Treballem amb una gran varietat de marques de recanvis i consumibles per a les instal\u00b7lacions de tractament d&#8217;aig\u00fces, el nostre personal t\u00e8cnic els ajudar\u00e0 a buscar la millor opci\u00f3 per a cada cas concret. Som prove\u00efdors oficials dels equips de mesura i control <strong> <span style=\"color: # 2bbabf;\"> B&amp;C Electronics.\u00a0<\/span><\/strong><\/p>\n[\/vc_column_text][\/vc_column][vc_column width=&#8221;1\/3&#8243;][vc_empty_space][vc_single_image image=&#8221;71470&#8243; img_size=&#8221;full&#8221; css_animation=&#8221;fadeInRight&#8221;][\/vc_column][\/vc_row][vc_row type=&#8221;container&#8221; padding_top=&#8221;&#8221; padding_bottom=&#8221;&#8221;][vc_column][\/vc_column][\/vc_row][vc_row type=&#8221;container&#8221; padding_top=&#8221;&#8221; padding_bottom=&#8221;&#8221;][vc_column][\/vc_column][\/vc_row][vc_row type=&#8221;container&#8221; padding_top=&#8221;&#8221; padding_bottom=&#8221;&#8221;][vc_column][vc_column_text][\/vc_column_text][\/vc_column][\/vc_row]\n<\/div>","protected":false},"excerpt":{"rendered":"<p>[vc_row type=&#8221;full_page_width&#8221; padding_top=&#8221;&#8221; padding_bottom=&#8221;&#8221; css=&#8221;.vc_custom_1594806175416{border-bottom-width: 1px !important;padding-top: 50px !important;padding-bottom: 100px !important;background-image: url(https:\/\/www.ditrag.es\/wp-content\/uploads\/2017\/12\/water_bach_river-1100&#215;600.jpg?id=71600) !important;background-position: center !important;background-repeat: no-repeat !important;background-size: cover !important;border-bottom-style: solid !important;}&#8221;][vc_column width=&#8221;1\/2&#8243;][vc_empty_space height=&#8221;32&#8243;][vc_custom_heading source=&#8221;post_title&#8221; font_container=&#8221;tag:h1|font_size:30|text_align:center|color:%23ffffff|line_height:20px&#8221; google_fonts=&#8221;font_family:Roboto%3A100%2C100italic%2C300%2C300italic%2Cregular%2Citalic%2C500%2C500italic%2C700%2C700italic%2C900%2C900italic|font_style:500%20bold%20italic%3A500%3Aitalic&#8221; link=&#8221;target:%20_blank|&#8221;][\/vc_column][vc_column width=&#8221;1\/2&#8243;][\/vc_column][\/vc_row][vc_row type=&#8221;full_page_width_inner_container&#8221; padding_top=&#8221;&#8221; padding_bottom=&#8221;&#8221; css=&#8221;.vc_custom_1512844219463{margin-bottom: 0px !important;padding-top: 30px !important;background-color: #f5f5f5 !important;}&#8221; el_class=&#8221;overflow-visible&#8221;][vc_column][vc_custom_heading text=&#8221;Solucions d&#8217;avantguarda, amb el comprom\u00eds d&#8217;un treball ben fet i una \u00e0mplia garantia de servei&#8221; font_container=&#8221;tag:p|font_size:32|text_align:center|color:%231e1e1e|line_height:40px&#8221; [&hellip;]<\/p>\n","protected":false},"author":3,"featured_media":0,"parent":0,"menu_order":0,"comment_status":"closed","ping_status":"closed","template":"page-full-width.php","meta":{"_acf_changed":false,"footnotes":""},"class_list":["post-73756","page","type-page","status-publish","hentry"],"acf":[],"yoast_head":"<!-- This site is optimized with the Yoast SEO plugin v24.0 - https:\/\/yoast.com\/wordpress\/plugins\/seo\/ -->\n<title>Solucions per al tractament i depuraci\u00f3 de l&#039;aigua<\/title>\n<meta name=\"description\" content=\"Solucions d&#039;avantguarda per al tractament i depuraci\u00f3 d&#039;aig\u00fces industrials. Manteniment integral d&#039;instal\u00b7lacions. Recanvis i consumibles.\" \/>\n<meta name=\"robots\" content=\"index, follow, max-snippet:-1, max-image-preview:large, max-video-preview:-1\" \/>\n<link rel=\"canonical\" href=\"https:\/\/www.ditrag.es\/ca\/serveis\" \/>\n<meta property=\"og:locale\" content=\"ca_ES\" \/>\n<meta property=\"og:type\" content=\"article\" \/>\n<meta property=\"og:title\" content=\"Solucions per al tractament i depuraci\u00f3 de l&#039;aigua\" \/>\n<meta property=\"og:description\" content=\"Solucions d&#039;avantguarda per al tractament i depuraci\u00f3 d&#039;aig\u00fces industrials. Manteniment integral d&#039;instal\u00b7lacions. Recanvis i consumibles.\" \/>\n<meta property=\"og:url\" content=\"https:\/\/www.ditrag.es\/ca\/serveis\" \/>\n<meta property=\"og:site_name\" content=\"Ditrag\" \/>\n<meta property=\"article:modified_time\" content=\"2021-01-18T17:10:27+00:00\" \/>\n<meta property=\"og:image\" content=\"https:\/\/www.ditrag.es\/wp-content\/uploads\/2018\/07\/logo-ditrag-social.jpg\" \/>\n\t<meta property=\"og:image:width\" content=\"1200\" \/>\n\t<meta property=\"og:image:height\" content=\"1200\" \/>\n\t<meta property=\"og:image:type\" content=\"image\/jpeg\" \/>\n<meta name=\"twitter:card\" content=\"summary_large_image\" \/>\n<meta name=\"twitter:label1\" content=\"Temps estimat de lectura\" \/>\n\t<meta name=\"twitter:data1\" content=\"5 minuts\" \/>\n<script type=\"application\/ld+json\" class=\"yoast-schema-graph\">{\"@context\":\"https:\/\/schema.org\",\"@graph\":[{\"@type\":\"WebPage\",\"@id\":\"https:\/\/www.ditrag.es\/ca\/serveis\",\"url\":\"https:\/\/www.ditrag.es\/ca\/serveis\",\"name\":\"Solucions per al tractament i depuraci\u00f3 de l'aigua\",\"isPartOf\":{\"@id\":\"https:\/\/www.ditrag.es\/ca#website\"},\"datePublished\":\"2021-01-07T17:49:09+00:00\",\"dateModified\":\"2021-01-18T17:10:27+00:00\",\"description\":\"Solucions d'avantguarda per al tractament i depuraci\u00f3 d'aig\u00fces industrials. Manteniment integral d'instal\u00b7lacions. Recanvis i consumibles.\",\"inLanguage\":\"ca\",\"potentialAction\":[{\"@type\":\"ReadAction\",\"target\":[\"https:\/\/www.ditrag.es\/ca\/serveis\"]}]},{\"@type\":\"WebSite\",\"@id\":\"https:\/\/www.ditrag.es\/ca#website\",\"url\":\"https:\/\/www.ditrag.es\/ca\",\"name\":\"Ditrag\",\"description\":\"Depuraci\u00f3n y tratamiento del agua\",\"publisher\":{\"@id\":\"https:\/\/www.ditrag.es\/ca#organization\"},\"potentialAction\":[{\"@type\":\"SearchAction\",\"target\":{\"@type\":\"EntryPoint\",\"urlTemplate\":\"https:\/\/www.ditrag.es\/ca?s={search_term_string}\"},\"query-input\":{\"@type\":\"PropertyValueSpecification\",\"valueRequired\":true,\"valueName\":\"search_term_string\"}}],\"inLanguage\":\"ca\"},{\"@type\":\"Organization\",\"@id\":\"https:\/\/www.ditrag.es\/ca#organization\",\"name\":\"Ditrag\",\"url\":\"https:\/\/www.ditrag.es\/ca\",\"logo\":{\"@type\":\"ImageObject\",\"inLanguage\":\"ca\",\"@id\":\"https:\/\/www.ditrag.es\/ca#\/schema\/logo\/image\/\",\"url\":\"https:\/\/www.ditrag.es\/wp-content\/uploads\/2018\/07\/logo-ditrag-social.jpg\",\"contentUrl\":\"https:\/\/www.ditrag.es\/wp-content\/uploads\/2018\/07\/logo-ditrag-social.jpg\",\"width\":1200,\"height\":1200,\"caption\":\"Ditrag\"},\"image\":{\"@id\":\"https:\/\/www.ditrag.es\/ca#\/schema\/logo\/image\/\"}}]}<\/script>\n<!-- \/ Yoast SEO plugin. -->","yoast_head_json":{"title":"Solucions per al tractament i depuraci\u00f3 de l'aigua","description":"Solucions d'avantguarda per al tractament i depuraci\u00f3 d'aig\u00fces industrials. Manteniment integral d'instal\u00b7lacions. Recanvis i consumibles.","robots":{"index":"index","follow":"follow","max-snippet":"max-snippet:-1","max-image-preview":"max-image-preview:large","max-video-preview":"max-video-preview:-1"},"canonical":"https:\/\/www.ditrag.es\/ca\/serveis","og_locale":"ca_ES","og_type":"article","og_title":"Solucions per al tractament i depuraci\u00f3 de l'aigua","og_description":"Solucions d'avantguarda per al tractament i depuraci\u00f3 d'aig\u00fces industrials. Manteniment integral d'instal\u00b7lacions. Recanvis i consumibles.","og_url":"https:\/\/www.ditrag.es\/ca\/serveis","og_site_name":"Ditrag","article_modified_time":"2021-01-18T17:10:27+00:00","og_image":[{"width":1200,"height":1200,"url":"https:\/\/www.ditrag.es\/wp-content\/uploads\/2018\/07\/logo-ditrag-social.jpg","type":"image\/jpeg"}],"twitter_card":"summary_large_image","twitter_misc":{"Temps estimat de lectura":"5 minuts"},"schema":{"@context":"https:\/\/schema.org","@graph":[{"@type":"WebPage","@id":"https:\/\/www.ditrag.es\/ca\/serveis","url":"https:\/\/www.ditrag.es\/ca\/serveis","name":"Solucions per al tractament i depuraci\u00f3 de l'aigua","isPartOf":{"@id":"https:\/\/www.ditrag.es\/ca#website"},"datePublished":"2021-01-07T17:49:09+00:00","dateModified":"2021-01-18T17:10:27+00:00","description":"Solucions d'avantguarda per al tractament i depuraci\u00f3 d'aig\u00fces industrials. Manteniment integral d'instal\u00b7lacions. Recanvis i consumibles.","inLanguage":"ca","potentialAction":[{"@type":"ReadAction","target":["https:\/\/www.ditrag.es\/ca\/serveis"]}]},{"@type":"WebSite","@id":"https:\/\/www.ditrag.es\/ca#website","url":"https:\/\/www.ditrag.es\/ca","name":"Ditrag","description":"Depuraci\u00f3n y tratamiento del agua","publisher":{"@id":"https:\/\/www.ditrag.es\/ca#organization"},"potentialAction":[{"@type":"SearchAction","target":{"@type":"EntryPoint","urlTemplate":"https:\/\/www.ditrag.es\/ca?s={search_term_string}"},"query-input":{"@type":"PropertyValueSpecification","valueRequired":true,"valueName":"search_term_string"}}],"inLanguage":"ca"},{"@type":"Organization","@id":"https:\/\/www.ditrag.es\/ca#organization","name":"Ditrag","url":"https:\/\/www.ditrag.es\/ca","logo":{"@type":"ImageObject","inLanguage":"ca","@id":"https:\/\/www.ditrag.es\/ca#\/schema\/logo\/image\/","url":"https:\/\/www.ditrag.es\/wp-content\/uploads\/2018\/07\/logo-ditrag-social.jpg","contentUrl":"https:\/\/www.ditrag.es\/wp-content\/uploads\/2018\/07\/logo-ditrag-social.jpg","width":1200,"height":1200,"caption":"Ditrag"},"image":{"@id":"https:\/\/www.ditrag.es\/ca#\/schema\/logo\/image\/"}}]}},"_links":{"self":[{"href":"https:\/\/www.ditrag.es\/ca\/wp-json\/wp\/v2\/pages\/73756","targetHints":{"allow":["GET"]}}],"collection":[{"href":"https:\/\/www.ditrag.es\/ca\/wp-json\/wp\/v2\/pages"}],"about":[{"href":"https:\/\/www.ditrag.es\/ca\/wp-json\/wp\/v2\/types\/page"}],"author":[{"embeddable":true,"href":"https:\/\/www.ditrag.es\/ca\/wp-json\/wp\/v2\/users\/3"}],"replies":[{"embeddable":true,"href":"https:\/\/www.ditrag.es\/ca\/wp-json\/wp\/v2\/comments?post=73756"}],"version-history":[{"count":4,"href":"https:\/\/www.ditrag.es\/ca\/wp-json\/wp\/v2\/pages\/73756\/revisions"}],"predecessor-version":[{"id":73969,"href":"https:\/\/www.ditrag.es\/ca\/wp-json\/wp\/v2\/pages\/73756\/revisions\/73969"}],"wp:attachment":[{"href":"https:\/\/www.ditrag.es\/ca\/wp-json\/wp\/v2\/media?parent=73756"}],"curies":[{"name":"wp","href":"https:\/\/api.w.org\/{rel}","templated":true}]}}