{"id":73779,"date":"2021-01-12T10:34:56","date_gmt":"2021-01-12T09:34:56","guid":{"rendered":"https:\/\/www.ditrag.es\/industria"},"modified":"2021-01-18T17:18:44","modified_gmt":"2021-01-18T16:18:44","slug":"industria","status":"publish","type":"page","link":"https:\/\/www.ditrag.es\/ca\/industria","title":{"rendered":"Ind\u00fastria"},"content":{"rendered":"<div class=\"wpb-content-wrapper\">[vc_row type=&#8221;full_page_width&#8221; padding_top=&#8221;&#8221; padding_bottom=&#8221;&#8221; css=&#8221;.vc_custom_1598542461880{border-bottom-width: 1px !important;padding-top: 50px !important;padding-bottom: 100px !important;background-image: url(https:\/\/www.ditrag.es\/wp-content\/uploads\/2020\/08\/IMG_1231.jpg?id=73464) !important;background-position: center !important;background-repeat: no-repeat !important;background-size: cover !important;border-bottom-style: solid !important;}&#8221;][vc_column width=&#8221;1\/2&#8243;][vc_empty_space height=&#8221;32&#8243;][vc_custom_heading text=&#8221;SOLUCIONS PER A LA IND\u00daSTRIA&#8221; font_container=&#8221;tag:h1|font_size:30|text_align:center|color:%23000000|line_height:20px&#8221; google_fonts=&#8221;font_family:Roboto%3A100%2C100italic%2C300%2C300italic%2Cregular%2Citalic%2C500%2C500italic%2C700%2C700italic%2C900%2C900italic|font_style:700%20bold%20italic%3A700%3Aitalic&#8221; link=&#8221;|||&#8221;][\/vc_column][vc_column width=&#8221;1\/2&#8243;][\/vc_column][\/vc_row][vc_row type=&#8221;full_page_width_inner_container&#8221; padding_top=&#8221;&#8221; padding_bottom=&#8221;&#8221; css=&#8221;.vc_custom_1512844219463{margin-bottom: 0px !important;padding-top: 30px !important;background-color: #f5f5f5 !important;}&#8221; el_class=&#8221;overflow-visible&#8221;][vc_column][vc_custom_heading text=&#8221;Tractament i depuraci\u00f3 d&#8217;aig\u00fces industrials&#8221; font_container=&#8221;tag:h1|font_size:32|text_align:center|color:%231e1e1e|line_height:40px&#8221; google_fonts=&#8221;font_family:Roboto%3A100%2C100italic%2C300%2C300italic%2Cregular%2Citalic%2C500%2C500italic%2C700%2C700italic%2C900%2C900italic|font_style:300%20light%20regular%3A300%3Anormal&#8221; css_animation=&#8221;fadeInDown&#8221; css=&#8221;.vc_custom_1604683449988{margin-bottom: 5px !important;padding-top: 20px !important;padding-right: 50px !important;padding-left: 50px !important;}&#8221; link=&#8221;url:https%3A%2F%2Fwww.ditrag.es%2Findustria-2|title:Ind%C3%BAstria|&#8221;][vc_raw_html]PGRpdiBjbGFzcz0iZG93bl9hcnJvdyIgc3R5bGU9InRvcDogLTc1cHg7Ij48aSBjbGFzcz0iaW9uLWlvcy1hcnJvdy1kb3duIj48L2k+PC9kaXY+[\/vc_raw_html][vc_row_inner css=&#8221;.vc_custom_1512846143640{margin-bottom: -20px !important;}&#8221;][vc_column_inner width=&#8221;1\/2&#8243;][vc_custom_heading text=&#8221;Depuraci\u00f3 d&#8217;aig\u00fces residuals&#8221; font_container=&#8221;tag:h2|font_size:32|text_align:center|color:%231592c6&#8243; google_fonts=&#8221;font_family:Roboto%3A100%2C100italic%2C300%2C300italic%2Cregular%2Citalic%2C500%2C500italic%2C700%2C700italic%2C900%2C900italic|font_style:400%20regular%3A400%3Anormal&#8221; css_animation=&#8221;none&#8221; link=&#8221;url:https%3A%2F%2Fwww.ditrag.es%2Fnoticias%2Fdepuracion-de-aguas-residuales-2|title:Depuraci%C3%B3%20d%27aig%C3%BCes%20residuals|&#8221;][vc_empty_space height=&#8221;10px&#8221;][vc_column_text css_animation=&#8221;none&#8221;]L&#8217;activitat industrial genera una gran diversitat d&#8217; <strong> abocaments contaminats. Aquests abocaments necessiten ser tractats de forma eficient per evitar danys ambientals i sancions de les autoritats reguladores.<br \/>\nNosaltres els proposem la recerca de les solucions m\u00e9s adequades i sostenibles per tractar les <strong> aig\u00fces residuals generades en cada cas. <strong> Dissenyem i instal\u00b7lem els equips i processos, claus en m\u00e0, i oferim el seu <strong> manteniment posterior.<\/strong><\/strong><\/strong><\/strong>[\/vc_column_text][vc_empty_space height=&#8221;20px&#8221;][vc_btn title=&#8221;M\u00e9s informaci\u00f3&#8221; style=&#8221;outline-custom&#8221; outline_custom_color=&#8221;#1592c6&#8243; outline_custom_hover_background=&#8221;#1592c6&#8243; outline_custom_hover_text=&#8221;#ffffff&#8221; align=&#8221;center&#8221; css_animation=&#8221;none&#8221; link=&#8221;url:https%3A%2F%2Fwww.ditrag.es%2Fnoticias%2Fdepuracion-de-aguas-residuales-2|title:Depuraci%C3%B3%20d%27aig%C3%BCes%20residuals|target:_blank|&#8221; css=&#8221;.vc_custom_1608029443281{margin-top: -40px !important;border-top-width: -20px !important;}&#8221;][\/vc_column_inner][vc_column_inner width=&#8221;1\/2&#8243;][vc_single_image image=&#8221;71825&#8243; img_size=&#8221;medium&#8221; add_caption=&#8221;yes&#8221; alignment=&#8221;center&#8221; css_animation=&#8221;none&#8221;][\/vc_column_inner][\/vc_row_inner][vc_empty_space height=&#8221;19&#8243;][vc_row_inner css=&#8221;.vc_custom_1598630920591{padding-top: -30px !important;}&#8221;][vc_column_inner width=&#8221;1\/2&#8243; css=&#8221;.vc_custom_1598631114000{padding-top: -30px !important;}&#8221;][vc_custom_heading text=&#8221;Producci\u00f3 d&#8217;aigua industrial de qualitat&#8221; font_container=&#8221;tag:h2|font_size:32|text_align:center|color:%231592c6&#8243; google_fonts=&#8221;font_family:Roboto%3A100%2C100italic%2C300%2C300italic%2Cregular%2Citalic%2C500%2C500italic%2C700%2C700italic%2C900%2C900italic|font_style:400%20regular%3A400%3Anormal&#8221; css_animation=&#8221;none&#8221; css=&#8221;.vc_custom_1605524646716{margin-top: 20px !important;}&#8221; link=&#8221;url:https%3A%2F%2Fwww.ditrag.es%2Fproduccion-de-agua-de-calidad|title:Producci%C3%B3%20d%27aigua%20de%20qualitat|&#8221;][vc_empty_space height=&#8221;20px&#8221;][vc_column_text css_animation=&#8221;none&#8221;]<strong> L&#8217;aigua per a \u00fas industrial requereix moltes vegades uns est\u00e0ndards de qualitat que no es compleixen d&#8217;inici. En funci\u00f3 del proc\u00e9s al qual vagi destinada, l&#8217;aigua s&#8217;ha de sotmetre a tractaments espec\u00edfics i m\u00e9s o menys complexos que li permetin aconseguir la qualitat necess\u00e0ria.<\/strong><\/p>\n<p>Nosaltres estudiem quines s\u00f3n les necessitats del <strong> proc\u00e9s industrial en cada cas particular i oferim tractaments d&#8217;\u00faltima generaci\u00f3 per a la <strong> obtenci\u00f3 d&#8217;aigua amb la qualitat requerida.\u00a0<\/strong><\/strong>[\/vc_column_text][vc_empty_space height=&#8221;20px&#8221;][vc_btn title=&#8221;M\u00e9s informaci\u00f3&#8221; style=&#8221;outline-custom&#8221; outline_custom_color=&#8221;#1592c6&#8243; outline_custom_hover_background=&#8221;#1592c6&#8243; outline_custom_hover_text=&#8221;#ffffff&#8221; align=&#8221;center&#8221; css_animation=&#8221;none&#8221; link=&#8221;url:https%3A%2F%2Fwww.ditrag.es%2Findustria%2Fproduccion-de-agua-de-calidad|title:Producci%C3%B3%20d%27aigua%20de%20qualitat|target:%20_blank|&#8221; css=&#8221;.vc_custom_1605525190825{margin-top: -40px !important;border-top-width: -20px !important;}&#8221;][\/vc_column_inner][vc_column_inner width=&#8221;1\/2&#8243;][vc_single_image image=&#8221;71506&#8243; img_size=&#8221;medium&#8221; add_caption=&#8221;yes&#8221; alignment=&#8221;center&#8221; css_animation=&#8221;none&#8221;][\/vc_column_inner][\/vc_row_inner][vc_empty_space height=&#8221;19&#8243;][vc_row_inner][vc_column_inner width=&#8221;1\/2&#8243;][vc_custom_heading text=&#8221;Reutilitzaci\u00f3 de l&#8217;aigua de processos industrials&#8221; font_container=&#8221;tag:h2|font_size:32|text_align:center|color:%231592c6&#8243; google_fonts=&#8221;font_family:Roboto%3A100%2C100italic%2C300%2C300italic%2Cregular%2Citalic%2C500%2C500italic%2C700%2C700italic%2C900%2C900italic|font_style:400%20regular%3A400%3Anormal&#8221; css_animation=&#8221;none&#8221; link=&#8221;url:https%3A%2F%2Fwww.ditrag.es%2Freutilizacion-del-agua|title:Reutilitzaci%C3%B3%20de%20l%27aigua|&#8221;][vc_empty_space height=&#8221;20&#8243;][vc_column_text css_animation=&#8221;none&#8221;]Dissenyem i instal\u00b7lem equips per <strong> tractar l&#8217;aigua que es fa servir en els processos industrials, de manera que pugui ser <strong> reutilitzada en processos de <strong> rentat i refrigeraci\u00f3.<\/strong><\/strong><\/strong><\/p>\n<p>Els sistemes de <strong> recirculaci\u00f3 d&#8217;aigua en circuit tancat permeten <strong> reduir consums i eviten l&#8217;abocament d&#8217;<strong>aig\u00fces residuals contaminades\u00a0<\/strong><\/strong><\/strong>[\/vc_column_text][vc_btn title=&#8221;M\u00e9s informaci\u00f3&#8221; style=&#8221;outline-custom&#8221; outline_custom_color=&#8221;#1592c6&#8243; outline_custom_hover_background=&#8221;#1592c6&#8243; outline_custom_hover_text=&#8221;#ffffff&#8221; align=&#8221;center&#8221; css_animation=&#8221;none&#8221; link=&#8221;url:https%3A%2F%2Fwww.ditrag.es%2Findustria%2Freutilizacion-del-agua|title:Reutilitzaci%C3%B3%20de%20l%27aigua|target:%20_blank|&#8221;][\/vc_column_inner][vc_column_inner width=&#8221;1\/2&#8243;][vc_single_image image=&#8221;71509&#8243; img_size=&#8221;medium&#8221; add_caption=&#8221;yes&#8221; alignment=&#8221;center&#8221;][\/vc_column_inner][\/vc_row_inner][vc_empty_space height=&#8221;19&#8243;][vc_row_inner content_placement=&#8221;top&#8221;][vc_column_inner width=&#8221;1\/2&#8243; css=&#8221;.vc_custom_1510050456830{margin-right: 10px !important;margin-left: 10px !important;}&#8221;][vc_custom_heading text=&#8221;Potabilitzaci\u00f3 i desinfecci\u00f3 de l&#8217;aigua&#8221; font_container=&#8221;tag:h2|font_size:32|text_align:center|color:%231592c6&#8243; google_fonts=&#8221;font_family:Roboto%3A100%2C100italic%2C300%2C300italic%2Cregular%2Citalic%2C500%2C500italic%2C700%2C700italic%2C900%2C900italic|font_style:400%20regular%3A400%3Anormal&#8221; css_animation=&#8221;none&#8221; link=&#8221;url:https%3A%2F%2Fwww.ditrag.es%2Findustria-2%2Fpotabilizacion-y-desinfeccion|title:Potabilitzaci%C3%B3%20i%20Desinfecci%C3%B3|&#8221;][vc_empty_space height=&#8221;40px&#8221;][vc_column_text css_animation=&#8221;none&#8221; css=&#8221;.vc_custom_1610986602251{margin-top: -40px !important;border-top-width: -20px !important;}&#8221;]Instal\u00b7lem processos de <strong> potabilitzaci\u00f3 i desinfecci\u00f3 per aconseguir l&#8217;a<strong>profitament de fonts naturals d&#8217;aigua, superficials o subterr\u00e0nies, que no han estat sotmeses a un tractament previ.<\/strong><\/strong><\/p>\n<p><strong> La potabilitzaci\u00f3 permet assegurar una qualitat d&#8217;aigua adequada per al consum hum\u00e0, en conformitat amb els criteris sanitaris que estableix la legislaci\u00f3 vigent.<\/strong>[\/vc_column_text][vc_btn title=&#8221;M\u00e9s informaci\u00f3&#8221; style=&#8221;outline-custom&#8221; outline_custom_color=&#8221;#1592c6&#8243; outline_custom_hover_background=&#8221;#1592c6&#8243; outline_custom_hover_text=&#8221;#ffffff&#8221; align=&#8221;center&#8221; css_animation=&#8221;none&#8221; link=&#8221;url:https%3A%2F%2Fwww.ditrag.es%2Findustria%2Fpotabilizacion-y-desinfeccion|title:Potabilitzaci%C3%B3%20i%20Desinfecci%C3%B3|target:%20_blank|&#8221;][\/vc_column_inner][vc_column_inner width=&#8221;1\/2&#8243;][vc_single_image image=&#8221;71239&#8243; img_size=&#8221;medium&#8221; add_caption=&#8221;yes&#8221; alignment=&#8221;center&#8221; css_animation=&#8221;none&#8221;][\/vc_column_inner][\/vc_row_inner][vc_empty_space height=&#8221;19&#8243;][vc_row_inner][vc_column_inner width=&#8221;1\/2&#8243;][vc_custom_heading text=&#8221;Equips de mesura i control&#8221; font_container=&#8221;tag:h2|font_size:32|text_align:center|color:%231592c6&#8243; google_fonts=&#8221;font_family:Roboto%3A100%2C100italic%2C300%2C300italic%2Cregular%2Citalic%2C500%2C500italic%2C700%2C700italic%2C900%2C900italic|font_style:400%20regular%3A400%3Anormal&#8221; css_animation=&#8221;none&#8221; link=&#8221;url:https%3A%2F%2Fwww.ditrag.es%2Findustria-2%2Fequipos-de-medicion-y-control|title:Equips%20de%20mesura%20i%20control|&#8221;][vc_empty_space height=&#8221;20&#8243;][vc_column_text]Som distribu\u00efdors a Espanya de B&amp;C Electronics, fabricants d&#8217;equips per a la mesura i control de l\u00edquids i gasos. S\u00f3n productes fiables, precisos i resistents, especialment indicats per a treballs de camp.<\/p>\n<p>B&amp;C Electronics ofereix una \u00e0mplia gamma d&#8217;equips destinats a gran varietat de sectors d&#8217;activitat.[\/vc_column_text][vc_btn title=&#8221;M\u00e9s informaci\u00f3&#8221; style=&#8221;outline-custom&#8221; outline_custom_color=&#8221;#1592c6&#8243; outline_custom_hover_background=&#8221;#1592c6&#8243; outline_custom_hover_text=&#8221;#ffffff&#8221; align=&#8221;center&#8221; css_animation=&#8221;none&#8221; link=&#8221;url:https%3A%2F%2Fwww.ditrag.es%2Findustria%2Fequipos-de-medicion-y-control|title:B%26C%20Electronics|target:%20_blank|&#8221;][\/vc_column_inner][vc_column_inner width=&#8221;1\/2&#8243;][vc_single_image image=&#8221;71853&#8243; img_size=&#8221;medium&#8221; add_caption=&#8221;yes&#8221; alignment=&#8221;center&#8221; css_animation=&#8221;none&#8221;][\/vc_column_inner][\/vc_row_inner][\/vc_column][\/vc_row][vc_row equal_height=&#8221;yes&#8221; css_animation=&#8221;fadeInRight&#8221; type=&#8221;container&#8221; padding_top=&#8221;&#8221; padding_bottom=&#8221;&#8221;][vc_column width=&#8221;1\/2&#8243;][\/vc_column][vc_column width=&#8221;1\/2&#8243;][\/vc_column][\/vc_row][vc_row type=&#8221;container&#8221; padding_top=&#8221;&#8221; padding_bottom=&#8221;&#8221;][vc_column][\/vc_column][\/vc_row][vc_row type=&#8221;container&#8221; padding_top=&#8221;&#8221; padding_bottom=&#8221;&#8221;][vc_column][\/vc_column][\/vc_row]\n<\/div>","protected":false},"excerpt":{"rendered":"<p>[vc_row type=&#8221;full_page_width&#8221; padding_top=&#8221;&#8221; padding_bottom=&#8221;&#8221; css=&#8221;.vc_custom_1598542461880{border-bottom-width: 1px !important;padding-top: 50px !important;padding-bottom: 100px !important;background-image: url(https:\/\/www.ditrag.es\/wp-content\/uploads\/2020\/08\/IMG_1231.jpg?id=73464) !important;background-position: center !important;background-repeat: no-repeat !important;background-size: cover !important;border-bottom-style: solid !important;}&#8221;][vc_column width=&#8221;1\/2&#8243;][vc_empty_space height=&#8221;32&#8243;][vc_custom_heading text=&#8221;SOLUCIONS PER A LA IND\u00daSTRIA&#8221; font_container=&#8221;tag:h1|font_size:30|text_align:center|color:%23000000|line_height:20px&#8221; google_fonts=&#8221;font_family:Roboto%3A100%2C100italic%2C300%2C300italic%2Cregular%2Citalic%2C500%2C500italic%2C700%2C700italic%2C900%2C900italic|font_style:700%20bold%20italic%3A700%3Aitalic&#8221; link=&#8221;|||&#8221;][\/vc_column][vc_column width=&#8221;1\/2&#8243;][\/vc_column][\/vc_row][vc_row type=&#8221;full_page_width_inner_container&#8221; padding_top=&#8221;&#8221; padding_bottom=&#8221;&#8221; css=&#8221;.vc_custom_1512844219463{margin-bottom: 0px !important;padding-top: 30px !important;background-color: #f5f5f5 !important;}&#8221; el_class=&#8221;overflow-visible&#8221;][vc_column][vc_custom_heading text=&#8221;Tractament i depuraci\u00f3 d&#8217;aig\u00fces industrials&#8221; font_container=&#8221;tag:h1|font_size:32|text_align:center|color:%231e1e1e|line_height:40px&#8221; google_fonts=&#8221;font_family:Roboto%3A100%2C100italic%2C300%2C300italic%2Cregular%2Citalic%2C500%2C500italic%2C700%2C700italic%2C900%2C900italic|font_style:300%20light%20regular%3A300%3Anormal&#8221; css_animation=&#8221;fadeInDown&#8221; css=&#8221;.vc_custom_1604683449988{margin-bottom: 5px !important;padding-top: 20px [&hellip;]<\/p>\n","protected":false},"author":3,"featured_media":0,"parent":0,"menu_order":0,"comment_status":"closed","ping_status":"closed","template":"page-full-width.php","meta":{"_acf_changed":false,"footnotes":""},"class_list":["post-73779","page","type-page","status-publish","hentry"],"acf":[],"yoast_head":"<!-- This site is optimized with the Yoast SEO plugin v24.0 - https:\/\/yoast.com\/wordpress\/plugins\/seo\/ -->\n<title>Tractament i depuraci\u00f3 de les aig\u00fces industrials.<\/title>\n<meta name=\"description\" content=\"Oferim solucions integrals d&#039;avantguarda per al tractament i la depuraci\u00f3 de les aig\u00fces industrials.\" \/>\n<meta name=\"robots\" content=\"index, follow, max-snippet:-1, max-image-preview:large, max-video-preview:-1\" \/>\n<link rel=\"canonical\" href=\"https:\/\/www.ditrag.es\/ca\/industria\" \/>\n<meta property=\"og:locale\" content=\"ca_ES\" \/>\n<meta property=\"og:type\" content=\"article\" \/>\n<meta property=\"og:title\" content=\"Tractament i depuraci\u00f3 de les aig\u00fces industrials.\" \/>\n<meta property=\"og:description\" content=\"Oferim solucions integrals d&#039;avantguarda per al tractament i la depuraci\u00f3 de les aig\u00fces industrials.\" \/>\n<meta property=\"og:url\" content=\"https:\/\/www.ditrag.es\/ca\/industria\" \/>\n<meta property=\"og:site_name\" content=\"Ditrag\" \/>\n<meta property=\"article:modified_time\" content=\"2021-01-18T16:18:44+00:00\" \/>\n<meta property=\"og:image\" content=\"https:\/\/www.ditrag.es\/wp-content\/uploads\/2018\/07\/logo-ditrag-social.jpg\" \/>\n\t<meta property=\"og:image:width\" content=\"1200\" \/>\n\t<meta property=\"og:image:height\" content=\"1200\" \/>\n\t<meta property=\"og:image:type\" content=\"image\/jpeg\" \/>\n<meta name=\"twitter:card\" content=\"summary_large_image\" \/>\n<meta name=\"twitter:label1\" content=\"Temps estimat de lectura\" \/>\n\t<meta name=\"twitter:data1\" content=\"8 minuts\" \/>\n<script type=\"application\/ld+json\" class=\"yoast-schema-graph\">{\"@context\":\"https:\/\/schema.org\",\"@graph\":[{\"@type\":\"WebPage\",\"@id\":\"https:\/\/www.ditrag.es\/ca\/industria\",\"url\":\"https:\/\/www.ditrag.es\/ca\/industria\",\"name\":\"Tractament i depuraci\u00f3 de les aig\u00fces industrials.\",\"isPartOf\":{\"@id\":\"https:\/\/www.ditrag.es\/ca#website\"},\"datePublished\":\"2021-01-12T09:34:56+00:00\",\"dateModified\":\"2021-01-18T16:18:44+00:00\",\"description\":\"Oferim solucions integrals d'avantguarda per al tractament i la depuraci\u00f3 de les aig\u00fces industrials.\",\"inLanguage\":\"ca\",\"potentialAction\":[{\"@type\":\"ReadAction\",\"target\":[\"https:\/\/www.ditrag.es\/ca\/industria\"]}]},{\"@type\":\"WebSite\",\"@id\":\"https:\/\/www.ditrag.es\/ca#website\",\"url\":\"https:\/\/www.ditrag.es\/ca\",\"name\":\"Ditrag\",\"description\":\"Depuraci\u00f3n y tratamiento del agua\",\"publisher\":{\"@id\":\"https:\/\/www.ditrag.es\/ca#organization\"},\"potentialAction\":[{\"@type\":\"SearchAction\",\"target\":{\"@type\":\"EntryPoint\",\"urlTemplate\":\"https:\/\/www.ditrag.es\/ca?s={search_term_string}\"},\"query-input\":{\"@type\":\"PropertyValueSpecification\",\"valueRequired\":true,\"valueName\":\"search_term_string\"}}],\"inLanguage\":\"ca\"},{\"@type\":\"Organization\",\"@id\":\"https:\/\/www.ditrag.es\/ca#organization\",\"name\":\"Ditrag\",\"url\":\"https:\/\/www.ditrag.es\/ca\",\"logo\":{\"@type\":\"ImageObject\",\"inLanguage\":\"ca\",\"@id\":\"https:\/\/www.ditrag.es\/ca#\/schema\/logo\/image\/\",\"url\":\"https:\/\/www.ditrag.es\/wp-content\/uploads\/2018\/07\/logo-ditrag-social.jpg\",\"contentUrl\":\"https:\/\/www.ditrag.es\/wp-content\/uploads\/2018\/07\/logo-ditrag-social.jpg\",\"width\":1200,\"height\":1200,\"caption\":\"Ditrag\"},\"image\":{\"@id\":\"https:\/\/www.ditrag.es\/ca#\/schema\/logo\/image\/\"}}]}<\/script>\n<!-- \/ Yoast SEO plugin. -->","yoast_head_json":{"title":"Tractament i depuraci\u00f3 de les aig\u00fces industrials.","description":"Oferim solucions integrals d'avantguarda per al tractament i la depuraci\u00f3 de les aig\u00fces industrials.","robots":{"index":"index","follow":"follow","max-snippet":"max-snippet:-1","max-image-preview":"max-image-preview:large","max-video-preview":"max-video-preview:-1"},"canonical":"https:\/\/www.ditrag.es\/ca\/industria","og_locale":"ca_ES","og_type":"article","og_title":"Tractament i depuraci\u00f3 de les aig\u00fces industrials.","og_description":"Oferim solucions integrals d'avantguarda per al tractament i la depuraci\u00f3 de les aig\u00fces industrials.","og_url":"https:\/\/www.ditrag.es\/ca\/industria","og_site_name":"Ditrag","article_modified_time":"2021-01-18T16:18:44+00:00","og_image":[{"width":1200,"height":1200,"url":"https:\/\/www.ditrag.es\/wp-content\/uploads\/2018\/07\/logo-ditrag-social.jpg","type":"image\/jpeg"}],"twitter_card":"summary_large_image","twitter_misc":{"Temps estimat de lectura":"8 minuts"},"schema":{"@context":"https:\/\/schema.org","@graph":[{"@type":"WebPage","@id":"https:\/\/www.ditrag.es\/ca\/industria","url":"https:\/\/www.ditrag.es\/ca\/industria","name":"Tractament i depuraci\u00f3 de les aig\u00fces industrials.","isPartOf":{"@id":"https:\/\/www.ditrag.es\/ca#website"},"datePublished":"2021-01-12T09:34:56+00:00","dateModified":"2021-01-18T16:18:44+00:00","description":"Oferim solucions integrals d'avantguarda per al tractament i la depuraci\u00f3 de les aig\u00fces industrials.","inLanguage":"ca","potentialAction":[{"@type":"ReadAction","target":["https:\/\/www.ditrag.es\/ca\/industria"]}]},{"@type":"WebSite","@id":"https:\/\/www.ditrag.es\/ca#website","url":"https:\/\/www.ditrag.es\/ca","name":"Ditrag","description":"Depuraci\u00f3n y tratamiento del agua","publisher":{"@id":"https:\/\/www.ditrag.es\/ca#organization"},"potentialAction":[{"@type":"SearchAction","target":{"@type":"EntryPoint","urlTemplate":"https:\/\/www.ditrag.es\/ca?s={search_term_string}"},"query-input":{"@type":"PropertyValueSpecification","valueRequired":true,"valueName":"search_term_string"}}],"inLanguage":"ca"},{"@type":"Organization","@id":"https:\/\/www.ditrag.es\/ca#organization","name":"Ditrag","url":"https:\/\/www.ditrag.es\/ca","logo":{"@type":"ImageObject","inLanguage":"ca","@id":"https:\/\/www.ditrag.es\/ca#\/schema\/logo\/image\/","url":"https:\/\/www.ditrag.es\/wp-content\/uploads\/2018\/07\/logo-ditrag-social.jpg","contentUrl":"https:\/\/www.ditrag.es\/wp-content\/uploads\/2018\/07\/logo-ditrag-social.jpg","width":1200,"height":1200,"caption":"Ditrag"},"image":{"@id":"https:\/\/www.ditrag.es\/ca#\/schema\/logo\/image\/"}}]}},"_links":{"self":[{"href":"https:\/\/www.ditrag.es\/ca\/wp-json\/wp\/v2\/pages\/73779","targetHints":{"allow":["GET"]}}],"collection":[{"href":"https:\/\/www.ditrag.es\/ca\/wp-json\/wp\/v2\/pages"}],"about":[{"href":"https:\/\/www.ditrag.es\/ca\/wp-json\/wp\/v2\/types\/page"}],"author":[{"embeddable":true,"href":"https:\/\/www.ditrag.es\/ca\/wp-json\/wp\/v2\/users\/3"}],"replies":[{"embeddable":true,"href":"https:\/\/www.ditrag.es\/ca\/wp-json\/wp\/v2\/comments?post=73779"}],"version-history":[{"count":4,"href":"https:\/\/www.ditrag.es\/ca\/wp-json\/wp\/v2\/pages\/73779\/revisions"}],"predecessor-version":[{"id":73957,"href":"https:\/\/www.ditrag.es\/ca\/wp-json\/wp\/v2\/pages\/73779\/revisions\/73957"}],"wp:attachment":[{"href":"https:\/\/www.ditrag.es\/ca\/wp-json\/wp\/v2\/media?parent=73779"}],"curies":[{"name":"wp","href":"https:\/\/api.w.org\/{rel}","templated":true}]}}