{"id":73782,"date":"2021-01-12T12:59:28","date_gmt":"2021-01-12T11:59:28","guid":{"rendered":"https:\/\/www.ditrag.es\/industria\/depuracio-daigues-residuals"},"modified":"2021-01-18T17:34:42","modified_gmt":"2021-01-18T16:34:42","slug":"depuracio-daigues-residuals","status":"publish","type":"page","link":"https:\/\/www.ditrag.es\/ca\/industria\/depuracio-daigues-residuals","title":{"rendered":"Depuraci\u00f3 d&#8217;aig\u00fces residuals"},"content":{"rendered":"<div class=\"wpb-content-wrapper\">[vc_row type=&#8221;full_page_width&#8221; padding_top=&#8221;&#8221; padding_bottom=&#8221;&#8221; css=&#8221;.vc_custom_1594740738859{border-bottom-width: 1px !important;padding-top: 50px !important;padding-bottom: 100px !important;background-image: url(https:\/\/www.ditrag.es\/wp-content\/uploads\/2020\/07\/IMG_0884-1-scaled.jpg?id=72843) !important;background-position: center !important;background-repeat: no-repeat !important;background-size: cover !important;border-bottom-style: solid !important;}&#8221;][vc_column width=&#8221;1\/2&#8243;][vc_empty_space height=&#8221;32&#8243;][vc_custom_heading source=&#8221;post_title&#8221; font_container=&#8221;tag:h1|font_size:30|text_align:center|color:%23ffffff|line_height:20px&#8221; google_fonts=&#8221;font_family:Roboto%3A100%2C100italic%2C300%2C300italic%2Cregular%2Citalic%2C500%2C500italic%2C700%2C700italic%2C900%2C900italic|font_style:500%20bold%20italic%3A500%3Aitalic&#8221; link=&#8221;|||&#8221;][\/vc_column][vc_column width=&#8221;1\/2&#8243;][\/vc_column][\/vc_row][vc_row type=&#8221;full_page_width_inner_container&#8221; padding_top=&#8221;&#8221; padding_bottom=&#8221;&#8221; css=&#8221;.vc_custom_1512844219463{margin-bottom: 0px !important;padding-top: 30px !important;background-color: #f5f5f5 !important;}&#8221; el_class=&#8221;overflow-visible&#8221;][vc_column][vc_custom_heading text=&#8221;Solucions efectives en depuraci\u00f3 d&#8217;aig\u00fces residuals per a m\u00faltiples sectors de la ind\u00fastria&#8221; font_container=&#8221;tag:h1|font_size:32|text_align:center|color:%231e1e1e|line_height:40px&#8221; google_fonts=&#8221;font_family:Roboto%3A100%2C100italic%2C300%2C300italic%2Cregular%2Citalic%2C500%2C500italic%2C700%2C700italic%2C900%2C900italic|font_style:300%20light%20regular%3A300%3Anormal&#8221; css_animation=&#8221;fadeInDown&#8221; css=&#8221;.vc_custom_1605546947319{margin-bottom: 5px !important;padding-top: 20px !important;padding-right: 50px !important;padding-left: 50px !important;}&#8221;][vc_raw_html]PGRpdiBjbGFzcz0iZG93bl9hcnJvdyIgc3R5bGU9InRvcDogLTc1cHg7Ij48aSBjbGFzcz0iaW9uLWlvcy1hcnJvdy1kb3duIj48L2k+PC9kaXY+[\/vc_raw_html][vc_row_inner css=&#8221;.vc_custom_1512846143640{margin-bottom: -20px !important;}&#8221;][vc_column_inner width=&#8221;1\/2&#8243;][vc_custom_heading text=&#8221;Processos fisicoqu\u00edmics&#8221; font_container=&#8221;tag:h2|font_size:32|text_align:center|color:%231592c6&#8243; google_fonts=&#8221;font_family:Roboto%3A100%2C100italic%2C300%2C300italic%2Cregular%2Citalic%2C500%2C500italic%2C700%2C700italic%2C900%2C900italic|font_style:400%20regular%3A400%3Anormal&#8221; css_animation=&#8221;fadeInLeft&#8221;][vc_empty_space height=&#8221;20px&#8221;][vc_column_text css_animation=&#8221;fadeInLeft&#8221;]\n<ul>\n<li>Implantaci\u00f3 de <strong> processos en continu pel tractament de grans volums d&#8217;<strong>aig\u00fces residuals amb un grau de <strong> contaminaci\u00f3<\/strong><\/strong><\/strong><\/li>\n<li>Sistemes de <strong> depuraci\u00f3 per c\u00e0rregues per tractar volums d&#8217;<strong>abocaments petits generats de forma discont\u00ednua i amb contaminaci\u00f3 mitjana-alta.<\/strong><\/strong><\/li>\n<li>Dissenyem <strong> instal\u00b7lacions\u00a0 que es subministren ja acoblades i llestes per ser usades, adequades per a petites insdustrias.\u00a0<\/strong><\/li>\n<li>Especialistes en el tractament de <strong> contaminants qu\u00edmics altament t\u00f2xics : <em> Crom hexavalent, cianur, amoni, metalls pesats, nitrits, olis, etc. <\/em> <\/strong>Optimitzem la separaci\u00f3 de contaminants mitjan\u00e7ant processos espec\u00edfics de <strong>\u00a0<strong>coagulaci\u00f3 i floculaci\u00f3.<\/strong><\/strong><\/li>\n<li>Realitzem <strong><strong><strong> el tractament de fangs\u00a0 mitjan\u00e7ant processos de <strong> sedimentaci\u00f3, <strong> espessiment o <strong> deshidrataci\u00f3\u00a0<\/strong><\/strong><\/strong><\/strong><\/strong><\/strong><\/li>\n<\/ul>\n[\/vc_column_text][vc_btn title=&#8221;Anar a projectes&#8221; style=&#8221;outline-custom&#8221; outline_custom_color=&#8221;#1592c6&#8243; outline_custom_hover_background=&#8221;#1592c6&#8243; outline_custom_hover_text=&#8221;#ffffff&#8221; css_animation=&#8221;fadeInLeft&#8221; link=&#8221;url:https%3A%2F%2Fwww.ditrag.es%2Fca%2Fnoticies|title:Treballs%20realitzats|target:_blank&#8221; css=&#8221;.vc_custom_1610987368162{margin-top: -40px !important;border-top-width: -20px !important;}&#8221;][\/vc_column_inner][vc_column_inner width=&#8221;1\/2&#8243;][vc_single_image image=&#8221;71825&#8243; img_size=&#8221;full&#8221; alignment=&#8221;center&#8221; css_animation=&#8221;fadeInRight&#8221; css=&#8221;.vc_custom_1605548126007{margin-top: 50px !important;}&#8221;][\/vc_column_inner][\/vc_row_inner][vc_empty_space height=&#8221;19&#8243;][vc_row_inner content_placement=&#8221;middle&#8221; css=&#8221;.vc_custom_1512845814008{padding-top: -30px !important;border-radius: 2px !important;}&#8221;][vc_column_inner width=&#8221;1\/2&#8243; css=&#8221;.vc_custom_1598631273627{padding-top: -30px !important;}&#8221;][vc_custom_heading text=&#8221;Tractaments biol\u00f2gics&#8221; font_container=&#8221;tag:h2|font_size:32|text_align:center|color:%231592c6&#8243; google_fonts=&#8221;font_family:Roboto%3A100%2C100italic%2C300%2C300italic%2Cregular%2Citalic%2C500%2C500italic%2C700%2C700italic%2C900%2C900italic|font_style:400%20regular%3A400%3Anormal&#8221; css_animation=&#8221;fadeInLeft&#8221;][vc_empty_space height=&#8221;20px&#8221;][vc_column_text css_animation=&#8221;fadeInLeft&#8221;]\n<ul>\n<li style=\"list-style-type: none;\">\n<ul>\n<li>Processos aerobis i anaerobis.<\/li>\n<li>desbasts autom\u00e0tics.<\/li>\n<li>Oxidaci\u00f3 total.<\/li>\n<li>Filtraci\u00f3 biol\u00f2gica.<\/li>\n<li>Biodiscs.<\/li>\n<li>Separaci\u00f3 de fangs.<\/li>\n<li>reducci\u00f3 de DBO, DQO i mat\u00e8ries en suspensi\u00f3.<\/li>\n<li>Productes i aplicacions biotecnol\u00f2giques.<\/li>\n<\/ul>\n<\/li>\n<\/ul>\n[\/vc_column_text][vc_btn title=&#8221;Anar a projectes&#8221; style=&#8221;outline-custom&#8221; outline_custom_color=&#8221;#1592c6&#8243; outline_custom_hover_background=&#8221;#1592c6&#8243; outline_custom_hover_text=&#8221;#ffffff&#8221; css_animation=&#8221;fadeInLeft&#8221; link=&#8221;url:https%3A%2F%2Fwww.ditrag.es%2Fca%2Fnoticies|title:Treballs%20realitzats|target:_blank&#8221; css=&#8221;.vc_custom_1610987491288{margin-top: -40px !important;border-top-width: -20px !important;}&#8221;][\/vc_column_inner][vc_column_inner width=&#8221;1\/2&#8243;][vc_single_image image=&#8221;71828&#8243; img_size=&#8221;large&#8221; alignment=&#8221;center&#8221; css_animation=&#8221;fadeInRight&#8221;][vc_empty_space height=&#8221;20px&#8221;][\/vc_column_inner][\/vc_row_inner][vc_empty_space height=&#8221;19&#8243;][vc_row_inner content_placement=&#8221;top&#8221;][vc_column_inner width=&#8221;1\/2&#8243; css=&#8221;.vc_custom_1510050456830{margin-right: 10px !important;margin-left: 10px !important;}&#8221;][vc_empty_space height=&#8221;20px&#8221;][vc_custom_heading text=&#8221;Tractaments Terciaris&#8221; font_container=&#8221;tag:h2|font_size:32|text_align:center|color:%231592c6&#8243; google_fonts=&#8221;font_family:Roboto%3A100%2C100italic%2C300%2C300italic%2Cregular%2Citalic%2C500%2C500italic%2C700%2C700italic%2C900%2C900italic|font_style:400%20regular%3A400%3Anormal&#8221; css_animation=&#8221;fadeInLeft&#8221;][vc_empty_space][vc_column_text css_animation=&#8221;fadeInLeft&#8221; css=&#8221;.vc_custom_1610987014050{margin-top: -40px !important;border-top-width: -20px !important;}&#8221;]\n<ul>\n<li>Sistemes complets d&#8217;evaporaci\u00f3 al buit. Abocament zero.<\/li>\n<li>Filtres multicpa de sorra de s\u00edlex<\/li>\n<li>Resines selectives d&#8217;intercanvi i\u00f2nic<\/li>\n<li>Filtraci\u00f3 AFM alt rendiment.<\/li>\n<li>Tecnologia de membranes (UF, Microfiltraci\u00f3)<\/li>\n<li>Carb\u00f3 actiu<\/li>\n<li>Desinfecci\u00f3<\/li>\n<\/ul>\n[\/vc_column_text][vc_btn title=&#8221;Anar a projectes&#8221; style=&#8221;outline-custom&#8221; outline_custom_color=&#8221;#1592c6&#8243; outline_custom_hover_background=&#8221;#1592c6&#8243; outline_custom_hover_text=&#8221;#ffffff&#8221; css_animation=&#8221;fadeInLeft&#8221; link=&#8221;url:https%3A%2F%2Fwww.ditrag.es%2Fca%2Fnoticies|title:Treballs%20realitzats|target:_blank&#8221;][\/vc_column_inner][vc_column_inner width=&#8221;1\/2&#8243;][vc_single_image image=&#8221;71416&#8243; img_size=&#8221;full&#8221; alignment=&#8221;center&#8221; css_animation=&#8221;fadeInRight&#8221;][\/vc_column_inner][\/vc_row_inner][vc_empty_space height=&#8221;19&#8243;][\/vc_column][\/vc_row][vc_row equal_height=&#8221;yes&#8221; css_animation=&#8221;fadeInRight&#8221; type=&#8221;container&#8221; padding_top=&#8221;&#8221; padding_bottom=&#8221;&#8221;][vc_column width=&#8221;1\/2&#8243;][vc_empty_space][vc_custom_heading text=&#8221;Minimitzaci\u00f3 de residus&#8221; font_container=&#8221;tag:h2|font_size:32|text_align:center|color:%231592c6&#8243; google_fonts=&#8221;font_family:Roboto%3A100%2C100italic%2C300%2C300italic%2Cregular%2Citalic%2C500%2C500italic%2C700%2C700italic%2C900%2C900italic|font_style:400%20regular%3A400%3Anormal&#8221; css_animation=&#8221;fadeInLeft&#8221;][vc_empty_space height=&#8221;20px&#8221;][vc_column_text css_animation=&#8221;fadeInLeft&#8221;]\n<ul>\n<li>Sistemes per evaporaci\u00f3 atmosf\u00e8rica i \/ o al buit.<\/li>\n<li>T\u00e8cniques de membranes (UF, Microfiltraci\u00f3)<\/li>\n<li>Separaci\u00f3 d&#8217;olis i emulsions.<\/li>\n<li>Deposici\u00f3 electrol\u00edtica de metalls<\/li>\n<li>Oxidaci\u00f3 electrol\u00edtica de cianur.<\/li>\n<li>Descontaminaci\u00f3 i recuperaci\u00f3 de mat\u00e8ries primeres.<\/li>\n<\/ul>\n[\/vc_column_text][vc_btn title=&#8221;Anar a projectes&#8221; style=&#8221;outline-custom&#8221; outline_custom_color=&#8221;#1592c6&#8243; outline_custom_hover_background=&#8221;#1592c6&#8243; outline_custom_hover_text=&#8221;#ffffff&#8221; css_animation=&#8221;fadeInLeft&#8221; link=&#8221;url:https%3A%2F%2Fwww.ditrag.es%2Fca%2Fnoticies|title:Treballs%20realitzats|target:_blank&#8221;][\/vc_column][vc_column width=&#8221;1\/2&#8243;][vc_single_image image=&#8221;72905&#8243; img_size=&#8221;full&#8221; alignment=&#8221;center&#8221; css_animation=&#8221;fadeInRight&#8221;][\/vc_column][\/vc_row][vc_row type=&#8221;container&#8221; padding_top=&#8221;&#8221; padding_bottom=&#8221;&#8221;][vc_column][\/vc_column][\/vc_row][vc_row type=&#8221;container&#8221; padding_top=&#8221;&#8221; padding_bottom=&#8221;&#8221;][vc_column][\/vc_column][\/vc_row][vc_row type=&#8221;container&#8221; padding_top=&#8221;&#8221; padding_bottom=&#8221;&#8221;][vc_column][vc_column_text]\n[\/vc_column_text][\/vc_column][\/vc_row]\n<\/div>","protected":false},"excerpt":{"rendered":"<p>[vc_row type=&#8221;full_page_width&#8221; padding_top=&#8221;&#8221; padding_bottom=&#8221;&#8221; css=&#8221;.vc_custom_1594740738859{border-bottom-width: 1px !important;padding-top: 50px !important;padding-bottom: 100px !important;background-image: url(https:\/\/www.ditrag.es\/wp-content\/uploads\/2020\/07\/IMG_0884-1-scaled.jpg?id=72843) !important;background-position: center !important;background-repeat: no-repeat !important;background-size: cover !important;border-bottom-style: solid !important;}&#8221;][vc_column width=&#8221;1\/2&#8243;][vc_empty_space height=&#8221;32&#8243;][vc_custom_heading source=&#8221;post_title&#8221; font_container=&#8221;tag:h1|font_size:30|text_align:center|color:%23ffffff|line_height:20px&#8221; google_fonts=&#8221;font_family:Roboto%3A100%2C100italic%2C300%2C300italic%2Cregular%2Citalic%2C500%2C500italic%2C700%2C700italic%2C900%2C900italic|font_style:500%20bold%20italic%3A500%3Aitalic&#8221; link=&#8221;|||&#8221;][\/vc_column][vc_column width=&#8221;1\/2&#8243;][\/vc_column][\/vc_row][vc_row type=&#8221;full_page_width_inner_container&#8221; padding_top=&#8221;&#8221; padding_bottom=&#8221;&#8221; css=&#8221;.vc_custom_1512844219463{margin-bottom: 0px !important;padding-top: 30px !important;background-color: #f5f5f5 !important;}&#8221; el_class=&#8221;overflow-visible&#8221;][vc_column][vc_custom_heading text=&#8221;Solucions efectives en depuraci\u00f3 d&#8217;aig\u00fces residuals per a m\u00faltiples sectors de la ind\u00fastria&#8221; font_container=&#8221;tag:h1|font_size:32|text_align:center|color:%231e1e1e|line_height:40px&#8221; google_fonts=&#8221;font_family:Roboto%3A100%2C100italic%2C300%2C300italic%2Cregular%2Citalic%2C500%2C500italic%2C700%2C700italic%2C900%2C900italic|font_style:300%20light%20regular%3A300%3Anormal&#8221; css_animation=&#8221;fadeInDown&#8221; [&hellip;]<\/p>\n","protected":false},"author":3,"featured_media":0,"parent":73779,"menu_order":1,"comment_status":"closed","ping_status":"closed","template":"page-full-width.php","meta":{"_acf_changed":false,"footnotes":""},"class_list":["post-73782","page","type-page","status-publish","hentry"],"acf":[],"yoast_head":"<!-- This site is optimized with the Yoast SEO plugin v24.0 - https:\/\/yoast.com\/wordpress\/plugins\/seo\/ -->\n<title>Tractament i depuraci\u00f3 d&#039;aig\u00fces residuals industrials<\/title>\n<meta name=\"description\" content=\"Solucions efectives en depuraci\u00f3. Processos fisicoqu\u00edmics. Tractaments biol\u00f2gics. Tractaments terciaris. Minimitzaci\u00f3 de residus.\" \/>\n<meta name=\"robots\" content=\"index, follow, max-snippet:-1, max-image-preview:large, max-video-preview:-1\" \/>\n<link rel=\"canonical\" href=\"https:\/\/www.ditrag.es\/ca\/industria\/depuracio-daigues-residuals\" \/>\n<meta property=\"og:locale\" content=\"ca_ES\" \/>\n<meta property=\"og:type\" content=\"article\" \/>\n<meta property=\"og:title\" content=\"Tractament i depuraci\u00f3 d&#039;aig\u00fces residuals industrials\" \/>\n<meta property=\"og:description\" content=\"Solucions efectives en depuraci\u00f3. Processos fisicoqu\u00edmics. Tractaments biol\u00f2gics. Tractaments terciaris. Minimitzaci\u00f3 de residus.\" \/>\n<meta property=\"og:url\" content=\"https:\/\/www.ditrag.es\/ca\/industria\/depuracio-daigues-residuals\" \/>\n<meta property=\"og:site_name\" content=\"Ditrag\" \/>\n<meta property=\"article:modified_time\" content=\"2021-01-18T16:34:42+00:00\" \/>\n<meta property=\"og:image\" content=\"https:\/\/www.ditrag.es\/wp-content\/uploads\/2018\/07\/logo-ditrag-social.jpg\" \/>\n\t<meta property=\"og:image:width\" content=\"1200\" \/>\n\t<meta property=\"og:image:height\" content=\"1200\" \/>\n\t<meta property=\"og:image:type\" content=\"image\/jpeg\" \/>\n<meta name=\"twitter:card\" content=\"summary_large_image\" \/>\n<meta name=\"twitter:label1\" content=\"Temps estimat de lectura\" \/>\n\t<meta name=\"twitter:data1\" content=\"6 minuts\" \/>\n<script type=\"application\/ld+json\" class=\"yoast-schema-graph\">{\"@context\":\"https:\/\/schema.org\",\"@graph\":[{\"@type\":\"WebPage\",\"@id\":\"https:\/\/www.ditrag.es\/ca\/industria\/depuracio-daigues-residuals\",\"url\":\"https:\/\/www.ditrag.es\/ca\/industria\/depuracio-daigues-residuals\",\"name\":\"Tractament i depuraci\u00f3 d'aig\u00fces residuals industrials\",\"isPartOf\":{\"@id\":\"https:\/\/www.ditrag.es\/ca#website\"},\"datePublished\":\"2021-01-12T11:59:28+00:00\",\"dateModified\":\"2021-01-18T16:34:42+00:00\",\"description\":\"Solucions efectives en depuraci\u00f3. Processos fisicoqu\u00edmics. Tractaments biol\u00f2gics. Tractaments terciaris. Minimitzaci\u00f3 de residus.\",\"breadcrumb\":{\"@id\":\"https:\/\/www.ditrag.es\/ca\/industria\/depuracio-daigues-residuals#breadcrumb\"},\"inLanguage\":\"ca\",\"potentialAction\":[{\"@type\":\"ReadAction\",\"target\":[\"https:\/\/www.ditrag.es\/ca\/industria\/depuracio-daigues-residuals\"]}]},{\"@type\":\"BreadcrumbList\",\"@id\":\"https:\/\/www.ditrag.es\/ca\/industria\/depuracio-daigues-residuals#breadcrumb\",\"itemListElement\":[{\"@type\":\"ListItem\",\"position\":1,\"name\":\"Ind\u00fastria\",\"item\":\"https:\/\/www.ditrag.es\/ca\/industria\"},{\"@type\":\"ListItem\",\"position\":2,\"name\":\"Depuraci\u00f3 d&#8217;aig\u00fces residuals\"}]},{\"@type\":\"WebSite\",\"@id\":\"https:\/\/www.ditrag.es\/ca#website\",\"url\":\"https:\/\/www.ditrag.es\/ca\",\"name\":\"Ditrag\",\"description\":\"Depuraci\u00f3n y tratamiento del agua\",\"publisher\":{\"@id\":\"https:\/\/www.ditrag.es\/ca#organization\"},\"potentialAction\":[{\"@type\":\"SearchAction\",\"target\":{\"@type\":\"EntryPoint\",\"urlTemplate\":\"https:\/\/www.ditrag.es\/ca?s={search_term_string}\"},\"query-input\":{\"@type\":\"PropertyValueSpecification\",\"valueRequired\":true,\"valueName\":\"search_term_string\"}}],\"inLanguage\":\"ca\"},{\"@type\":\"Organization\",\"@id\":\"https:\/\/www.ditrag.es\/ca#organization\",\"name\":\"Ditrag\",\"url\":\"https:\/\/www.ditrag.es\/ca\",\"logo\":{\"@type\":\"ImageObject\",\"inLanguage\":\"ca\",\"@id\":\"https:\/\/www.ditrag.es\/ca#\/schema\/logo\/image\/\",\"url\":\"https:\/\/www.ditrag.es\/wp-content\/uploads\/2018\/07\/logo-ditrag-social.jpg\",\"contentUrl\":\"https:\/\/www.ditrag.es\/wp-content\/uploads\/2018\/07\/logo-ditrag-social.jpg\",\"width\":1200,\"height\":1200,\"caption\":\"Ditrag\"},\"image\":{\"@id\":\"https:\/\/www.ditrag.es\/ca#\/schema\/logo\/image\/\"}}]}<\/script>\n<!-- \/ Yoast SEO plugin. -->","yoast_head_json":{"title":"Tractament i depuraci\u00f3 d'aig\u00fces residuals industrials","description":"Solucions efectives en depuraci\u00f3. Processos fisicoqu\u00edmics. Tractaments biol\u00f2gics. Tractaments terciaris. Minimitzaci\u00f3 de residus.","robots":{"index":"index","follow":"follow","max-snippet":"max-snippet:-1","max-image-preview":"max-image-preview:large","max-video-preview":"max-video-preview:-1"},"canonical":"https:\/\/www.ditrag.es\/ca\/industria\/depuracio-daigues-residuals","og_locale":"ca_ES","og_type":"article","og_title":"Tractament i depuraci\u00f3 d'aig\u00fces residuals industrials","og_description":"Solucions efectives en depuraci\u00f3. Processos fisicoqu\u00edmics. Tractaments biol\u00f2gics. Tractaments terciaris. Minimitzaci\u00f3 de residus.","og_url":"https:\/\/www.ditrag.es\/ca\/industria\/depuracio-daigues-residuals","og_site_name":"Ditrag","article_modified_time":"2021-01-18T16:34:42+00:00","og_image":[{"width":1200,"height":1200,"url":"https:\/\/www.ditrag.es\/wp-content\/uploads\/2018\/07\/logo-ditrag-social.jpg","type":"image\/jpeg"}],"twitter_card":"summary_large_image","twitter_misc":{"Temps estimat de lectura":"6 minuts"},"schema":{"@context":"https:\/\/schema.org","@graph":[{"@type":"WebPage","@id":"https:\/\/www.ditrag.es\/ca\/industria\/depuracio-daigues-residuals","url":"https:\/\/www.ditrag.es\/ca\/industria\/depuracio-daigues-residuals","name":"Tractament i depuraci\u00f3 d'aig\u00fces residuals industrials","isPartOf":{"@id":"https:\/\/www.ditrag.es\/ca#website"},"datePublished":"2021-01-12T11:59:28+00:00","dateModified":"2021-01-18T16:34:42+00:00","description":"Solucions efectives en depuraci\u00f3. Processos fisicoqu\u00edmics. Tractaments biol\u00f2gics. Tractaments terciaris. Minimitzaci\u00f3 de residus.","breadcrumb":{"@id":"https:\/\/www.ditrag.es\/ca\/industria\/depuracio-daigues-residuals#breadcrumb"},"inLanguage":"ca","potentialAction":[{"@type":"ReadAction","target":["https:\/\/www.ditrag.es\/ca\/industria\/depuracio-daigues-residuals"]}]},{"@type":"BreadcrumbList","@id":"https:\/\/www.ditrag.es\/ca\/industria\/depuracio-daigues-residuals#breadcrumb","itemListElement":[{"@type":"ListItem","position":1,"name":"Ind\u00fastria","item":"https:\/\/www.ditrag.es\/ca\/industria"},{"@type":"ListItem","position":2,"name":"Depuraci\u00f3 d&#8217;aig\u00fces residuals"}]},{"@type":"WebSite","@id":"https:\/\/www.ditrag.es\/ca#website","url":"https:\/\/www.ditrag.es\/ca","name":"Ditrag","description":"Depuraci\u00f3n y tratamiento del agua","publisher":{"@id":"https:\/\/www.ditrag.es\/ca#organization"},"potentialAction":[{"@type":"SearchAction","target":{"@type":"EntryPoint","urlTemplate":"https:\/\/www.ditrag.es\/ca?s={search_term_string}"},"query-input":{"@type":"PropertyValueSpecification","valueRequired":true,"valueName":"search_term_string"}}],"inLanguage":"ca"},{"@type":"Organization","@id":"https:\/\/www.ditrag.es\/ca#organization","name":"Ditrag","url":"https:\/\/www.ditrag.es\/ca","logo":{"@type":"ImageObject","inLanguage":"ca","@id":"https:\/\/www.ditrag.es\/ca#\/schema\/logo\/image\/","url":"https:\/\/www.ditrag.es\/wp-content\/uploads\/2018\/07\/logo-ditrag-social.jpg","contentUrl":"https:\/\/www.ditrag.es\/wp-content\/uploads\/2018\/07\/logo-ditrag-social.jpg","width":1200,"height":1200,"caption":"Ditrag"},"image":{"@id":"https:\/\/www.ditrag.es\/ca#\/schema\/logo\/image\/"}}]}},"_links":{"self":[{"href":"https:\/\/www.ditrag.es\/ca\/wp-json\/wp\/v2\/pages\/73782","targetHints":{"allow":["GET"]}}],"collection":[{"href":"https:\/\/www.ditrag.es\/ca\/wp-json\/wp\/v2\/pages"}],"about":[{"href":"https:\/\/www.ditrag.es\/ca\/wp-json\/wp\/v2\/types\/page"}],"author":[{"embeddable":true,"href":"https:\/\/www.ditrag.es\/ca\/wp-json\/wp\/v2\/users\/3"}],"replies":[{"embeddable":true,"href":"https:\/\/www.ditrag.es\/ca\/wp-json\/wp\/v2\/comments?post=73782"}],"version-history":[{"count":4,"href":"https:\/\/www.ditrag.es\/ca\/wp-json\/wp\/v2\/pages\/73782\/revisions"}],"predecessor-version":[{"id":73958,"href":"https:\/\/www.ditrag.es\/ca\/wp-json\/wp\/v2\/pages\/73782\/revisions\/73958"}],"up":[{"embeddable":true,"href":"https:\/\/www.ditrag.es\/ca\/wp-json\/wp\/v2\/pages\/73779"}],"wp:attachment":[{"href":"https:\/\/www.ditrag.es\/ca\/wp-json\/wp\/v2\/media?parent=73782"}],"curies":[{"name":"wp","href":"https:\/\/api.w.org\/{rel}","templated":true}]}}