{"id":73791,"date":"2021-01-12T17:40:58","date_gmt":"2021-01-12T16:40:58","guid":{"rendered":"https:\/\/www.ditrag.es\/privacitat-de-dades"},"modified":"2021-01-18T18:07:28","modified_gmt":"2021-01-18T17:07:28","slug":"privacitat-de-dades","status":"publish","type":"page","link":"https:\/\/www.ditrag.es\/ca\/privacitat-de-dades","title":{"rendered":"Privacitat de dades"},"content":{"rendered":"<div class=\"wpb-content-wrapper\">[vc_row type=&#8221;container&#8221; padding_top=&#8221;&#8221; padding_bottom=&#8221;&#8221;][vc_column][vc_column_text]\n<h2>1. Responsable<br \/>\nLes dades de car\u00e0cter personal que ens faciliti a trav\u00e9s del lloc web www.ditrag.es (en endavant, el &#8220;Lloc Web&#8221;) com a usuari de la mateixa seran incloses en un fitxer titularitat Disseny en Tractament d&#8217;Aig\u00fces, S.L. a partir d&#8217;ara DITRAG amb domicili social C \/ Can Bassols 16-18, Local 3, 08329, Tei\u00e0 (Barcelona, \u200b\u200bEspanya); amb C.I.F. B63927412; i adre\u00e7a electr\u00f2nica ditrag@ditrag.net<\/h2>\n<p>El tractament de les teves dades i la present Pol\u00edtica de Privacitat es regir\u00e0 pel Reglament General de Protecci\u00f3 de Dades o Reglament [UE] 2016\/679) (el &#8220;RGPD&#8221;).<\/p>\n<h2>2. Finalitat<br \/>\nPer a l&#8217;\u00fas de determinats serveis, l&#8217;usuari haur\u00e0 de comunicar dades de car\u00e0cter personal. Els usuaris, mitjan\u00e7ant la marcaci\u00f3 de la casella habilitada en els formularis de contacte que es troben en el lloc web, accepten expressament i de forma lliure i inequ\u00edvoca que les seves dades personals siguin tractades per part de DITRAG, on s&#8217;informar\u00e0 a l&#8217;usuari conforme a analitzar la informaci\u00f3 que es derivi d&#8217;aquesta gesti\u00f3 per millorar els nostres serveis i adequar-los a les prefer\u00e8ncies dels usuaris amb les seg\u00fcents finalitats:<\/h2>\n<ul>\n<li>Facilitar l&#8217;acc\u00e9s a la Web i millorar la usabilitat dels f\u00f2rums.<\/li>\n<li>Gestionar els serveis sol\u00b7licitats en el Lloc Web.<\/li>\n<li>Facilitar als interessats ofertes de productes i serveis del seu inter\u00e8s.<\/li>\n<li>Vam elaborar un &#8220;perfil comercial&#8221;, d&#8217;acord amb la informaci\u00f3 facilitada. No es prendran decisions automatitzades en base a aquest perfil.<br \/>\n<h2>3. Legitimaci\u00f3<br \/>\nAl remetre l&#8217;usuari les seves dades de car\u00e0cter personal a DITRAG, aquest accepta expressament que DITRAG realitzi les seg\u00fcents activitats i \/ o accions, llevat que s&#8217;indiqui el contrari al contractar o subscriure qualssevol producte i \/ o servei de DITRAG o com a resultat d&#8217;una revocaci\u00f3 posterior del consentiment inicialment atorgat:<\/h2>\n<ul>\n<li>L&#8217;enviament de comunicacions comercials i \/ o promocionals en paper, informant als usuaris de les activitats, promocions, publicitat, not\u00edcies, ofertes i altra informaci\u00f3 sobre els serveis i productes relacionats amb l&#8217;activitat comercial.<\/li>\n<li>L&#8217;enviament de comunicacions comercials per via electr\u00f2nica, informant als usuaris de les activitats, promocions, publicitat, not\u00edcies, ofertes i altra informaci\u00f3 sobre els serveis i productes de DITRAG iguals o similars als que van ser inicialment objecte de contractaci\u00f3 o de inter\u00e8s per l&#8217;usuari.<\/li>\n<li>Tramitar enc\u00e0rrecs de peticions o respondre a les peticions que siguin realitzades per l&#8217;usuari a trav\u00e9s de qualsevol de les formes de contacte que es posen a disposici\u00f3 de l&#8217;usuari en el lloc web de DITRAG.<\/li>\n<li>Realitzar estudis estad\u00edstics.<\/li>\n<li>O en el cas que s&#8217;estableixi en el nostre lloc web cursar la seva sol\u00b7licitud d&#8217;usuari registrat i \/ o la seva comanda de productes oferts per DITRAG. Un cop confirmada i acceptada la seva sol\u00b7licitud, l&#8217;usuari rebr\u00e0 un correu electr\u00f2nic de confirmaci\u00f3 a l&#8217;adre\u00e7a indicada a l&#8217;hora de completar el formulari de registre.<br \/>\nSense perjudici de tot l&#8217;anterior, no es considerar\u00e0 comunicaci\u00f3 comercial i \/ o publicit\u00e0ria tota aquella informaci\u00f3 enviada per DITRAG -fins i tot per mitjans electr\u00f2nics- als usuaris de DITRAG amb la finalitat de dur a terme, executar i \/ o desenvolupar qualsevol prestaci\u00f3 subscrita o contractada -tot i que no fos subscrita per mitjans electr\u00f2nics- per l&#8217;usuari i totes les altres tasques, accions i \/ o activitats derivades d&#8217;aquesta relaci\u00f3 contractual i \/ o comercial.Mitjan\u00e7ant l&#8217;enviament de dades, vost\u00e8 dona el seu consentiment perqu\u00e8 DITRAG tracti les seves dades personals conforme a les finalitats descrites. Vost\u00e8 garanteix que les dades facilitades s\u00f3n veraces, exactes i completes, i es responsabilitza de notificar qualsevol canvi sobre aquestes.<\/p>\n<h2>4. Destinataris<br \/>\nLes dades es comunicaran a altres empreses de el grup empresarial DITRAG per a fins administratius interns, incl\u00f2s el tractament de dades personals de clients o empleats.<\/h2>\n<p>Els fitxers s\u00f3n emmagatzemats en els nostres prove\u00efdors tecnol\u00f2gics d&#8217;emmagatzematge web, email i m\u00e0rqueting en l\u00ednia, d&#8217;acord amb la seguretat EU-US Privacy:<\/p>\n<ul>\n<li>1&amp;1 INTERNET ESPANYA, SLU com a prove\u00efdor de hosting web.<\/li>\n<li>Idilicstudio S.L. com a empresa de desenvolupament web.<br \/>\nAl acceptar aquesta pol\u00edtica de privacitat, ens autoritzes expressament a tractar i comunicar les vostres dades personals a les societats esmentades i \/ o a transferir les teves dades personals als referits prestadors de serveis com a encarregats del tractament ubicats per a les finalitats descrites i donar-te un servei complet.DITRAG informa i garanteix expressament als usuaris que les seves dades personals no seran cedides en cap cas a terceres companyies, i que sempre que s&#8217;an\u00e9s a realitzar algun tipus de cessi\u00f3 de dades personals, de forma pr\u00e8via, es demanaria el consentiment expr\u00e9s, informat, i inequ\u00edvoc per part dels titulars.<\/p>\n<h2>5. Drets<br \/>\nD&#8217;acord amb la legislaci\u00f3 de protecci\u00f3 de dades, Vost\u00e8 compta amb els Drets d&#8217;informaci\u00f3, acc\u00e9s, rectificaci\u00f3, cancel\u00b7laci\u00f3, oposici\u00f3 i portabilitat. Vost\u00e8 t\u00e9 dret a obtenir confirmaci\u00f3 sobre si a DITRAG estem tractant dades personals que li pertoquin , o no. Les persones interessades tenen dret a accedir a les seves dades personals, aix\u00ed com a sol\u00b7licitar la rectificaci\u00f3 de les dades inexactes o, si s&#8217;escau, sol\u00b7licitar la seva supressi\u00f3 quan, entre d&#8217;altres motius, les dades ja no siguin necess\u00e0ries per als prop\u00f2sits que van ser recollides .<\/h2>\n<p>En determinades circumst\u00e0ncies, els interessats podran sol\u00b7licitar la limitaci\u00f3 del tractament de les seves dades, en aquest cas \u00fanicament els conservarem per a l&#8217;exercici o la defensa de reclamacions.<\/p>\n<p>En determinades circumst\u00e0ncies i per motius relacionats amb la seva situaci\u00f3 particular, els interessats podran oposar-se al tractament de les seves dades. DITRAG deixar\u00e0 de tractar les dades, excepte per motius leg\u00edtims imperiosos, o l&#8217;exercici o la defensa de possibles reclamacions.<\/p>\n<p>Vost\u00e8 podr\u00e0 exercir els drets d&#8217;acc\u00e9s, rectificaci\u00f3, cancel\u00b7laci\u00f3, oposici\u00f3 i portabilitat mitjan\u00e7ant l&#8217;enviament d&#8217;un correu electr\u00f2nic a l&#8217;adre\u00e7a ditrag@ditrag.net o per correu postal a l&#8217;adre\u00e7a DITRAG C\/ Can Bassols 16-18, Local 3, 08329, Tei\u00e0 (Barcelona, \u200b\u200bEspanya) indicant el seu nom i cognoms, petici\u00f3 en la qual es concreta la seva sol\u00b7licitud, adre\u00e7a a efectes de notificacions, i haur\u00e0 d&#8217;adjuntar c\u00f2pia del seu DNI o un altre document v\u00e0lid que l&#8217;identifiqui.<\/p>\n<p>Aix\u00ed mateix, DITRAG es compromet a garantir la confidencialitat de les seves dades personals i a utilitzar-les d&#8217;acord amb les finalitats anteriorment indicades.<\/p>\n<p>Igualment, ha d&#8217;adoptar totes les mesures necess\u00e0ries per evitar la seva alteraci\u00f3, p\u00e8rdua, tractament o acc\u00e9s no autoritzat, d&#8217;acord amb el que estableix la normativa sobre protecci\u00f3 de dades de car\u00e0cter personal.<\/p>\n<h2>6. Termini de conservaci\u00f3 de les dades<br \/>\nMantindrem les teves dades personals durant la vig\u00e8ncia de la relaci\u00f3 contractual amb nosaltres i, un cop acabada, durant els terminis de prescripci\u00f3 de les obligacions que hagin pogut n\u00e9ixer del tractament de les dades i \/ o els terminis que legalment s&#8217;estableixin.<\/h2>\n<\/li>\n<\/ul>\n<\/li>\n<\/ul>\n<\/li>\n<\/ul>\n[\/vc_column_text][\/vc_column][\/vc_row]\n<\/div>","protected":false},"excerpt":{"rendered":"<p>[vc_row type=&#8221;container&#8221; padding_top=&#8221;&#8221; padding_bottom=&#8221;&#8221;][vc_column][vc_column_text] 1. Responsable Les dades de car\u00e0cter personal que ens faciliti a trav\u00e9s del lloc web www.ditrag.es (en endavant, el &#8220;Lloc Web&#8221;) com a usuari de la mateixa seran incloses en un fitxer titularitat Disseny en Tractament d&#8217;Aig\u00fces, S.L. a partir d&#8217;ara DITRAG amb domicili social C \/ Can Bassols 16-18, Local [&hellip;]<\/p>\n","protected":false},"author":4,"featured_media":0,"parent":0,"menu_order":0,"comment_status":"closed","ping_status":"closed","template":"","meta":{"_acf_changed":false,"footnotes":""},"class_list":["post-73791","page","type-page","status-publish","hentry"],"acf":[],"yoast_head":"<!-- This site is optimized with the Yoast SEO plugin v24.0 - https:\/\/yoast.com\/wordpress\/plugins\/seo\/ -->\n<title>Privacitat de dades - Ditrag<\/title>\n<meta name=\"robots\" content=\"index, follow, max-snippet:-1, max-image-preview:large, max-video-preview:-1\" \/>\n<link rel=\"canonical\" href=\"https:\/\/www.ditrag.es\/ca\/privacitat-de-dades\" \/>\n<meta property=\"og:locale\" content=\"ca_ES\" \/>\n<meta property=\"og:type\" content=\"article\" \/>\n<meta property=\"og:title\" content=\"Privacitat de dades - Ditrag\" \/>\n<meta property=\"og:description\" content=\"[vc_row type=&#8221;container&#8221; padding_top=&#8221;&#8221; padding_bottom=&#8221;&#8221;][vc_column][vc_column_text] 1. Responsable Les dades de car\u00e0cter personal que ens faciliti a trav\u00e9s del lloc web www.ditrag.es (en endavant, el &#8220;Lloc Web&#8221;) com a usuari de la mateixa seran incloses en un fitxer titularitat Disseny en Tractament d&#8217;Aig\u00fces, S.L. a partir d&#8217;ara DITRAG amb domicili social C \/ Can Bassols 16-18, Local [&hellip;]\" \/>\n<meta property=\"og:url\" content=\"https:\/\/www.ditrag.es\/ca\/privacitat-de-dades\" \/>\n<meta property=\"og:site_name\" content=\"Ditrag\" \/>\n<meta property=\"article:modified_time\" content=\"2021-01-18T17:07:28+00:00\" \/>\n<meta property=\"og:image\" content=\"https:\/\/www.ditrag.es\/wp-content\/uploads\/2018\/07\/logo-ditrag-social.jpg\" \/>\n\t<meta property=\"og:image:width\" content=\"1200\" \/>\n\t<meta property=\"og:image:height\" content=\"1200\" \/>\n\t<meta property=\"og:image:type\" content=\"image\/jpeg\" \/>\n<meta name=\"twitter:card\" content=\"summary_large_image\" \/>\n<meta name=\"twitter:label1\" content=\"Temps estimat de lectura\" \/>\n\t<meta name=\"twitter:data1\" content=\"6 minuts\" \/>\n<script type=\"application\/ld+json\" class=\"yoast-schema-graph\">{\"@context\":\"https:\/\/schema.org\",\"@graph\":[{\"@type\":\"WebPage\",\"@id\":\"https:\/\/www.ditrag.es\/ca\/privacitat-de-dades\",\"url\":\"https:\/\/www.ditrag.es\/ca\/privacitat-de-dades\",\"name\":\"Privacitat de dades - Ditrag\",\"isPartOf\":{\"@id\":\"https:\/\/www.ditrag.es\/ca#website\"},\"datePublished\":\"2021-01-12T16:40:58+00:00\",\"dateModified\":\"2021-01-18T17:07:28+00:00\",\"inLanguage\":\"ca\",\"potentialAction\":[{\"@type\":\"ReadAction\",\"target\":[\"https:\/\/www.ditrag.es\/ca\/privacitat-de-dades\"]}]},{\"@type\":\"WebSite\",\"@id\":\"https:\/\/www.ditrag.es\/ca#website\",\"url\":\"https:\/\/www.ditrag.es\/ca\",\"name\":\"Ditrag\",\"description\":\"Depuraci\u00f3n y tratamiento del agua\",\"publisher\":{\"@id\":\"https:\/\/www.ditrag.es\/ca#organization\"},\"potentialAction\":[{\"@type\":\"SearchAction\",\"target\":{\"@type\":\"EntryPoint\",\"urlTemplate\":\"https:\/\/www.ditrag.es\/ca?s={search_term_string}\"},\"query-input\":{\"@type\":\"PropertyValueSpecification\",\"valueRequired\":true,\"valueName\":\"search_term_string\"}}],\"inLanguage\":\"ca\"},{\"@type\":\"Organization\",\"@id\":\"https:\/\/www.ditrag.es\/ca#organization\",\"name\":\"Ditrag\",\"url\":\"https:\/\/www.ditrag.es\/ca\",\"logo\":{\"@type\":\"ImageObject\",\"inLanguage\":\"ca\",\"@id\":\"https:\/\/www.ditrag.es\/ca#\/schema\/logo\/image\/\",\"url\":\"https:\/\/www.ditrag.es\/wp-content\/uploads\/2018\/07\/logo-ditrag-social.jpg\",\"contentUrl\":\"https:\/\/www.ditrag.es\/wp-content\/uploads\/2018\/07\/logo-ditrag-social.jpg\",\"width\":1200,\"height\":1200,\"caption\":\"Ditrag\"},\"image\":{\"@id\":\"https:\/\/www.ditrag.es\/ca#\/schema\/logo\/image\/\"}}]}<\/script>\n<!-- \/ Yoast SEO plugin. -->","yoast_head_json":{"title":"Privacitat de dades - Ditrag","robots":{"index":"index","follow":"follow","max-snippet":"max-snippet:-1","max-image-preview":"max-image-preview:large","max-video-preview":"max-video-preview:-1"},"canonical":"https:\/\/www.ditrag.es\/ca\/privacitat-de-dades","og_locale":"ca_ES","og_type":"article","og_title":"Privacitat de dades - Ditrag","og_description":"[vc_row type=&#8221;container&#8221; padding_top=&#8221;&#8221; padding_bottom=&#8221;&#8221;][vc_column][vc_column_text] 1. Responsable Les dades de car\u00e0cter personal que ens faciliti a trav\u00e9s del lloc web www.ditrag.es (en endavant, el &#8220;Lloc Web&#8221;) com a usuari de la mateixa seran incloses en un fitxer titularitat Disseny en Tractament d&#8217;Aig\u00fces, S.L. a partir d&#8217;ara DITRAG amb domicili social C \/ Can Bassols 16-18, Local [&hellip;]","og_url":"https:\/\/www.ditrag.es\/ca\/privacitat-de-dades","og_site_name":"Ditrag","article_modified_time":"2021-01-18T17:07:28+00:00","og_image":[{"width":1200,"height":1200,"url":"https:\/\/www.ditrag.es\/wp-content\/uploads\/2018\/07\/logo-ditrag-social.jpg","type":"image\/jpeg"}],"twitter_card":"summary_large_image","twitter_misc":{"Temps estimat de lectura":"6 minuts"},"schema":{"@context":"https:\/\/schema.org","@graph":[{"@type":"WebPage","@id":"https:\/\/www.ditrag.es\/ca\/privacitat-de-dades","url":"https:\/\/www.ditrag.es\/ca\/privacitat-de-dades","name":"Privacitat de dades - Ditrag","isPartOf":{"@id":"https:\/\/www.ditrag.es\/ca#website"},"datePublished":"2021-01-12T16:40:58+00:00","dateModified":"2021-01-18T17:07:28+00:00","inLanguage":"ca","potentialAction":[{"@type":"ReadAction","target":["https:\/\/www.ditrag.es\/ca\/privacitat-de-dades"]}]},{"@type":"WebSite","@id":"https:\/\/www.ditrag.es\/ca#website","url":"https:\/\/www.ditrag.es\/ca","name":"Ditrag","description":"Depuraci\u00f3n y tratamiento del agua","publisher":{"@id":"https:\/\/www.ditrag.es\/ca#organization"},"potentialAction":[{"@type":"SearchAction","target":{"@type":"EntryPoint","urlTemplate":"https:\/\/www.ditrag.es\/ca?s={search_term_string}"},"query-input":{"@type":"PropertyValueSpecification","valueRequired":true,"valueName":"search_term_string"}}],"inLanguage":"ca"},{"@type":"Organization","@id":"https:\/\/www.ditrag.es\/ca#organization","name":"Ditrag","url":"https:\/\/www.ditrag.es\/ca","logo":{"@type":"ImageObject","inLanguage":"ca","@id":"https:\/\/www.ditrag.es\/ca#\/schema\/logo\/image\/","url":"https:\/\/www.ditrag.es\/wp-content\/uploads\/2018\/07\/logo-ditrag-social.jpg","contentUrl":"https:\/\/www.ditrag.es\/wp-content\/uploads\/2018\/07\/logo-ditrag-social.jpg","width":1200,"height":1200,"caption":"Ditrag"},"image":{"@id":"https:\/\/www.ditrag.es\/ca#\/schema\/logo\/image\/"}}]}},"_links":{"self":[{"href":"https:\/\/www.ditrag.es\/ca\/wp-json\/wp\/v2\/pages\/73791","targetHints":{"allow":["GET"]}}],"collection":[{"href":"https:\/\/www.ditrag.es\/ca\/wp-json\/wp\/v2\/pages"}],"about":[{"href":"https:\/\/www.ditrag.es\/ca\/wp-json\/wp\/v2\/types\/page"}],"author":[{"embeddable":true,"href":"https:\/\/www.ditrag.es\/ca\/wp-json\/wp\/v2\/users\/4"}],"replies":[{"embeddable":true,"href":"https:\/\/www.ditrag.es\/ca\/wp-json\/wp\/v2\/comments?post=73791"}],"version-history":[{"count":2,"href":"https:\/\/www.ditrag.es\/ca\/wp-json\/wp\/v2\/pages\/73791\/revisions"}],"predecessor-version":[{"id":73968,"href":"https:\/\/www.ditrag.es\/ca\/wp-json\/wp\/v2\/pages\/73791\/revisions\/73968"}],"wp:attachment":[{"href":"https:\/\/www.ditrag.es\/ca\/wp-json\/wp\/v2\/media?parent=73791"}],"curies":[{"name":"wp","href":"https:\/\/api.w.org\/{rel}","templated":true}]}}