{"id":73792,"date":"2021-01-12T17:50:45","date_gmt":"2021-01-12T16:50:45","guid":{"rendered":"https:\/\/www.ditrag.es\/industria\/potabilitzacio-i-desinfeccio"},"modified":"2021-01-18T17:56:11","modified_gmt":"2021-01-18T16:56:11","slug":"potabilitzacio-i-desinfeccio","status":"publish","type":"page","link":"https:\/\/www.ditrag.es\/ca\/industria\/potabilitzacio-i-desinfeccio","title":{"rendered":"Potabilitzaci\u00f3 i Desinfecci\u00f3"},"content":{"rendered":"<div class=\"wpb-content-wrapper\">[vc_row type=&#8221;full_page_width&#8221; padding_top=&#8221;&#8221; padding_bottom=&#8221;&#8221; css=&#8221;.vc_custom_1594810609896{border-bottom-width: 1px !important;padding-top: 50px !important;padding-bottom: 100px !important;background-image: url(https:\/\/www.ditrag.es\/wp-content\/uploads\/2020\/07\/20200428_135613-scaled.jpg?id=72996) !important;background-position: center !important;background-repeat: no-repeat !important;background-size: cover !important;border-bottom-style: solid !important;}&#8221;][vc_column width=&#8221;1\/2&#8243;][vc_empty_space][vc_custom_heading source=&#8221;post_title&#8221; font_container=&#8221;tag:h1|font_size:30|text_align:center|color:%23ffffff|line_height:20px&#8221; google_fonts=&#8221;font_family:Roboto%3A100%2C100italic%2C300%2C300italic%2Cregular%2Citalic%2C500%2C500italic%2C700%2C700italic%2C900%2C900italic|font_style:500%20bold%20italic%3A500%3Aitalic&#8221; link=&#8221;target:%20_blank|&#8221;][\/vc_column][vc_column width=&#8221;1\/2&#8243;][\/vc_column][\/vc_row][vc_row type=&#8221;full_page_width_inner_container&#8221; padding_top=&#8221;&#8221; padding_bottom=&#8221;&#8221; css=&#8221;.vc_custom_1512844219463{margin-bottom: 0px !important;padding-top: 30px !important;background-color: #f5f5f5 !important;}&#8221; el_class=&#8221;overflow-visible&#8221;][vc_column][vc_custom_heading text=&#8221;Processos destinats a aconseguir l&#8217;aprofitament de fonts naturals d&#8217;aigua&#8221; font_container=&#8221;tag:p|font_size:32|text_align:center|color:%231e1e1e|line_height:40px&#8221; google_fonts=&#8221;font_family:Roboto%3A100%2C100italic%2C300%2C300italic%2Cregular%2Citalic%2C500%2C500italic%2C700%2C700italic%2C900%2C900italic|font_style:300%20light%20regular%3A300%3Anormal&#8221; css_animation=&#8221;fadeInDown&#8221; css=&#8221;.vc_custom_1594810724521{margin-bottom: 5px !important;padding-top: 20px !important;padding-right: 50px !important;padding-left: 50px !important;}&#8221;][vc_raw_html]PGRpdiBjbGFzcz0iZG93bl9hcnJvdyIgc3R5bGU9InRvcDogLTc1cHg7Ij48aSBjbGFzcz0iaW9uLWlvcy1hcnJvdy1kb3duIj48L2k+PC9kaXY+[\/vc_raw_html][vc_row_inner css=&#8221;.vc_custom_1512846143640{margin-bottom: -20px !important;}&#8221;][vc_column_inner][vc_column_text]Els processos de potabilitzaci\u00f3 i desinfecci\u00f3 permeten l&#8217;aprofitament de fonts d&#8217;aigua disponibles, superficials o subterr\u00e0nies, que no han estat sotmeses a un tractament previ i sobre les quals s&#8217;ha d&#8217;assegurar una qualitat adequada, d&#8217;acord amb la legislaci\u00f3 existent (RD 140\/2003) que estableix els criteris sanitaris de la qualitat de l&#8217;aigua de consum hum\u00e0.<\/p>\n<p><span style=\"color: # 1592c6;\"> En els processos de potabilitzaci\u00f3 i desinfecci\u00f3 de l&#8217;aigua s&#8217;utilitzen diferents tecnologies, en moltes ocasions de forma combinada. &lt;\/ Span&gt;[\/vc_column_text][\/vc_column_inner][\/vc_row_inner][vc_empty_space height=&#8221;19&#8243;][vc_row_inner content_placement=&#8221;middle&#8221; css=&#8221;.vc_custom_1512845814008{padding-top: -30px !important;border-radius: 2px !important;}&#8221;][vc_column_inner width=&#8221;1\/2&#8243; css=&#8221;.vc_custom_1598632134040{padding-top: -30px !important;}&#8221;][vc_custom_heading text=&#8221;Tipus de processos&#8221; font_container=&#8221;tag:h2|font_size:32|text_align:center|color:%231592c6&#8243; google_fonts=&#8221;font_family:Roboto%3A100%2C100italic%2C300%2C300italic%2Cregular%2Citalic%2C500%2C500italic%2C700%2C700italic%2C900%2C900italic|font_style:400%20regular%3A400%3Anormal&#8221; css_animation=&#8221;fadeInLeft&#8221;][vc_empty_space][vc_column_text css_animation=&#8221;fadeInLeft&#8221;]\u00a0<\/span><\/p>\n<ul>\n<li>Dessalatge per osmosi inversa.<\/li>\n<li>Filtraci\u00f3, multicapa, carb\u00f3 actiu, llits activats, resines d&#8217;intercanvi i\u00f2nic.<\/li>\n<li>Filtraci\u00f3 per membranes, ultrafiltraci\u00f3, microfiltraci\u00f3 i nanofiltraci\u00f3.<\/li>\n<li>Processos qu\u00edmic-f\u00edsics de coagulaci\u00f3 i decantaci\u00f3 per clarificaci\u00f3 de l&#8217;aigua.<\/li>\n<li>Eliminaci\u00f3 de contaminants qu\u00edmics espec\u00edfics com ferro, mangan\u00e8s o ars\u00e8nic.<\/li>\n<li>Control i desinfecci\u00f3 mitjan\u00e7ant dosificaci\u00f3 de desinfectants en autom\u00e0tic.<\/li>\n<\/ul>\n[\/vc_column_text][vc_btn title=&#8221;Anar a projectes&#8221; style=&#8221;outline-custom&#8221; outline_custom_color=&#8221;#1592c6&#8243; outline_custom_hover_background=&#8221;#1592c6&#8243; outline_custom_hover_text=&#8221;#ffffff&#8221; css_animation=&#8221;fadeInLeft&#8221; link=&#8221;url:https%3A%2F%2Fwww.ditrag.es%2Fca%2Fnoticies|title:Treballs%20realitzats|target:_blank&#8221; css=&#8221;.vc_custom_1610988934260{margin-top: -40px !important;border-top-width: -20px !important;}&#8221;][\/vc_column_inner][vc_column_inner width=&#8221;1\/2&#8243;][vc_single_image image=&#8221;72369&#8243; img_size=&#8221;large&#8221; alignment=&#8221;center&#8221; css_animation=&#8221;fadeInRight&#8221;][\/vc_column_inner][\/vc_row_inner][vc_empty_space height=&#8221;19&#8243;][\/vc_column][\/vc_row][vc_row type=&#8221;container&#8221; padding_top=&#8221;&#8221; padding_bottom=&#8221;&#8221;][vc_column][vc_column_text]\n[\/vc_column_text][\/vc_column][\/vc_row]\n<\/div>","protected":false},"excerpt":{"rendered":"<p>[vc_row type=&#8221;full_page_width&#8221; padding_top=&#8221;&#8221; padding_bottom=&#8221;&#8221; css=&#8221;.vc_custom_1594810609896{border-bottom-width: 1px !important;padding-top: 50px !important;padding-bottom: 100px !important;background-image: url(https:\/\/www.ditrag.es\/wp-content\/uploads\/2020\/07\/20200428_135613-scaled.jpg?id=72996) !important;background-position: center !important;background-repeat: no-repeat !important;background-size: cover !important;border-bottom-style: solid !important;}&#8221;][vc_column width=&#8221;1\/2&#8243;][vc_empty_space][vc_custom_heading source=&#8221;post_title&#8221; font_container=&#8221;tag:h1|font_size:30|text_align:center|color:%23ffffff|line_height:20px&#8221; google_fonts=&#8221;font_family:Roboto%3A100%2C100italic%2C300%2C300italic%2Cregular%2Citalic%2C500%2C500italic%2C700%2C700italic%2C900%2C900italic|font_style:500%20bold%20italic%3A500%3Aitalic&#8221; link=&#8221;target:%20_blank|&#8221;][\/vc_column][vc_column width=&#8221;1\/2&#8243;][\/vc_column][\/vc_row][vc_row type=&#8221;full_page_width_inner_container&#8221; padding_top=&#8221;&#8221; padding_bottom=&#8221;&#8221; css=&#8221;.vc_custom_1512844219463{margin-bottom: 0px !important;padding-top: 30px !important;background-color: #f5f5f5 !important;}&#8221; el_class=&#8221;overflow-visible&#8221;][vc_column][vc_custom_heading text=&#8221;Processos destinats a aconseguir l&#8217;aprofitament de fonts naturals d&#8217;aigua&#8221; font_container=&#8221;tag:p|font_size:32|text_align:center|color:%231e1e1e|line_height:40px&#8221; google_fonts=&#8221;font_family:Roboto%3A100%2C100italic%2C300%2C300italic%2Cregular%2Citalic%2C500%2C500italic%2C700%2C700italic%2C900%2C900italic|font_style:300%20light%20regular%3A300%3Anormal&#8221; css_animation=&#8221;fadeInDown&#8221; css=&#8221;.vc_custom_1594810724521{margin-bottom: 5px !important;padding-top: 20px !important;padding-right: [&hellip;]<\/p>\n","protected":false},"author":3,"featured_media":0,"parent":73779,"menu_order":4,"comment_status":"closed","ping_status":"closed","template":"page-full-width.php","meta":{"_acf_changed":false,"footnotes":""},"class_list":["post-73792","page","type-page","status-publish","hentry"],"acf":[],"yoast_head":"<!-- This site is optimized with the Yoast SEO plugin v24.0 - https:\/\/yoast.com\/wordpress\/plugins\/seo\/ -->\n<title>Potabilitzaci\u00f3 i desinfecci\u00f3 per l&#039;aprofitament de l&#039;aigua<\/title>\n<meta name=\"description\" content=\"Implantaci\u00f3 de processos de potabilitzaci\u00f3 i desinfecci\u00f3 que permeten l&#039;aprofitament de fonts d&#039;aigua disponibles, superficials o subterr\u00e0nies.\" \/>\n<meta name=\"robots\" content=\"index, follow, max-snippet:-1, max-image-preview:large, max-video-preview:-1\" \/>\n<link rel=\"canonical\" href=\"https:\/\/www.ditrag.es\/ca\/industria\/potabilitzacio-i-desinfeccio\" \/>\n<meta property=\"og:locale\" content=\"ca_ES\" \/>\n<meta property=\"og:type\" content=\"article\" \/>\n<meta property=\"og:title\" content=\"Potabilitzaci\u00f3 i desinfecci\u00f3 per l&#039;aprofitament de l&#039;aigua\" \/>\n<meta property=\"og:description\" content=\"Implantaci\u00f3 de processos de potabilitzaci\u00f3 i desinfecci\u00f3 que permeten l&#039;aprofitament de fonts d&#039;aigua disponibles, superficials o subterr\u00e0nies.\" \/>\n<meta property=\"og:url\" content=\"https:\/\/www.ditrag.es\/ca\/industria\/potabilitzacio-i-desinfeccio\" \/>\n<meta property=\"og:site_name\" content=\"Ditrag\" \/>\n<meta property=\"article:modified_time\" content=\"2021-01-18T16:56:11+00:00\" \/>\n<meta property=\"og:image\" content=\"https:\/\/www.ditrag.es\/wp-content\/uploads\/2018\/07\/logo-ditrag-social.jpg\" \/>\n\t<meta property=\"og:image:width\" content=\"1200\" \/>\n\t<meta property=\"og:image:height\" content=\"1200\" \/>\n\t<meta property=\"og:image:type\" content=\"image\/jpeg\" \/>\n<meta name=\"twitter:card\" content=\"summary_large_image\" \/>\n<meta name=\"twitter:label1\" content=\"Temps estimat de lectura\" \/>\n\t<meta name=\"twitter:data1\" content=\"3 minuts\" \/>\n<script type=\"application\/ld+json\" class=\"yoast-schema-graph\">{\"@context\":\"https:\/\/schema.org\",\"@graph\":[{\"@type\":\"WebPage\",\"@id\":\"https:\/\/www.ditrag.es\/ca\/industria\/potabilitzacio-i-desinfeccio\",\"url\":\"https:\/\/www.ditrag.es\/ca\/industria\/potabilitzacio-i-desinfeccio\",\"name\":\"Potabilitzaci\u00f3 i desinfecci\u00f3 per l'aprofitament de l'aigua\",\"isPartOf\":{\"@id\":\"https:\/\/www.ditrag.es\/ca#website\"},\"datePublished\":\"2021-01-12T16:50:45+00:00\",\"dateModified\":\"2021-01-18T16:56:11+00:00\",\"description\":\"Implantaci\u00f3 de processos de potabilitzaci\u00f3 i desinfecci\u00f3 que permeten l'aprofitament de fonts d'aigua disponibles, superficials o subterr\u00e0nies.\",\"breadcrumb\":{\"@id\":\"https:\/\/www.ditrag.es\/ca\/industria\/potabilitzacio-i-desinfeccio#breadcrumb\"},\"inLanguage\":\"ca\",\"potentialAction\":[{\"@type\":\"ReadAction\",\"target\":[\"https:\/\/www.ditrag.es\/ca\/industria\/potabilitzacio-i-desinfeccio\"]}]},{\"@type\":\"BreadcrumbList\",\"@id\":\"https:\/\/www.ditrag.es\/ca\/industria\/potabilitzacio-i-desinfeccio#breadcrumb\",\"itemListElement\":[{\"@type\":\"ListItem\",\"position\":1,\"name\":\"Ind\u00fastria\",\"item\":\"https:\/\/www.ditrag.es\/ca\/industria\"},{\"@type\":\"ListItem\",\"position\":2,\"name\":\"Potabilitzaci\u00f3 i Desinfecci\u00f3\"}]},{\"@type\":\"WebSite\",\"@id\":\"https:\/\/www.ditrag.es\/ca#website\",\"url\":\"https:\/\/www.ditrag.es\/ca\",\"name\":\"Ditrag\",\"description\":\"Depuraci\u00f3n y tratamiento del agua\",\"publisher\":{\"@id\":\"https:\/\/www.ditrag.es\/ca#organization\"},\"potentialAction\":[{\"@type\":\"SearchAction\",\"target\":{\"@type\":\"EntryPoint\",\"urlTemplate\":\"https:\/\/www.ditrag.es\/ca?s={search_term_string}\"},\"query-input\":{\"@type\":\"PropertyValueSpecification\",\"valueRequired\":true,\"valueName\":\"search_term_string\"}}],\"inLanguage\":\"ca\"},{\"@type\":\"Organization\",\"@id\":\"https:\/\/www.ditrag.es\/ca#organization\",\"name\":\"Ditrag\",\"url\":\"https:\/\/www.ditrag.es\/ca\",\"logo\":{\"@type\":\"ImageObject\",\"inLanguage\":\"ca\",\"@id\":\"https:\/\/www.ditrag.es\/ca#\/schema\/logo\/image\/\",\"url\":\"https:\/\/www.ditrag.es\/wp-content\/uploads\/2018\/07\/logo-ditrag-social.jpg\",\"contentUrl\":\"https:\/\/www.ditrag.es\/wp-content\/uploads\/2018\/07\/logo-ditrag-social.jpg\",\"width\":1200,\"height\":1200,\"caption\":\"Ditrag\"},\"image\":{\"@id\":\"https:\/\/www.ditrag.es\/ca#\/schema\/logo\/image\/\"}}]}<\/script>\n<!-- \/ Yoast SEO plugin. -->","yoast_head_json":{"title":"Potabilitzaci\u00f3 i desinfecci\u00f3 per l'aprofitament de l'aigua","description":"Implantaci\u00f3 de processos de potabilitzaci\u00f3 i desinfecci\u00f3 que permeten l'aprofitament de fonts d'aigua disponibles, superficials o subterr\u00e0nies.","robots":{"index":"index","follow":"follow","max-snippet":"max-snippet:-1","max-image-preview":"max-image-preview:large","max-video-preview":"max-video-preview:-1"},"canonical":"https:\/\/www.ditrag.es\/ca\/industria\/potabilitzacio-i-desinfeccio","og_locale":"ca_ES","og_type":"article","og_title":"Potabilitzaci\u00f3 i desinfecci\u00f3 per l'aprofitament de l'aigua","og_description":"Implantaci\u00f3 de processos de potabilitzaci\u00f3 i desinfecci\u00f3 que permeten l'aprofitament de fonts d'aigua disponibles, superficials o subterr\u00e0nies.","og_url":"https:\/\/www.ditrag.es\/ca\/industria\/potabilitzacio-i-desinfeccio","og_site_name":"Ditrag","article_modified_time":"2021-01-18T16:56:11+00:00","og_image":[{"width":1200,"height":1200,"url":"https:\/\/www.ditrag.es\/wp-content\/uploads\/2018\/07\/logo-ditrag-social.jpg","type":"image\/jpeg"}],"twitter_card":"summary_large_image","twitter_misc":{"Temps estimat de lectura":"3 minuts"},"schema":{"@context":"https:\/\/schema.org","@graph":[{"@type":"WebPage","@id":"https:\/\/www.ditrag.es\/ca\/industria\/potabilitzacio-i-desinfeccio","url":"https:\/\/www.ditrag.es\/ca\/industria\/potabilitzacio-i-desinfeccio","name":"Potabilitzaci\u00f3 i desinfecci\u00f3 per l'aprofitament de l'aigua","isPartOf":{"@id":"https:\/\/www.ditrag.es\/ca#website"},"datePublished":"2021-01-12T16:50:45+00:00","dateModified":"2021-01-18T16:56:11+00:00","description":"Implantaci\u00f3 de processos de potabilitzaci\u00f3 i desinfecci\u00f3 que permeten l'aprofitament de fonts d'aigua disponibles, superficials o subterr\u00e0nies.","breadcrumb":{"@id":"https:\/\/www.ditrag.es\/ca\/industria\/potabilitzacio-i-desinfeccio#breadcrumb"},"inLanguage":"ca","potentialAction":[{"@type":"ReadAction","target":["https:\/\/www.ditrag.es\/ca\/industria\/potabilitzacio-i-desinfeccio"]}]},{"@type":"BreadcrumbList","@id":"https:\/\/www.ditrag.es\/ca\/industria\/potabilitzacio-i-desinfeccio#breadcrumb","itemListElement":[{"@type":"ListItem","position":1,"name":"Ind\u00fastria","item":"https:\/\/www.ditrag.es\/ca\/industria"},{"@type":"ListItem","position":2,"name":"Potabilitzaci\u00f3 i Desinfecci\u00f3"}]},{"@type":"WebSite","@id":"https:\/\/www.ditrag.es\/ca#website","url":"https:\/\/www.ditrag.es\/ca","name":"Ditrag","description":"Depuraci\u00f3n y tratamiento del agua","publisher":{"@id":"https:\/\/www.ditrag.es\/ca#organization"},"potentialAction":[{"@type":"SearchAction","target":{"@type":"EntryPoint","urlTemplate":"https:\/\/www.ditrag.es\/ca?s={search_term_string}"},"query-input":{"@type":"PropertyValueSpecification","valueRequired":true,"valueName":"search_term_string"}}],"inLanguage":"ca"},{"@type":"Organization","@id":"https:\/\/www.ditrag.es\/ca#organization","name":"Ditrag","url":"https:\/\/www.ditrag.es\/ca","logo":{"@type":"ImageObject","inLanguage":"ca","@id":"https:\/\/www.ditrag.es\/ca#\/schema\/logo\/image\/","url":"https:\/\/www.ditrag.es\/wp-content\/uploads\/2018\/07\/logo-ditrag-social.jpg","contentUrl":"https:\/\/www.ditrag.es\/wp-content\/uploads\/2018\/07\/logo-ditrag-social.jpg","width":1200,"height":1200,"caption":"Ditrag"},"image":{"@id":"https:\/\/www.ditrag.es\/ca#\/schema\/logo\/image\/"}}]}},"_links":{"self":[{"href":"https:\/\/www.ditrag.es\/ca\/wp-json\/wp\/v2\/pages\/73792","targetHints":{"allow":["GET"]}}],"collection":[{"href":"https:\/\/www.ditrag.es\/ca\/wp-json\/wp\/v2\/pages"}],"about":[{"href":"https:\/\/www.ditrag.es\/ca\/wp-json\/wp\/v2\/types\/page"}],"author":[{"embeddable":true,"href":"https:\/\/www.ditrag.es\/ca\/wp-json\/wp\/v2\/users\/3"}],"replies":[{"embeddable":true,"href":"https:\/\/www.ditrag.es\/ca\/wp-json\/wp\/v2\/comments?post=73792"}],"version-history":[{"count":4,"href":"https:\/\/www.ditrag.es\/ca\/wp-json\/wp\/v2\/pages\/73792\/revisions"}],"predecessor-version":[{"id":73965,"href":"https:\/\/www.ditrag.es\/ca\/wp-json\/wp\/v2\/pages\/73792\/revisions\/73965"}],"up":[{"embeddable":true,"href":"https:\/\/www.ditrag.es\/ca\/wp-json\/wp\/v2\/pages\/73779"}],"wp:attachment":[{"href":"https:\/\/www.ditrag.es\/ca\/wp-json\/wp\/v2\/media?parent=73792"}],"curies":[{"name":"wp","href":"https:\/\/api.w.org\/{rel}","templated":true}]}}