{"id":73795,"date":"2021-01-12T18:21:37","date_gmt":"2021-01-12T17:21:37","guid":{"rendered":"https:\/\/www.ditrag.es\/industria\/equips-de-mesura-i-control"},"modified":"2021-01-18T17:59:55","modified_gmt":"2021-01-18T16:59:55","slug":"equips-de-mesura-i-control","status":"publish","type":"page","link":"https:\/\/www.ditrag.es\/ca\/industria\/equips-de-mesura-i-control","title":{"rendered":"Equips de mesura i control"},"content":{"rendered":"<div class=\"wpb-content-wrapper\">[vc_row parallax=&#8221;content-moving&#8221; parallax_image=&#8221;72430&#8243; parallax_speed_bg=&#8221;45&#8243; type=&#8221;full_page_width&#8221; padding_top=&#8221;&#8221; padding_bottom=&#8221;&#8221; css=&#8221;.vc_custom_1594135005637{margin-bottom: 0px !important;background-image: url(http:\/\/www.ditrag.es\/wp-content\/uploads\/2017\/09\/opcion_bc_2.png?id=71529) !important;background-position: center;background-repeat: no-repeat !important;background-size: contain !important;}&#8221;][vc_column width=&#8221;1\/2&#8243;][vc_empty_space height=&#8221;160&#8243;][vc_custom_heading text=&#8221;Equips de mesurament i control de l\u00edquids i gasos B&amp;C ELECTRONICS \u2122&#8221; font_container=&#8221;tag:h1|font_size:32px|text_align:center|color:%23ffffff|line_height:35px&#8221; google_fonts=&#8221;font_family:Roboto%3A100%2C100italic%2C300%2C300italic%2Cregular%2Citalic%2C500%2C500italic%2C700%2C700italic%2C900%2C900italic|font_style:500%20bold%20italic%3A500%3Aitalic&#8221;][vc_empty_space height=&#8221;160&#8243;][\/vc_column][vc_column width=&#8221;1\/2&#8243;][\/vc_column][\/vc_row][vc_row type=&#8221;full_page_width_inner_container&#8221; padding_top=&#8221;&#8221; padding_bottom=&#8221;&#8221; css=&#8221;.vc_custom_1512844219463{margin-bottom: 0px !important;padding-top: 30px !important;background-color: #f5f5f5 !important;}&#8221; el_class=&#8221;overflow-visible&#8221;][vc_column][vc_custom_heading text=&#8221;Som distribu\u00efdors oficials a Espanya&#8221; font_container=&#8221;tag:h2|font_size:24|text_align:center|color:%23777777&#8243; use_theme_fonts=&#8221;yes&#8221;][vc_raw_html]PGRpdiBjbGFzcz0iZG93bl9hcnJvdyIgc3R5bGU9InRvcDogLTc1cHg7Ij48aSBjbGFzcz0iaW9uLWlvcy1hcnJvdy1kb3duIj48L2k+PC9kaXY+[\/vc_raw_html][vc_custom_heading text=&#8221;Efic\u00e0cia i qualitat en el mesurament i control de l\u00edquids i gasos&#8221; font_container=&#8221;tag:p|font_size:37|text_align:center|color:%231e1e1e|line_height:40px&#8221; google_fonts=&#8221;font_family:Roboto%3A100%2C100italic%2C300%2C300italic%2Cregular%2Citalic%2C500%2C500italic%2C700%2C700italic%2C900%2C900italic|font_style:300%20light%20regular%3A300%3Anormal&#8221; css_animation=&#8221;fadeInDown&#8221; css=&#8221;.vc_custom_1519316823172{margin-bottom: 5px !important;padding-top: 20px !important;padding-right: 50px !important;padding-left: 50px !important;}&#8221;][vc_row_inner css=&#8221;.vc_custom_1512846143640{margin-bottom: -20px !important;}&#8221;][vc_column_inner width=&#8221;1\/6&#8243;][\/vc_column_inner][vc_column_inner width=&#8221;2\/3&#8243;][vc_column_text css=&#8221;.vc_custom_1592842542989{margin-top: 15px !important;margin-bottom: 0px !important;}&#8221;]\n<p style=\"text-align: center;\"><span style=\"color: # 2bbabf;\"> <strong> B&amp;C Electronics\u00a0 ofereix <strong> equips de mesurament i control fiables <strong>, precisos i resistents,\u00a0 especialment indicats per a treballs de camp. Les caracter\u00edstiques t\u00e8cniques dels sensors i el rendiment de la majoria dels analitzadors els fan molt flexibles, apropiats per a aplicacions altament personalitzades.<br \/>\n[\/vc_column_text][vc_column_text css=&#8221;.vc_custom_1598633522637{margin-top: 15px !important;border-top-width: 1px !important;border-right-width: 1px !important;border-bottom-width: 1px !important;border-left-width: 1px !important;padding-top: 5px !important;padding-right: 5px !important;padding-bottom: 5px !important;padding-left: 5px !important;background-color: #2bbabf !important;background-position: center !important;background-repeat: no-repeat !important;background-size: cover !important;border-left-color: #555555 !important;border-right-color: #555555 !important;border-top-color: #555555 !important;border-bottom-color: #555555 !important;}&#8221;]<\/strong><\/strong><\/strong><\/span><\/p>\n<p style=\"color: #555555; text-align: center;\">Certificaci\u00f3\u00a0\u00a0ISO 9001:2000<\/p>\n[\/vc_column_text][\/vc_column_inner][vc_column_inner width=&#8221;1\/6&#8243;][\/vc_column_inner][\/vc_row_inner][vc_row_inner content_placement=&#8221;middle&#8221; css=&#8221;.vc_custom_1512845814008{padding-top: -30px !important;border-radius: 2px !important;}&#8221;][vc_column_inner offset=&#8221;vc_col-xs-6&#8243; css=&#8221;.vc_custom_1512845736979{padding-top: -30px !important;}&#8221;][\/vc_column_inner][\/vc_row_inner][vc_empty_space height=&#8221;19&#8243;][vc_row_inner content_placement=&#8221;top&#8221;][vc_column_inner width=&#8221;1\/3&#8243; css=&#8221;.vc_custom_1510050456830{margin-right: 10px !important;margin-left: 10px !important;}&#8221;][vc_column_text css=&#8221;.vc_custom_1593529484022{margin-bottom: -10px !important;border-bottom-width: -2px !important;}&#8221;]\n<p style=\"text-align: center;\">Accedeixi a tota la gama de productes disponibles.<\/p>\n[\/vc_column_text][vc_btn title=&#8221;Anar a PRODUCTES&#8221; style=&#8221;outline-custom&#8221; outline_custom_color=&#8221;#2bbabf&#8221; outline_custom_hover_background=&#8221;#2bbabf&#8221; outline_custom_hover_text=&#8221;#ffffff&#8221; align=&#8221;center&#8221; css_animation=&#8221;fadeInDown&#8221; button_block=&#8221;true&#8221; el_class=&#8221;button span { color:#858585;}. button:hover { background: rgba(0,0,0,0); color: #858585; box-shadow: inset 0 0 0 3px #3a7999; }&#8221; link=&#8221;url:http%3A%2F%2Fbc-electronics.it%2FProductos%2FelencoProdotti%3Fsezione%3D11|target:%20_blank|&#8221; css=&#8221;.vc_custom_1593621569324{border-radius: 2px !important;}&#8221;][vc_column_text]\n<p style=\"color: #858585; text-align: center;\">Analitzadors<\/p>\n<p style=\"color: #858585; text-align: center;\">Transmissors<\/p>\n<p style=\"color: #858585; text-align: center;\">Sondes i sensors<\/p>\n<p style=\"color: #858585; text-align: center;\">Sondes sortida anal\u00f2gica\/digital<\/p>\n<p style=\"color: #858585; text-align: center;\">Sondes multiparam\u00e8triques<\/p>\n<p style=\"text-align: center;\"><span class=\"collapseomatic \" id=\"id69e7a234a6adf\"  tabindex=\"0\" title=\"M\u00e9s\"    >M\u00e9s<\/span><div id=\"target-id69e7a234a6adf\" class=\"collapseomatic_content \">\n<p style=\"color: #858585; text-align: center;\">Port\u00e0tils<\/p>\n<p style=\"color: #858585; text-align: center;\">Detectors de gasos<\/p>\n<p style=\"color: #858585; text-align: center;\">Contadors d&#8217;Amperis\/hora<\/p>\n<p style=\"color: #858585; text-align: center;\">Accessoris<\/p>\n<p style=\"text-align: center;\"><\/div>\n[\/vc_column_text][\/vc_column_inner][vc_column_inner width=&#8221;1\/3&#8243; css=&#8221;.vc_custom_1510050423548{margin-right: 10px !important;margin-left: 10px !important;}&#8221;][vc_column_text css=&#8221;.vc_custom_1593529558101{margin-bottom: -10px !important;border-bottom-width: -2px !important;}&#8221;]\n<p style=\"text-align: center;\">Trieu equip segons par\u00e0metres de mesurament i control.<br \/>\n[\/vc_column_text][vc_btn title=&#8221;Anar a MESURAMENT&#8221; style=&#8221;outline-custom&#8221; outline_custom_color=&#8221;#2bbabf&#8221; outline_custom_hover_background=&#8221;#2bbabf&#8221; outline_custom_hover_text=&#8221;#ffffff&#8221; align=&#8221;center&#8221; css_animation=&#8221;fadeInDown&#8221; button_block=&#8221;true&#8221; el_class=&#8221;button span { color:#858585;}. button:hover { background: rgba(0,0,0,0); color: #858585; box-shadow: inset 0 0 0 3px #3a7999; }&#8221; link=&#8221;url:http%3A%2F%2Fbc-electronics.it%2FMedici%25C3%25B3n%2FelencoProdotti%3Fsezione%3D12|target:%20_blank|&#8221;][vc_column_text]\n<p style=\"color: #858585; text-align: center;\">Amperi\/hora<\/p>\n<p style=\"color: #858585; text-align: center;\">Di\u00f2xid de clor residual<\/p>\n<p style=\"color: #858585; text-align: center;\">Clor lliure residual<\/p>\n<p style=\"color: #858585; text-align: center;\">Clor total residual<\/p>\n<p style=\"color: #858585; text-align: center;\">Conductivitat<\/p>\n<p style=\"text-align: center;\"><span class=\"collapseomatic \" id=\"id69e7a234a6c01\"  tabindex=\"0\" title=\"M\u00e9s\"    >M\u00e9s<\/span><div id=\"target-id69e7a234a6c01\" class=\"collapseomatic_content \">\n<p style=\"color: #858585; text-align: center;\">Gasos t\u00f2xics<\/p>\n<p style=\"color: #858585; text-align: center;\">Ions espec\u00edfics Oxigen dissolt<\/p>\n<p style=\"color: #858585; text-align: center;\">Oz\u00f3 dissolt residual<\/p>\n<p style=\"color: #858585; text-align: center;\">pH<\/p>\n<p style=\"color: #858585; text-align: center;\">R\u00e9dox<\/p>\n<p style=\"color: #858585; text-align: center;\">Resistivitat<\/p>\n<p style=\"color: #858585; text-align: center;\">S\u00f2lits en suspensi\u00f3<\/p>\n<p style=\"color: #858585; text-align: center;\">TDS<\/p>\n<p style=\"color: #858585; text-align: center;\">Temperatura<\/p>\n<p style=\"color: #858585; text-align: center;\">Turbidesa<\/p>\n<p style=\"text-align: center;\"><\/div>\n[\/vc_column_text][\/vc_column_inner][vc_column_inner width=&#8221;1\/3&#8243; css=&#8221;.vc_custom_1510050446640{margin-right: 10px !important;margin-left: 10px !important;}&#8221;][vc_column_text css=&#8221;.vc_custom_1593529700872{margin-bottom: -10px !important;border-bottom-width: -2px !important;}&#8221;]\n<p style=\"text-align: center;\">Esculli els equips segons el sector d&#8217;activitat<br \/>\n[\/vc_column_text][vc_btn title=&#8221;Anar a APLICACIONS&#8221; style=&#8221;outline-custom&#8221; outline_custom_color=&#8221;#2bbabf&#8221; outline_custom_hover_background=&#8221;#2bbabf&#8221; outline_custom_hover_text=&#8221;#ffffff&#8221; align=&#8221;center&#8221; css_animation=&#8221;fadeInDown&#8221; button_block=&#8221;true&#8221; el_class=&#8221;button span { color:#858585;}. button:hover { background: rgba(0,0,0,0); color: #858585; box-shadow: inset 0 0 0 3px #3a7999; }&#8221; link=&#8221;url:http%3A%2F%2Fbc-electronics.it%2FApplicaciones%2FelencoProdotti%3Fsezione%3D13|target:%20_blank|&#8221;][vc_column_text]\n<p style=\"color: #858585; text-align: center;\">Aquicultura<\/p>\n<p style=\"color: #858585; text-align: center;\">Aig\u00fces primaries<\/p>\n<p style=\"color: #858585; text-align: center;\">Biotecnologia<\/p>\n<p style=\"color: #858585; text-align: center;\">Geologia<\/p>\n<p style=\"color: #858585; text-align: center;\">Ind\u00fastria alimentaria<\/p>\n<p style=\"text-align: center;\"><span class=\"collapseomatic \" id=\"id69e7a234a6c7a\"  tabindex=\"0\" title=\"M\u00e9s\"    >M\u00e9s<\/span><div id=\"target-id69e7a234a6c7a\" class=\"collapseomatic_content \">\n<p style=\"color: #858585; text-align: center;\">Ind\u00fastria paperera<\/p>\n<p style=\"color: #858585; text-align: center;\">Aquicultura<\/p>\n<p style=\"color: #858585; text-align: center;\">Ind\u00fastria farmac\u00e8utica<\/p>\n<p style=\"color: #858585; text-align: center;\">Ind\u00fastria galv\u00e0nica<\/p>\n<p style=\"color: #858585; text-align: center;\">Ind\u00fastria gr\u00e0fica<\/p>\n<p style=\"color: #858585; text-align: center;\">Ind\u00fastria t\u00e8xtil<\/p>\n<p style=\"color: #858585; text-align: center;\">Reg \/ Agricultura<\/p>\n<p style=\"color: #858585; text-align: center;\">Laboratoris<\/p>\n<p style=\"color: #858585; text-align: center;\">Monitoritzaci\u00f3 d&#8217;aig\u00fces subterr\u00e0nies<\/p>\n<p style=\"color: #858585; text-align: center;\">Monitoritzaci\u00f3 ambiental<\/p>\n<p style=\"color: #858585; text-align: center;\">Piscines<\/p>\n<p style=\"color: #858585; text-align: center;\">Seguretat<\/p>\n<p style=\"color: #858585; text-align: center;\">Tractament d&#8217;aig\u00fces<\/p>\n<p style=\"color: #858585; text-align: center;\">Tractament de superf\u00edcies<\/p>\n<p style=\"color: #858585; text-align: center;\">Universitats i investigaci\u00f3<\/p>\n<p style=\"text-align: center;\"><\/div>\n[\/vc_column_text][\/vc_column_inner][\/vc_row_inner][vc_empty_space height=&#8221;20&#8243;][vc_empty_space][\/vc_column][\/vc_row][vc_row type=&#8221;container&#8221; padding_top=&#8221;&#8221; padding_bottom=&#8221;&#8221;][vc_column][vc_custom_heading text=&#8221;Destacats&#8221; font_container=&#8221;tag:h2|font_size:34|text_align:center|color:%232bbabf&#8221; google_fonts=&#8221;font_family:Roboto%3A100%2C100italic%2C300%2C300italic%2Cregular%2Citalic%2C500%2C500italic%2C700%2C700italic%2C900%2C900italic|font_style:300%20light%20regular%3A300%3Anormal&#8221;][vc_media_grid element_width=&#8221;3&#8243; gap=&#8221;25&#8243; item=&#8221;masonryMedia_SimpleOverlay&#8221; grid_id=&#8221;vc_gid:1598633456996-02364700-8f6b-2&#8243; include=&#8221;72597,72646,72604,72601&#8243;][\/vc_column][\/vc_row][vc_row type=&#8221;container&#8221; padding_top=&#8221;&#8221; padding_bottom=&#8221;&#8221;][vc_column][\/vc_column][\/vc_row][vc_row type=&#8221;container&#8221; padding_top=&#8221;&#8221; padding_bottom=&#8221;&#8221;][vc_column][vc_btn title=&#8221;Anar a web B&amp;C Electronics&#8221; style=&#8221;outline-custom&#8221; outline_custom_color=&#8221;#2bbabf&#8221; outline_custom_hover_background=&#8221;#2bbabf&#8221; outline_custom_hover_text=&#8221;#ffffff&#8221; align=&#8221;center&#8221; link=&#8221;url:https%3A%2F%2Fwww.bc-electronics.it%2Fhome|title:B%26C%20Electronics|target:%20_blank|&#8221;][\/vc_column][\/vc_row]\n<\/div>","protected":false},"excerpt":{"rendered":"<p>[vc_row parallax=&#8221;content-moving&#8221; parallax_image=&#8221;72430&#8243; parallax_speed_bg=&#8221;45&#8243; type=&#8221;full_page_width&#8221; padding_top=&#8221;&#8221; padding_bottom=&#8221;&#8221; css=&#8221;.vc_custom_1594135005637{margin-bottom: 0px !important;background-image: url(http:\/\/www.ditrag.es\/wp-content\/uploads\/2017\/09\/opcion_bc_2.png?id=71529) !important;background-position: center;background-repeat: no-repeat !important;background-size: contain !important;}&#8221;][vc_column width=&#8221;1\/2&#8243;][vc_empty_space height=&#8221;160&#8243;][vc_custom_heading text=&#8221;Equips de mesurament i control de l\u00edquids i gasos B&amp;C ELECTRONICS \u2122&#8221; font_container=&#8221;tag:h1|font_size:32px|text_align:center|color:%23ffffff|line_height:35px&#8221; google_fonts=&#8221;font_family:Roboto%3A100%2C100italic%2C300%2C300italic%2Cregular%2Citalic%2C500%2C500italic%2C700%2C700italic%2C900%2C900italic|font_style:500%20bold%20italic%3A500%3Aitalic&#8221;][vc_empty_space height=&#8221;160&#8243;][\/vc_column][vc_column width=&#8221;1\/2&#8243;][\/vc_column][\/vc_row][vc_row type=&#8221;full_page_width_inner_container&#8221; padding_top=&#8221;&#8221; padding_bottom=&#8221;&#8221; css=&#8221;.vc_custom_1512844219463{margin-bottom: 0px !important;padding-top: 30px !important;background-color: #f5f5f5 !important;}&#8221; el_class=&#8221;overflow-visible&#8221;][vc_column][vc_custom_heading text=&#8221;Som distribu\u00efdors oficials a Espanya&#8221; font_container=&#8221;tag:h2|font_size:24|text_align:center|color:%23777777&#8243; use_theme_fonts=&#8221;yes&#8221;][vc_raw_html]PGRpdiBjbGFzcz0iZG93bl9hcnJvdyIgc3R5bGU9InRvcDogLTc1cHg7Ij48aSBjbGFzcz0iaW9uLWlvcy1hcnJvdy1kb3duIj48L2k+PC9kaXY+[\/vc_raw_html][vc_custom_heading text=&#8221;Efic\u00e0cia i [&hellip;]<\/p>\n","protected":false},"author":3,"featured_media":0,"parent":73779,"menu_order":5,"comment_status":"closed","ping_status":"closed","template":"page-full-width.php","meta":{"_acf_changed":false,"footnotes":""},"class_list":["post-73795","page","type-page","status-publish","hentry"],"acf":[],"yoast_head":"<!-- This site is optimized with the Yoast SEO plugin v24.0 - https:\/\/yoast.com\/wordpress\/plugins\/seo\/ -->\n<title>Equips de mesura i control de processos B&amp;C Electronics<\/title>\n<meta name=\"description\" content=\"Som distribu\u00efdors a Espanya dels equips de mesura i control de processos B&amp;C Electronics. Efic\u00e0cia i qualitat en el mesurament.\" \/>\n<meta name=\"robots\" content=\"index, follow, max-snippet:-1, max-image-preview:large, max-video-preview:-1\" \/>\n<link rel=\"canonical\" href=\"https:\/\/www.ditrag.es\/ca\/industria\/equips-de-mesura-i-control\" \/>\n<meta property=\"og:locale\" content=\"ca_ES\" \/>\n<meta property=\"og:type\" content=\"article\" \/>\n<meta property=\"og:title\" content=\"Equips de mesura i control de processos B&amp;C Electronics\" \/>\n<meta property=\"og:description\" content=\"Som distribu\u00efdors a Espanya dels equips de mesura i control de processos B&amp;C Electronics. Efic\u00e0cia i qualitat en el mesurament.\" \/>\n<meta property=\"og:url\" content=\"https:\/\/www.ditrag.es\/ca\/industria\/equips-de-mesura-i-control\" \/>\n<meta property=\"og:site_name\" content=\"Ditrag\" \/>\n<meta property=\"article:modified_time\" content=\"2021-01-18T16:59:55+00:00\" \/>\n<meta property=\"og:image\" content=\"https:\/\/www.ditrag.es\/wp-content\/uploads\/2018\/07\/logo-ditrag-social.jpg\" \/>\n\t<meta property=\"og:image:width\" content=\"1200\" \/>\n\t<meta property=\"og:image:height\" content=\"1200\" \/>\n\t<meta property=\"og:image:type\" content=\"image\/jpeg\" \/>\n<meta name=\"twitter:card\" content=\"summary_large_image\" \/>\n<meta name=\"twitter:label1\" content=\"Temps estimat de lectura\" \/>\n\t<meta name=\"twitter:data1\" content=\"5 minuts\" \/>\n<script type=\"application\/ld+json\" class=\"yoast-schema-graph\">{\"@context\":\"https:\/\/schema.org\",\"@graph\":[{\"@type\":\"WebPage\",\"@id\":\"https:\/\/www.ditrag.es\/ca\/industria\/equips-de-mesura-i-control\",\"url\":\"https:\/\/www.ditrag.es\/ca\/industria\/equips-de-mesura-i-control\",\"name\":\"Equips de mesura i control de processos B&C Electronics\",\"isPartOf\":{\"@id\":\"https:\/\/www.ditrag.es\/ca#website\"},\"datePublished\":\"2021-01-12T17:21:37+00:00\",\"dateModified\":\"2021-01-18T16:59:55+00:00\",\"description\":\"Som distribu\u00efdors a Espanya dels equips de mesura i control de processos B&C Electronics. Efic\u00e0cia i qualitat en el mesurament.\",\"breadcrumb\":{\"@id\":\"https:\/\/www.ditrag.es\/ca\/industria\/equips-de-mesura-i-control#breadcrumb\"},\"inLanguage\":\"ca\",\"potentialAction\":[{\"@type\":\"ReadAction\",\"target\":[\"https:\/\/www.ditrag.es\/ca\/industria\/equips-de-mesura-i-control\"]}]},{\"@type\":\"BreadcrumbList\",\"@id\":\"https:\/\/www.ditrag.es\/ca\/industria\/equips-de-mesura-i-control#breadcrumb\",\"itemListElement\":[{\"@type\":\"ListItem\",\"position\":1,\"name\":\"Ind\u00fastria\",\"item\":\"https:\/\/www.ditrag.es\/ca\/industria\"},{\"@type\":\"ListItem\",\"position\":2,\"name\":\"Equips de mesura i control\"}]},{\"@type\":\"WebSite\",\"@id\":\"https:\/\/www.ditrag.es\/ca#website\",\"url\":\"https:\/\/www.ditrag.es\/ca\",\"name\":\"Ditrag\",\"description\":\"Depuraci\u00f3n y tratamiento del agua\",\"publisher\":{\"@id\":\"https:\/\/www.ditrag.es\/ca#organization\"},\"potentialAction\":[{\"@type\":\"SearchAction\",\"target\":{\"@type\":\"EntryPoint\",\"urlTemplate\":\"https:\/\/www.ditrag.es\/ca?s={search_term_string}\"},\"query-input\":{\"@type\":\"PropertyValueSpecification\",\"valueRequired\":true,\"valueName\":\"search_term_string\"}}],\"inLanguage\":\"ca\"},{\"@type\":\"Organization\",\"@id\":\"https:\/\/www.ditrag.es\/ca#organization\",\"name\":\"Ditrag\",\"url\":\"https:\/\/www.ditrag.es\/ca\",\"logo\":{\"@type\":\"ImageObject\",\"inLanguage\":\"ca\",\"@id\":\"https:\/\/www.ditrag.es\/ca#\/schema\/logo\/image\/\",\"url\":\"https:\/\/www.ditrag.es\/wp-content\/uploads\/2018\/07\/logo-ditrag-social.jpg\",\"contentUrl\":\"https:\/\/www.ditrag.es\/wp-content\/uploads\/2018\/07\/logo-ditrag-social.jpg\",\"width\":1200,\"height\":1200,\"caption\":\"Ditrag\"},\"image\":{\"@id\":\"https:\/\/www.ditrag.es\/ca#\/schema\/logo\/image\/\"}}]}<\/script>\n<!-- \/ Yoast SEO plugin. -->","yoast_head_json":{"title":"Equips de mesura i control de processos B&C Electronics","description":"Som distribu\u00efdors a Espanya dels equips de mesura i control de processos B&C Electronics. Efic\u00e0cia i qualitat en el mesurament.","robots":{"index":"index","follow":"follow","max-snippet":"max-snippet:-1","max-image-preview":"max-image-preview:large","max-video-preview":"max-video-preview:-1"},"canonical":"https:\/\/www.ditrag.es\/ca\/industria\/equips-de-mesura-i-control","og_locale":"ca_ES","og_type":"article","og_title":"Equips de mesura i control de processos B&C Electronics","og_description":"Som distribu\u00efdors a Espanya dels equips de mesura i control de processos B&C Electronics. Efic\u00e0cia i qualitat en el mesurament.","og_url":"https:\/\/www.ditrag.es\/ca\/industria\/equips-de-mesura-i-control","og_site_name":"Ditrag","article_modified_time":"2021-01-18T16:59:55+00:00","og_image":[{"width":1200,"height":1200,"url":"https:\/\/www.ditrag.es\/wp-content\/uploads\/2018\/07\/logo-ditrag-social.jpg","type":"image\/jpeg"}],"twitter_card":"summary_large_image","twitter_misc":{"Temps estimat de lectura":"5 minuts"},"schema":{"@context":"https:\/\/schema.org","@graph":[{"@type":"WebPage","@id":"https:\/\/www.ditrag.es\/ca\/industria\/equips-de-mesura-i-control","url":"https:\/\/www.ditrag.es\/ca\/industria\/equips-de-mesura-i-control","name":"Equips de mesura i control de processos B&C Electronics","isPartOf":{"@id":"https:\/\/www.ditrag.es\/ca#website"},"datePublished":"2021-01-12T17:21:37+00:00","dateModified":"2021-01-18T16:59:55+00:00","description":"Som distribu\u00efdors a Espanya dels equips de mesura i control de processos B&C Electronics. Efic\u00e0cia i qualitat en el mesurament.","breadcrumb":{"@id":"https:\/\/www.ditrag.es\/ca\/industria\/equips-de-mesura-i-control#breadcrumb"},"inLanguage":"ca","potentialAction":[{"@type":"ReadAction","target":["https:\/\/www.ditrag.es\/ca\/industria\/equips-de-mesura-i-control"]}]},{"@type":"BreadcrumbList","@id":"https:\/\/www.ditrag.es\/ca\/industria\/equips-de-mesura-i-control#breadcrumb","itemListElement":[{"@type":"ListItem","position":1,"name":"Ind\u00fastria","item":"https:\/\/www.ditrag.es\/ca\/industria"},{"@type":"ListItem","position":2,"name":"Equips de mesura i control"}]},{"@type":"WebSite","@id":"https:\/\/www.ditrag.es\/ca#website","url":"https:\/\/www.ditrag.es\/ca","name":"Ditrag","description":"Depuraci\u00f3n y tratamiento del agua","publisher":{"@id":"https:\/\/www.ditrag.es\/ca#organization"},"potentialAction":[{"@type":"SearchAction","target":{"@type":"EntryPoint","urlTemplate":"https:\/\/www.ditrag.es\/ca?s={search_term_string}"},"query-input":{"@type":"PropertyValueSpecification","valueRequired":true,"valueName":"search_term_string"}}],"inLanguage":"ca"},{"@type":"Organization","@id":"https:\/\/www.ditrag.es\/ca#organization","name":"Ditrag","url":"https:\/\/www.ditrag.es\/ca","logo":{"@type":"ImageObject","inLanguage":"ca","@id":"https:\/\/www.ditrag.es\/ca#\/schema\/logo\/image\/","url":"https:\/\/www.ditrag.es\/wp-content\/uploads\/2018\/07\/logo-ditrag-social.jpg","contentUrl":"https:\/\/www.ditrag.es\/wp-content\/uploads\/2018\/07\/logo-ditrag-social.jpg","width":1200,"height":1200,"caption":"Ditrag"},"image":{"@id":"https:\/\/www.ditrag.es\/ca#\/schema\/logo\/image\/"}}]}},"_links":{"self":[{"href":"https:\/\/www.ditrag.es\/ca\/wp-json\/wp\/v2\/pages\/73795","targetHints":{"allow":["GET"]}}],"collection":[{"href":"https:\/\/www.ditrag.es\/ca\/wp-json\/wp\/v2\/pages"}],"about":[{"href":"https:\/\/www.ditrag.es\/ca\/wp-json\/wp\/v2\/types\/page"}],"author":[{"embeddable":true,"href":"https:\/\/www.ditrag.es\/ca\/wp-json\/wp\/v2\/users\/3"}],"replies":[{"embeddable":true,"href":"https:\/\/www.ditrag.es\/ca\/wp-json\/wp\/v2\/comments?post=73795"}],"version-history":[{"count":11,"href":"https:\/\/www.ditrag.es\/ca\/wp-json\/wp\/v2\/pages\/73795\/revisions"}],"predecessor-version":[{"id":73919,"href":"https:\/\/www.ditrag.es\/ca\/wp-json\/wp\/v2\/pages\/73795\/revisions\/73919"}],"up":[{"embeddable":true,"href":"https:\/\/www.ditrag.es\/ca\/wp-json\/wp\/v2\/pages\/73779"}],"wp:attachment":[{"href":"https:\/\/www.ditrag.es\/ca\/wp-json\/wp\/v2\/media?parent=73795"}],"curies":[{"name":"wp","href":"https:\/\/api.w.org\/{rel}","templated":true}]}}